{"id":471,"date":"2024-08-17T04:34:45","date_gmt":"2024-08-17T04:34:45","guid":{"rendered":"https:\/\/sistecma.com.pe\/?post_type=product&#038;p=471"},"modified":"2024-08-27T23:38:17","modified_gmt":"2024-08-27T23:38:17","slug":"aqt-aqt-560","status":"publish","type":"product","link":"https:\/\/sistecma.com.pe\/?product=aqt-aqt-560","title":{"rendered":"AQT &#8211; AQT 560"},"content":{"rendered":"<p>Facilita el monitoreo de la contaminaci\u00f3n del aire de la forma m\u00e1s rentable. Esta generacional salto en la detecci\u00f3n de la calidad del aire le brinda una imagen de mayor resoluci\u00f3n de las condiciones de la calidad del aire, con puntos de datos m\u00e1s precisos para hacer sus mediciones m\u00e1s precisas. El sensor de calidad del aire ha sido probado exhaustivamente para funcionar en una amplia gama de entornos y condiciones, incluso en tormentas de arena<\/p>\n","protected":false},"excerpt":{"rendered":"<p>Facilita el monitoreo de la contaminaci\u00f3n del aire de la forma m\u00e1s rentable. Esta generacional salto en la detecci\u00f3n de la calidad del aire le brinda una imagen de mayor resoluci\u00f3n de las condiciones de la calidad del aire, con puntos de datos m\u00e1s precisos para hacer sus mediciones m\u00e1s precisas. El sensor de calidad del aire ha sido probado exhaustivamente para funcionar en una amplia gama de entornos y condiciones, incluso en tormentas de arena<\/p>\n","protected":false},"featured_media":513,"comment_status":"open","ping_status":"closed","template":"","meta":{"_joinchat":[]},"product_cat":[40],"product_tag":[41],"class_list":{"0":"post-471","1":"product","2":"type-product","3":"status-publish","4":"has-post-thumbnail","6":"product_cat-calidad-de-aire","7":"product_tag-calidad-del-aire","9":"first","10":"instock","11":"shipping-taxable","12":"product-type-simple"},"yoast_head":"<!-- This site is optimized with the Yoast SEO plugin v23.7 - https:\/\/yoast.com\/wordpress\/plugins\/seo\/ -->\n<title>AQT - AQT 560 - SISTECMA<\/title>\n<meta name=\"robots\" content=\"index, follow, max-snippet:-1, max-image-preview:large, max-video-preview:-1\" \/>\n<link rel=\"canonical\" href=\"https:\/\/sistecma.com.pe\/?product=aqt-aqt-560\" \/>\n<meta property=\"og:locale\" content=\"es_ES\" \/>\n<meta property=\"og:type\" content=\"article\" \/>\n<meta property=\"og:title\" content=\"AQT - AQT 560 - SISTECMA\" \/>\n<meta property=\"og:description\" content=\"Facilita el monitoreo de la contaminaci\u00f3n del aire de la forma m\u00e1s rentable. Esta generacional salto en la detecci\u00f3n de la calidad del aire le brinda una imagen de mayor resoluci\u00f3n de las condiciones de la calidad del aire, con puntos de datos m\u00e1s precisos para hacer sus mediciones m\u00e1s precisas. El sensor de calidad del aire ha sido probado exhaustivamente para funcionar en una amplia gama de entornos y condiciones, incluso en tormentas de arena\" \/>\n<meta property=\"og:url\" content=\"https:\/\/sistecma.com.pe\/?product=aqt-aqt-560\" \/>\n<meta property=\"og:site_name\" content=\"SISTECMA\" \/>\n<meta property=\"article:modified_time\" content=\"2024-08-27T23:38:17+00:00\" \/>\n<meta property=\"og:image\" content=\"https:\/\/sistecma.com.pe\/wp-content\/uploads\/2024\/08\/AQT560.jpg\" \/>\n\t<meta property=\"og:image:width\" content=\"800\" \/>\n\t<meta property=\"og:image:height\" content=\"450\" \/>\n\t<meta property=\"og:image:type\" content=\"image\/jpeg\" \/>\n<meta name=\"twitter:card\" content=\"summary_large_image\" \/>\n<meta name=\"twitter:label1\" content=\"Est. reading time\" \/>\n\t<meta name=\"twitter:data1\" content=\"1 minuto\" \/>\n<script type=\"application\/ld+json\" class=\"yoast-schema-graph\">{\"@context\":\"https:\/\/schema.org\",\"@graph\":[{\"@type\":\"WebPage\",\"@id\":\"https:\/\/sistecma.com.pe\/?product=aqt-aqt-560\",\"url\":\"https:\/\/sistecma.com.pe\/?product=aqt-aqt-560\",\"name\":\"AQT - AQT 560 - SISTECMA\",\"isPartOf\":{\"@id\":\"https:\/\/sistecma.com.pe\/#website\"},\"primaryImageOfPage\":{\"@id\":\"https:\/\/sistecma.com.pe\/?product=aqt-aqt-560#primaryimage\"},\"image\":{\"@id\":\"https:\/\/sistecma.com.pe\/?product=aqt-aqt-560#primaryimage\"},\"thumbnailUrl\":\"https:\/\/sistecma.com.pe\/wp-content\/uploads\/2024\/08\/AQT560.jpg\",\"datePublished\":\"2024-08-17T04:34:45+00:00\",\"dateModified\":\"2024-08-27T23:38:17+00:00\",\"breadcrumb\":{\"@id\":\"https:\/\/sistecma.com.pe\/?product=aqt-aqt-560#breadcrumb\"},\"inLanguage\":\"es-PE\",\"potentialAction\":[{\"@type\":\"ReadAction\",\"target\":[\"https:\/\/sistecma.com.pe\/?product=aqt-aqt-560\"]}]},{\"@type\":\"ImageObject\",\"inLanguage\":\"es-PE\",\"@id\":\"https:\/\/sistecma.com.pe\/?product=aqt-aqt-560#primaryimage\",\"url\":\"https:\/\/sistecma.com.pe\/wp-content\/uploads\/2024\/08\/AQT560.jpg\",\"contentUrl\":\"https:\/\/sistecma.com.pe\/wp-content\/uploads\/2024\/08\/AQT560.jpg\",\"width\":800,\"height\":450},{\"@type\":\"BreadcrumbList\",\"@id\":\"https:\/\/sistecma.com.pe\/?product=aqt-aqt-560#breadcrumb\",\"itemListElement\":[{\"@type\":\"ListItem\",\"position\":1,\"name\":\"Home\",\"item\":\"https:\/\/sistecma.com.pe\/\"},{\"@type\":\"ListItem\",\"position\":2,\"name\":\"Products\",\"item\":\"https:\/\/sistecma.com.pe\/?post_type=product\"},{\"@type\":\"ListItem\",\"position\":3,\"name\":\"AQT &#8211; AQT 560\"}]},{\"@type\":\"WebSite\",\"@id\":\"https:\/\/sistecma.com.pe\/#website\",\"url\":\"https:\/\/sistecma.com.pe\/\",\"name\":\"SISTECMA\",\"description\":\"\",\"potentialAction\":[{\"@type\":\"SearchAction\",\"target\":{\"@type\":\"EntryPoint\",\"urlTemplate\":\"https:\/\/sistecma.com.pe\/?s={search_term_string}\"},\"query-input\":{\"@type\":\"PropertyValueSpecification\",\"valueRequired\":true,\"valueName\":\"search_term_string\"}}],\"inLanguage\":\"es-PE\"}]}<\/script>\n<!-- \/ Yoast SEO plugin. -->","yoast_head_json":{"title":"AQT - AQT 560 - SISTECMA","robots":{"index":"index","follow":"follow","max-snippet":"max-snippet:-1","max-image-preview":"max-image-preview:large","max-video-preview":"max-video-preview:-1"},"canonical":"https:\/\/sistecma.com.pe\/?product=aqt-aqt-560","og_locale":"es_ES","og_type":"article","og_title":"AQT - AQT 560 - SISTECMA","og_description":"Facilita el monitoreo de la contaminaci\u00f3n del aire de la forma m\u00e1s rentable. Esta generacional salto en la detecci\u00f3n de la calidad del aire le brinda una imagen de mayor resoluci\u00f3n de las condiciones de la calidad del aire, con puntos de datos m\u00e1s precisos para hacer sus mediciones m\u00e1s precisas. El sensor de calidad del aire ha sido probado exhaustivamente para funcionar en una amplia gama de entornos y condiciones, incluso en tormentas de arena","og_url":"https:\/\/sistecma.com.pe\/?product=aqt-aqt-560","og_site_name":"SISTECMA","article_modified_time":"2024-08-27T23:38:17+00:00","og_image":[{"width":800,"height":450,"url":"https:\/\/sistecma.com.pe\/wp-content\/uploads\/2024\/08\/AQT560.jpg","type":"image\/jpeg"}],"twitter_card":"summary_large_image","twitter_misc":{"Est. reading time":"1 minuto"},"schema":{"@context":"https:\/\/schema.org","@graph":[{"@type":"WebPage","@id":"https:\/\/sistecma.com.pe\/?product=aqt-aqt-560","url":"https:\/\/sistecma.com.pe\/?product=aqt-aqt-560","name":"AQT - AQT 560 - SISTECMA","isPartOf":{"@id":"https:\/\/sistecma.com.pe\/#website"},"primaryImageOfPage":{"@id":"https:\/\/sistecma.com.pe\/?product=aqt-aqt-560#primaryimage"},"image":{"@id":"https:\/\/sistecma.com.pe\/?product=aqt-aqt-560#primaryimage"},"thumbnailUrl":"https:\/\/sistecma.com.pe\/wp-content\/uploads\/2024\/08\/AQT560.jpg","datePublished":"2024-08-17T04:34:45+00:00","dateModified":"2024-08-27T23:38:17+00:00","breadcrumb":{"@id":"https:\/\/sistecma.com.pe\/?product=aqt-aqt-560#breadcrumb"},"inLanguage":"es-PE","potentialAction":[{"@type":"ReadAction","target":["https:\/\/sistecma.com.pe\/?product=aqt-aqt-560"]}]},{"@type":"ImageObject","inLanguage":"es-PE","@id":"https:\/\/sistecma.com.pe\/?product=aqt-aqt-560#primaryimage","url":"https:\/\/sistecma.com.pe\/wp-content\/uploads\/2024\/08\/AQT560.jpg","contentUrl":"https:\/\/sistecma.com.pe\/wp-content\/uploads\/2024\/08\/AQT560.jpg","width":800,"height":450},{"@type":"BreadcrumbList","@id":"https:\/\/sistecma.com.pe\/?product=aqt-aqt-560#breadcrumb","itemListElement":[{"@type":"ListItem","position":1,"name":"Home","item":"https:\/\/sistecma.com.pe\/"},{"@type":"ListItem","position":2,"name":"Products","item":"https:\/\/sistecma.com.pe\/?post_type=product"},{"@type":"ListItem","position":3,"name":"AQT &#8211; AQT 560"}]},{"@type":"WebSite","@id":"https:\/\/sistecma.com.pe\/#website","url":"https:\/\/sistecma.com.pe\/","name":"SISTECMA","description":"","potentialAction":[{"@type":"SearchAction","target":{"@type":"EntryPoint","urlTemplate":"https:\/\/sistecma.com.pe\/?s={search_term_string}"},"query-input":{"@type":"PropertyValueSpecification","valueRequired":true,"valueName":"search_term_string"}}],"inLanguage":"es-PE"}]}},"_links":{"self":[{"href":"https:\/\/sistecma.com.pe\/index.php?rest_route=\/wp\/v2\/product\/471","targetHints":{"allow":["GET"]}}],"collection":[{"href":"https:\/\/sistecma.com.pe\/index.php?rest_route=\/wp\/v2\/product"}],"about":[{"href":"https:\/\/sistecma.com.pe\/index.php?rest_route=\/wp\/v2\/types\/product"}],"replies":[{"embeddable":true,"href":"https:\/\/sistecma.com.pe\/index.php?rest_route=%2Fwp%2Fv2%2Fcomments&post=471"}],"wp:featuredmedia":[{"embeddable":true,"href":"https:\/\/sistecma.com.pe\/index.php?rest_route=\/wp\/v2\/media\/513"}],"wp:attachment":[{"href":"https:\/\/sistecma.com.pe\/index.php?rest_route=%2Fwp%2Fv2%2Fmedia&parent=471"}],"wp:term":[{"taxonomy":"product_cat","embeddable":true,"href":"https:\/\/sistecma.com.pe\/index.php?rest_route=%2Fwp%2Fv2%2Fproduct_cat&post=471"},{"taxonomy":"product_tag","embeddable":true,"href":"https:\/\/sistecma.com.pe\/index.php?rest_route=%2Fwp%2Fv2%2Fproduct_tag&post=471"}],"curies":[{"name":"wp","href":"https:\/\/api.w.org\/{rel}","templated":true}]}}