{"id":470,"date":"2024-08-17T04:33:40","date_gmt":"2024-08-17T04:33:40","guid":{"rendered":"https:\/\/sistecma.com.pe\/?post_type=product&#038;p=470"},"modified":"2024-08-25T03:56:50","modified_gmt":"2024-08-25T03:56:50","slug":"sensor-multiparametrico-serie-wxt530","status":"publish","type":"product","link":"https:\/\/sistecma.com.pe\/?product=sensor-multiparametrico-serie-wxt530","title":{"rendered":"Sensor Multiparam\u00e9trico &#8211; Serie WXT530"},"content":{"rendered":"<p>El transmisor meteorol\u00f3gico es una colecci\u00f3n de sensores que capturan una combinaci\u00f3n de viento, lluvia, temperatura, humedad y lecturas barom\u00e9tricas en un formato compacto y paquete asequible. Utiliza s\u00f3lidas tecnolog\u00edas estatales para minimizar la operaci\u00f3n y costos de mantenimiento. La integraci\u00f3n es f\u00e1cil y flexible, a trav\u00e9s de la interfaz digital y anal\u00f3gica, tambi\u00e9n se puede conectar sensores de terceros para seleccionar Modelos WXT530 para crear tus propios par\u00e1metros de clima.<\/p>\n","protected":false},"excerpt":{"rendered":"<p>El transmisor meteorol\u00f3gico es una colecci\u00f3n de sensores que capturan una combinaci\u00f3n de viento, lluvia, temperatura, humedad y lecturas barom\u00e9tricas en un formato compacto y paquete asequible. Utiliza s\u00f3lidas tecnolog\u00edas estatales para minimizar la operaci\u00f3n y costos de mantenimiento. La integraci\u00f3n es f\u00e1cil y flexible, a trav\u00e9s de la interfaz digital y anal\u00f3gica, tambi\u00e9n se puede conectar sensores de terceros para seleccionar Modelos WXT530 para crear tus propios par\u00e1metros de clima.<\/p>\n","protected":false},"featured_media":514,"comment_status":"open","ping_status":"closed","template":"","meta":{"_joinchat":[]},"product_cat":[40],"product_tag":[41],"class_list":{"0":"post-470","1":"product","2":"type-product","3":"status-publish","4":"has-post-thumbnail","6":"product_cat-calidad-de-aire","7":"product_tag-calidad-del-aire","9":"first","10":"instock","11":"shipping-taxable","12":"product-type-simple"},"yoast_head":"<!-- This site is optimized with the Yoast SEO plugin v23.7 - https:\/\/yoast.com\/wordpress\/plugins\/seo\/ -->\n<title>Sensor Multiparam\u00e9trico - Serie WXT530 - SISTECMA<\/title>\n<meta name=\"robots\" content=\"index, follow, max-snippet:-1, max-image-preview:large, max-video-preview:-1\" \/>\n<link rel=\"canonical\" href=\"https:\/\/sistecma.com.pe\/?product=sensor-multiparametrico-serie-wxt530\" \/>\n<meta property=\"og:locale\" content=\"es_ES\" \/>\n<meta property=\"og:type\" content=\"article\" \/>\n<meta property=\"og:title\" content=\"Sensor Multiparam\u00e9trico - Serie WXT530 - SISTECMA\" \/>\n<meta property=\"og:description\" content=\"El transmisor meteorol\u00f3gico es una colecci\u00f3n de sensores que capturan una combinaci\u00f3n de viento, lluvia, temperatura, humedad y lecturas barom\u00e9tricas en un formato compacto y paquete asequible. Utiliza s\u00f3lidas tecnolog\u00edas estatales para minimizar la operaci\u00f3n y costos de mantenimiento. La integraci\u00f3n es f\u00e1cil y flexible, a trav\u00e9s de la interfaz digital y anal\u00f3gica, tambi\u00e9n se puede conectar sensores de terceros para seleccionar Modelos WXT530 para crear tus propios par\u00e1metros de clima.\" \/>\n<meta property=\"og:url\" content=\"https:\/\/sistecma.com.pe\/?product=sensor-multiparametrico-serie-wxt530\" \/>\n<meta property=\"og:site_name\" content=\"SISTECMA\" \/>\n<meta property=\"article:modified_time\" content=\"2024-08-25T03:56:50+00:00\" \/>\n<meta property=\"og:image\" content=\"https:\/\/sistecma.com.pe\/wp-content\/uploads\/2024\/08\/WXT530.jpg\" \/>\n\t<meta property=\"og:image:width\" content=\"650\" \/>\n\t<meta property=\"og:image:height\" content=\"365\" \/>\n\t<meta property=\"og:image:type\" content=\"image\/jpeg\" \/>\n<meta name=\"twitter:card\" content=\"summary_large_image\" \/>\n<meta name=\"twitter:label1\" content=\"Est. reading time\" \/>\n\t<meta name=\"twitter:data1\" content=\"1 minuto\" \/>\n<script type=\"application\/ld+json\" class=\"yoast-schema-graph\">{\"@context\":\"https:\/\/schema.org\",\"@graph\":[{\"@type\":\"WebPage\",\"@id\":\"https:\/\/sistecma.com.pe\/?product=sensor-multiparametrico-serie-wxt530\",\"url\":\"https:\/\/sistecma.com.pe\/?product=sensor-multiparametrico-serie-wxt530\",\"name\":\"Sensor Multiparam\u00e9trico - Serie WXT530 - SISTECMA\",\"isPartOf\":{\"@id\":\"https:\/\/sistecma.com.pe\/#website\"},\"primaryImageOfPage\":{\"@id\":\"https:\/\/sistecma.com.pe\/?product=sensor-multiparametrico-serie-wxt530#primaryimage\"},\"image\":{\"@id\":\"https:\/\/sistecma.com.pe\/?product=sensor-multiparametrico-serie-wxt530#primaryimage\"},\"thumbnailUrl\":\"https:\/\/sistecma.com.pe\/wp-content\/uploads\/2024\/08\/WXT530.jpg\",\"datePublished\":\"2024-08-17T04:33:40+00:00\",\"dateModified\":\"2024-08-25T03:56:50+00:00\",\"breadcrumb\":{\"@id\":\"https:\/\/sistecma.com.pe\/?product=sensor-multiparametrico-serie-wxt530#breadcrumb\"},\"inLanguage\":\"es-PE\",\"potentialAction\":[{\"@type\":\"ReadAction\",\"target\":[\"https:\/\/sistecma.com.pe\/?product=sensor-multiparametrico-serie-wxt530\"]}]},{\"@type\":\"ImageObject\",\"inLanguage\":\"es-PE\",\"@id\":\"https:\/\/sistecma.com.pe\/?product=sensor-multiparametrico-serie-wxt530#primaryimage\",\"url\":\"https:\/\/sistecma.com.pe\/wp-content\/uploads\/2024\/08\/WXT530.jpg\",\"contentUrl\":\"https:\/\/sistecma.com.pe\/wp-content\/uploads\/2024\/08\/WXT530.jpg\",\"width\":650,\"height\":365},{\"@type\":\"BreadcrumbList\",\"@id\":\"https:\/\/sistecma.com.pe\/?product=sensor-multiparametrico-serie-wxt530#breadcrumb\",\"itemListElement\":[{\"@type\":\"ListItem\",\"position\":1,\"name\":\"Home\",\"item\":\"https:\/\/sistecma.com.pe\/\"},{\"@type\":\"ListItem\",\"position\":2,\"name\":\"Products\",\"item\":\"https:\/\/sistecma.com.pe\/?post_type=product\"},{\"@type\":\"ListItem\",\"position\":3,\"name\":\"Sensor Multiparam\u00e9trico &#8211; Serie WXT530\"}]},{\"@type\":\"WebSite\",\"@id\":\"https:\/\/sistecma.com.pe\/#website\",\"url\":\"https:\/\/sistecma.com.pe\/\",\"name\":\"SISTECMA\",\"description\":\"\",\"potentialAction\":[{\"@type\":\"SearchAction\",\"target\":{\"@type\":\"EntryPoint\",\"urlTemplate\":\"https:\/\/sistecma.com.pe\/?s={search_term_string}\"},\"query-input\":{\"@type\":\"PropertyValueSpecification\",\"valueRequired\":true,\"valueName\":\"search_term_string\"}}],\"inLanguage\":\"es-PE\"}]}<\/script>\n<!-- \/ Yoast SEO plugin. -->","yoast_head_json":{"title":"Sensor Multiparam\u00e9trico - Serie WXT530 - SISTECMA","robots":{"index":"index","follow":"follow","max-snippet":"max-snippet:-1","max-image-preview":"max-image-preview:large","max-video-preview":"max-video-preview:-1"},"canonical":"https:\/\/sistecma.com.pe\/?product=sensor-multiparametrico-serie-wxt530","og_locale":"es_ES","og_type":"article","og_title":"Sensor Multiparam\u00e9trico - Serie WXT530 - SISTECMA","og_description":"El transmisor meteorol\u00f3gico es una colecci\u00f3n de sensores que capturan una combinaci\u00f3n de viento, lluvia, temperatura, humedad y lecturas barom\u00e9tricas en un formato compacto y paquete asequible. Utiliza s\u00f3lidas tecnolog\u00edas estatales para minimizar la operaci\u00f3n y costos de mantenimiento. La integraci\u00f3n es f\u00e1cil y flexible, a trav\u00e9s de la interfaz digital y anal\u00f3gica, tambi\u00e9n se puede conectar sensores de terceros para seleccionar Modelos WXT530 para crear tus propios par\u00e1metros de clima.","og_url":"https:\/\/sistecma.com.pe\/?product=sensor-multiparametrico-serie-wxt530","og_site_name":"SISTECMA","article_modified_time":"2024-08-25T03:56:50+00:00","og_image":[{"width":650,"height":365,"url":"https:\/\/sistecma.com.pe\/wp-content\/uploads\/2024\/08\/WXT530.jpg","type":"image\/jpeg"}],"twitter_card":"summary_large_image","twitter_misc":{"Est. reading time":"1 minuto"},"schema":{"@context":"https:\/\/schema.org","@graph":[{"@type":"WebPage","@id":"https:\/\/sistecma.com.pe\/?product=sensor-multiparametrico-serie-wxt530","url":"https:\/\/sistecma.com.pe\/?product=sensor-multiparametrico-serie-wxt530","name":"Sensor Multiparam\u00e9trico - Serie WXT530 - SISTECMA","isPartOf":{"@id":"https:\/\/sistecma.com.pe\/#website"},"primaryImageOfPage":{"@id":"https:\/\/sistecma.com.pe\/?product=sensor-multiparametrico-serie-wxt530#primaryimage"},"image":{"@id":"https:\/\/sistecma.com.pe\/?product=sensor-multiparametrico-serie-wxt530#primaryimage"},"thumbnailUrl":"https:\/\/sistecma.com.pe\/wp-content\/uploads\/2024\/08\/WXT530.jpg","datePublished":"2024-08-17T04:33:40+00:00","dateModified":"2024-08-25T03:56:50+00:00","breadcrumb":{"@id":"https:\/\/sistecma.com.pe\/?product=sensor-multiparametrico-serie-wxt530#breadcrumb"},"inLanguage":"es-PE","potentialAction":[{"@type":"ReadAction","target":["https:\/\/sistecma.com.pe\/?product=sensor-multiparametrico-serie-wxt530"]}]},{"@type":"ImageObject","inLanguage":"es-PE","@id":"https:\/\/sistecma.com.pe\/?product=sensor-multiparametrico-serie-wxt530#primaryimage","url":"https:\/\/sistecma.com.pe\/wp-content\/uploads\/2024\/08\/WXT530.jpg","contentUrl":"https:\/\/sistecma.com.pe\/wp-content\/uploads\/2024\/08\/WXT530.jpg","width":650,"height":365},{"@type":"BreadcrumbList","@id":"https:\/\/sistecma.com.pe\/?product=sensor-multiparametrico-serie-wxt530#breadcrumb","itemListElement":[{"@type":"ListItem","position":1,"name":"Home","item":"https:\/\/sistecma.com.pe\/"},{"@type":"ListItem","position":2,"name":"Products","item":"https:\/\/sistecma.com.pe\/?post_type=product"},{"@type":"ListItem","position":3,"name":"Sensor Multiparam\u00e9trico &#8211; Serie WXT530"}]},{"@type":"WebSite","@id":"https:\/\/sistecma.com.pe\/#website","url":"https:\/\/sistecma.com.pe\/","name":"SISTECMA","description":"","potentialAction":[{"@type":"SearchAction","target":{"@type":"EntryPoint","urlTemplate":"https:\/\/sistecma.com.pe\/?s={search_term_string}"},"query-input":{"@type":"PropertyValueSpecification","valueRequired":true,"valueName":"search_term_string"}}],"inLanguage":"es-PE"}]}},"_links":{"self":[{"href":"https:\/\/sistecma.com.pe\/index.php?rest_route=\/wp\/v2\/product\/470","targetHints":{"allow":["GET"]}}],"collection":[{"href":"https:\/\/sistecma.com.pe\/index.php?rest_route=\/wp\/v2\/product"}],"about":[{"href":"https:\/\/sistecma.com.pe\/index.php?rest_route=\/wp\/v2\/types\/product"}],"replies":[{"embeddable":true,"href":"https:\/\/sistecma.com.pe\/index.php?rest_route=%2Fwp%2Fv2%2Fcomments&post=470"}],"wp:featuredmedia":[{"embeddable":true,"href":"https:\/\/sistecma.com.pe\/index.php?rest_route=\/wp\/v2\/media\/514"}],"wp:attachment":[{"href":"https:\/\/sistecma.com.pe\/index.php?rest_route=%2Fwp%2Fv2%2Fmedia&parent=470"}],"wp:term":[{"taxonomy":"product_cat","embeddable":true,"href":"https:\/\/sistecma.com.pe\/index.php?rest_route=%2Fwp%2Fv2%2Fproduct_cat&post=470"},{"taxonomy":"product_tag","embeddable":true,"href":"https:\/\/sistecma.com.pe\/index.php?rest_route=%2Fwp%2Fv2%2Fproduct_tag&post=470"}],"curies":[{"name":"wp","href":"https:\/\/api.w.org\/{rel}","templated":true}]}}