{"id":468,"date":"2024-08-17T04:30:46","date_gmt":"2024-08-17T04:30:46","guid":{"rendered":"https:\/\/sistecma.com.pe\/?post_type=product&#038;p=468"},"modified":"2024-08-25T04:02:30","modified_gmt":"2024-08-25T04:02:30","slug":"sensor-de-rayos-ls7002","status":"publish","type":"product","link":"https:\/\/sistecma.com.pe\/?product=sensor-de-rayos-ls7002","title":{"rendered":"Sensor de rayos &#8211; LS7002"},"content":{"rendered":"<p>Los sensores utilizan una combinaci\u00f3n de radiogoniometr\u00eda magn\u00e9tica y tiempo de llegada, t\u00e9cnicas para detectar pulsos de rayos en las nubes y rayos de nube a tierra. Proporcionar una visi\u00f3n completa de la actividad de los rayos, dentro de una tormenta y capturar amplios conjuntos de datos para toma de decisiones. No solo es la m\u00e1s rentable soluci\u00f3n de detecci\u00f3n de rayos basada en red, sus capacidades de detecci\u00f3n extremendamente poderosas significan que los sensores se pueden colocar a una distancia de hasta 350km. Esto se traduce en una eficiencia de detecci\u00f3n superior, precisi\u00f3n de ubicaci\u00f3n \u00f3ptima y redundacia del sistema, todo deste una menor cantidad de sensores<\/p>\n","protected":false},"excerpt":{"rendered":"<p>Los sensores utilizan una combinaci\u00f3n de radiogoniometr\u00eda magn\u00e9tica y tiempo de llegada, t\u00e9cnicas para detectar pulsos de rayos en las nubes y rayos de nube a tierra. Proporcionar una visi\u00f3n completa de la actividad de los rayos, dentro de una tormenta y capturar amplios conjuntos de datos para toma de decisiones. No solo es la m\u00e1s rentable soluci\u00f3n de detecci\u00f3n de rayos basada en red, sus capacidades de detecci\u00f3n extremendamente poderosas significan que los sensores se pueden colocar a una distancia de hasta 350km. Esto se traduce en una eficiencia de detecci\u00f3n superior, precisi\u00f3n de ubicaci\u00f3n \u00f3ptima y redundacia del sistema, todo deste una menor cantidad de sensores<\/p>\n","protected":false},"featured_media":516,"comment_status":"open","ping_status":"closed","template":"","meta":{"_joinchat":[]},"product_cat":[39],"product_tag":[42],"class_list":{"0":"post-468","1":"product","2":"type-product","3":"status-publish","4":"has-post-thumbnail","6":"product_cat-redes-de-deteccion-de-tormentas-electricas","7":"product_tag-redes-de-deteccion-de-tormentas-electricas","9":"first","10":"instock","11":"shipping-taxable","12":"product-type-simple"},"yoast_head":"<!-- This site is optimized with the Yoast SEO plugin v23.7 - https:\/\/yoast.com\/wordpress\/plugins\/seo\/ -->\n<title>Sensor de rayos - LS7002 - SISTECMA<\/title>\n<meta name=\"robots\" content=\"index, follow, max-snippet:-1, max-image-preview:large, max-video-preview:-1\" \/>\n<link rel=\"canonical\" href=\"https:\/\/sistecma.com.pe\/?product=sensor-de-rayos-ls7002\" \/>\n<meta property=\"og:locale\" content=\"es_ES\" \/>\n<meta property=\"og:type\" content=\"article\" \/>\n<meta property=\"og:title\" content=\"Sensor de rayos - LS7002 - SISTECMA\" \/>\n<meta property=\"og:description\" content=\"Los sensores utilizan una combinaci\u00f3n de radiogoniometr\u00eda magn\u00e9tica y tiempo de llegada, t\u00e9cnicas para detectar pulsos de rayos en las nubes y rayos de nube a tierra. Proporcionar una visi\u00f3n completa de la actividad de los rayos, dentro de una tormenta y capturar amplios conjuntos de datos para toma de decisiones. No solo es la m\u00e1s rentable soluci\u00f3n de detecci\u00f3n de rayos basada en red, sus capacidades de detecci\u00f3n extremendamente poderosas significan que los sensores se pueden colocar a una distancia de hasta 350km. Esto se traduce en una eficiencia de detecci\u00f3n superior, precisi\u00f3n de ubicaci\u00f3n \u00f3ptima y redundacia del sistema, todo deste una menor cantidad de sensores\" \/>\n<meta property=\"og:url\" content=\"https:\/\/sistecma.com.pe\/?product=sensor-de-rayos-ls7002\" \/>\n<meta property=\"og:site_name\" content=\"SISTECMA\" \/>\n<meta property=\"article:modified_time\" content=\"2024-08-25T04:02:30+00:00\" \/>\n<meta property=\"og:image\" content=\"https:\/\/sistecma.com.pe\/wp-content\/uploads\/2024\/08\/LS7002.jpg\" \/>\n\t<meta property=\"og:image:width\" content=\"650\" \/>\n\t<meta property=\"og:image:height\" content=\"365\" \/>\n\t<meta property=\"og:image:type\" content=\"image\/jpeg\" \/>\n<meta name=\"twitter:card\" content=\"summary_large_image\" \/>\n<meta name=\"twitter:label1\" content=\"Est. reading time\" \/>\n\t<meta name=\"twitter:data1\" content=\"1 minuto\" \/>\n<script type=\"application\/ld+json\" class=\"yoast-schema-graph\">{\"@context\":\"https:\/\/schema.org\",\"@graph\":[{\"@type\":\"WebPage\",\"@id\":\"https:\/\/sistecma.com.pe\/?product=sensor-de-rayos-ls7002\",\"url\":\"https:\/\/sistecma.com.pe\/?product=sensor-de-rayos-ls7002\",\"name\":\"Sensor de rayos - LS7002 - SISTECMA\",\"isPartOf\":{\"@id\":\"https:\/\/sistecma.com.pe\/#website\"},\"primaryImageOfPage\":{\"@id\":\"https:\/\/sistecma.com.pe\/?product=sensor-de-rayos-ls7002#primaryimage\"},\"image\":{\"@id\":\"https:\/\/sistecma.com.pe\/?product=sensor-de-rayos-ls7002#primaryimage\"},\"thumbnailUrl\":\"https:\/\/sistecma.com.pe\/wp-content\/uploads\/2024\/08\/LS7002.jpg\",\"datePublished\":\"2024-08-17T04:30:46+00:00\",\"dateModified\":\"2024-08-25T04:02:30+00:00\",\"breadcrumb\":{\"@id\":\"https:\/\/sistecma.com.pe\/?product=sensor-de-rayos-ls7002#breadcrumb\"},\"inLanguage\":\"es-PE\",\"potentialAction\":[{\"@type\":\"ReadAction\",\"target\":[\"https:\/\/sistecma.com.pe\/?product=sensor-de-rayos-ls7002\"]}]},{\"@type\":\"ImageObject\",\"inLanguage\":\"es-PE\",\"@id\":\"https:\/\/sistecma.com.pe\/?product=sensor-de-rayos-ls7002#primaryimage\",\"url\":\"https:\/\/sistecma.com.pe\/wp-content\/uploads\/2024\/08\/LS7002.jpg\",\"contentUrl\":\"https:\/\/sistecma.com.pe\/wp-content\/uploads\/2024\/08\/LS7002.jpg\",\"width\":650,\"height\":365},{\"@type\":\"BreadcrumbList\",\"@id\":\"https:\/\/sistecma.com.pe\/?product=sensor-de-rayos-ls7002#breadcrumb\",\"itemListElement\":[{\"@type\":\"ListItem\",\"position\":1,\"name\":\"Home\",\"item\":\"https:\/\/sistecma.com.pe\/\"},{\"@type\":\"ListItem\",\"position\":2,\"name\":\"Products\",\"item\":\"https:\/\/sistecma.com.pe\/?post_type=product\"},{\"@type\":\"ListItem\",\"position\":3,\"name\":\"Sensor de rayos &#8211; LS7002\"}]},{\"@type\":\"WebSite\",\"@id\":\"https:\/\/sistecma.com.pe\/#website\",\"url\":\"https:\/\/sistecma.com.pe\/\",\"name\":\"SISTECMA\",\"description\":\"\",\"potentialAction\":[{\"@type\":\"SearchAction\",\"target\":{\"@type\":\"EntryPoint\",\"urlTemplate\":\"https:\/\/sistecma.com.pe\/?s={search_term_string}\"},\"query-input\":{\"@type\":\"PropertyValueSpecification\",\"valueRequired\":true,\"valueName\":\"search_term_string\"}}],\"inLanguage\":\"es-PE\"}]}<\/script>\n<!-- \/ Yoast SEO plugin. -->","yoast_head_json":{"title":"Sensor de rayos - LS7002 - SISTECMA","robots":{"index":"index","follow":"follow","max-snippet":"max-snippet:-1","max-image-preview":"max-image-preview:large","max-video-preview":"max-video-preview:-1"},"canonical":"https:\/\/sistecma.com.pe\/?product=sensor-de-rayos-ls7002","og_locale":"es_ES","og_type":"article","og_title":"Sensor de rayos - LS7002 - SISTECMA","og_description":"Los sensores utilizan una combinaci\u00f3n de radiogoniometr\u00eda magn\u00e9tica y tiempo de llegada, t\u00e9cnicas para detectar pulsos de rayos en las nubes y rayos de nube a tierra. Proporcionar una visi\u00f3n completa de la actividad de los rayos, dentro de una tormenta y capturar amplios conjuntos de datos para toma de decisiones. No solo es la m\u00e1s rentable soluci\u00f3n de detecci\u00f3n de rayos basada en red, sus capacidades de detecci\u00f3n extremendamente poderosas significan que los sensores se pueden colocar a una distancia de hasta 350km. Esto se traduce en una eficiencia de detecci\u00f3n superior, precisi\u00f3n de ubicaci\u00f3n \u00f3ptima y redundacia del sistema, todo deste una menor cantidad de sensores","og_url":"https:\/\/sistecma.com.pe\/?product=sensor-de-rayos-ls7002","og_site_name":"SISTECMA","article_modified_time":"2024-08-25T04:02:30+00:00","og_image":[{"width":650,"height":365,"url":"https:\/\/sistecma.com.pe\/wp-content\/uploads\/2024\/08\/LS7002.jpg","type":"image\/jpeg"}],"twitter_card":"summary_large_image","twitter_misc":{"Est. reading time":"1 minuto"},"schema":{"@context":"https:\/\/schema.org","@graph":[{"@type":"WebPage","@id":"https:\/\/sistecma.com.pe\/?product=sensor-de-rayos-ls7002","url":"https:\/\/sistecma.com.pe\/?product=sensor-de-rayos-ls7002","name":"Sensor de rayos - LS7002 - SISTECMA","isPartOf":{"@id":"https:\/\/sistecma.com.pe\/#website"},"primaryImageOfPage":{"@id":"https:\/\/sistecma.com.pe\/?product=sensor-de-rayos-ls7002#primaryimage"},"image":{"@id":"https:\/\/sistecma.com.pe\/?product=sensor-de-rayos-ls7002#primaryimage"},"thumbnailUrl":"https:\/\/sistecma.com.pe\/wp-content\/uploads\/2024\/08\/LS7002.jpg","datePublished":"2024-08-17T04:30:46+00:00","dateModified":"2024-08-25T04:02:30+00:00","breadcrumb":{"@id":"https:\/\/sistecma.com.pe\/?product=sensor-de-rayos-ls7002#breadcrumb"},"inLanguage":"es-PE","potentialAction":[{"@type":"ReadAction","target":["https:\/\/sistecma.com.pe\/?product=sensor-de-rayos-ls7002"]}]},{"@type":"ImageObject","inLanguage":"es-PE","@id":"https:\/\/sistecma.com.pe\/?product=sensor-de-rayos-ls7002#primaryimage","url":"https:\/\/sistecma.com.pe\/wp-content\/uploads\/2024\/08\/LS7002.jpg","contentUrl":"https:\/\/sistecma.com.pe\/wp-content\/uploads\/2024\/08\/LS7002.jpg","width":650,"height":365},{"@type":"BreadcrumbList","@id":"https:\/\/sistecma.com.pe\/?product=sensor-de-rayos-ls7002#breadcrumb","itemListElement":[{"@type":"ListItem","position":1,"name":"Home","item":"https:\/\/sistecma.com.pe\/"},{"@type":"ListItem","position":2,"name":"Products","item":"https:\/\/sistecma.com.pe\/?post_type=product"},{"@type":"ListItem","position":3,"name":"Sensor de rayos &#8211; LS7002"}]},{"@type":"WebSite","@id":"https:\/\/sistecma.com.pe\/#website","url":"https:\/\/sistecma.com.pe\/","name":"SISTECMA","description":"","potentialAction":[{"@type":"SearchAction","target":{"@type":"EntryPoint","urlTemplate":"https:\/\/sistecma.com.pe\/?s={search_term_string}"},"query-input":{"@type":"PropertyValueSpecification","valueRequired":true,"valueName":"search_term_string"}}],"inLanguage":"es-PE"}]}},"_links":{"self":[{"href":"https:\/\/sistecma.com.pe\/index.php?rest_route=\/wp\/v2\/product\/468","targetHints":{"allow":["GET"]}}],"collection":[{"href":"https:\/\/sistecma.com.pe\/index.php?rest_route=\/wp\/v2\/product"}],"about":[{"href":"https:\/\/sistecma.com.pe\/index.php?rest_route=\/wp\/v2\/types\/product"}],"replies":[{"embeddable":true,"href":"https:\/\/sistecma.com.pe\/index.php?rest_route=%2Fwp%2Fv2%2Fcomments&post=468"}],"wp:featuredmedia":[{"embeddable":true,"href":"https:\/\/sistecma.com.pe\/index.php?rest_route=\/wp\/v2\/media\/516"}],"wp:attachment":[{"href":"https:\/\/sistecma.com.pe\/index.php?rest_route=%2Fwp%2Fv2%2Fmedia&parent=468"}],"wp:term":[{"taxonomy":"product_cat","embeddable":true,"href":"https:\/\/sistecma.com.pe\/index.php?rest_route=%2Fwp%2Fv2%2Fproduct_cat&post=468"},{"taxonomy":"product_tag","embeddable":true,"href":"https:\/\/sistecma.com.pe\/index.php?rest_route=%2Fwp%2Fv2%2Fproduct_tag&post=468"}],"curies":[{"name":"wp","href":"https:\/\/api.w.org\/{rel}","templated":true}]}}