{"id":467,"date":"2024-08-17T04:29:37","date_gmt":"2024-08-17T04:29:37","guid":{"rendered":"https:\/\/sistecma.com.pe\/?post_type=product&#038;p=467"},"modified":"2024-09-16T00:22:56","modified_gmt":"2024-09-16T00:22:56","slug":"sensor-de-clima-en-pista-rws200","status":"publish","type":"product","link":"https:\/\/sistecma.com.pe\/?product=sensor-de-clima-en-pista-rws200","title":{"rendered":"Sensor de Clima en Pista &#8211; RWS200"},"content":{"rendered":"<p>La estaci\u00f3n ha sido probada en las condiciones m\u00e1s duras, en condiciones clim\u00e1ticas invernales. Es altamente configurable, f\u00e1cil de usar y compatible con sistemas inteligentes de integraci\u00f3n y operatividad. Dise\u00f1ado basado en experiencia en el campo de an\u00e1lisis de materiales, asegurando que los sensores e instrumentos permanezcan ilesos a toda costa. Una amplia gama de opciones de formato de mensaje garantiza que la estaci\u00f3n se integre f\u00e1cilmente con otras tecnolog\u00edas<\/p>\n","protected":false},"excerpt":{"rendered":"<p>La estaci\u00f3n ha sido probada en las condiciones m\u00e1s duras, en condiciones clim\u00e1ticas invernales. Es altamente configurable, f\u00e1cil de usar y compatible con sistemas inteligentes de integraci\u00f3n y operatividad. Dise\u00f1ado basado en experiencia en el campo de an\u00e1lisis de materiales, asegurando que los sensores e instrumentos permanezcan ilesos a toda costa. Una amplia gama de opciones de formato de mensaje garantiza que la estaci\u00f3n se integre f\u00e1cilmente con otras tecnolog\u00edas<\/p>\n","protected":false},"featured_media":515,"comment_status":"open","ping_status":"closed","template":"","meta":{"_joinchat":[]},"product_cat":[39],"product_tag":[42],"class_list":{"0":"post-467","1":"product","2":"type-product","3":"status-publish","4":"has-post-thumbnail","6":"product_cat-redes-de-deteccion-de-tormentas-electricas","7":"product_tag-redes-de-deteccion-de-tormentas-electricas","9":"first","10":"instock","11":"shipping-taxable","12":"product-type-simple"},"yoast_head":"<!-- This site is optimized with the Yoast SEO plugin v23.7 - https:\/\/yoast.com\/wordpress\/plugins\/seo\/ -->\n<title>Sensor de Clima en Pista - RWS200 - SISTECMA<\/title>\n<meta name=\"robots\" content=\"index, follow, max-snippet:-1, max-image-preview:large, max-video-preview:-1\" \/>\n<link rel=\"canonical\" href=\"https:\/\/sistecma.com.pe\/?product=sensor-de-clima-en-pista-rws200\" \/>\n<meta property=\"og:locale\" content=\"es_ES\" \/>\n<meta property=\"og:type\" content=\"article\" \/>\n<meta property=\"og:title\" content=\"Sensor de Clima en Pista - RWS200 - SISTECMA\" \/>\n<meta property=\"og:description\" content=\"La estaci\u00f3n ha sido probada en las condiciones m\u00e1s duras, en condiciones clim\u00e1ticas invernales. Es altamente configurable, f\u00e1cil de usar y compatible con sistemas inteligentes de integraci\u00f3n y operatividad. Dise\u00f1ado basado en experiencia en el campo de an\u00e1lisis de materiales, asegurando que los sensores e instrumentos permanezcan ilesos a toda costa. Una amplia gama de opciones de formato de mensaje garantiza que la estaci\u00f3n se integre f\u00e1cilmente con otras tecnolog\u00edas\" \/>\n<meta property=\"og:url\" content=\"https:\/\/sistecma.com.pe\/?product=sensor-de-clima-en-pista-rws200\" \/>\n<meta property=\"og:site_name\" content=\"SISTECMA\" \/>\n<meta property=\"article:modified_time\" content=\"2024-09-16T00:22:56+00:00\" \/>\n<meta property=\"og:image\" content=\"https:\/\/sistecma.com.pe\/wp-content\/uploads\/2024\/08\/RWS200.jpg\" \/>\n\t<meta property=\"og:image:width\" content=\"1100\" \/>\n\t<meta property=\"og:image:height\" content=\"825\" \/>\n\t<meta property=\"og:image:type\" content=\"image\/jpeg\" \/>\n<meta name=\"twitter:card\" content=\"summary_large_image\" \/>\n<meta name=\"twitter:label1\" content=\"Est. reading time\" \/>\n\t<meta name=\"twitter:data1\" content=\"1 minuto\" \/>\n<script type=\"application\/ld+json\" class=\"yoast-schema-graph\">{\"@context\":\"https:\/\/schema.org\",\"@graph\":[{\"@type\":\"WebPage\",\"@id\":\"https:\/\/sistecma.com.pe\/?product=sensor-de-clima-en-pista-rws200\",\"url\":\"https:\/\/sistecma.com.pe\/?product=sensor-de-clima-en-pista-rws200\",\"name\":\"Sensor de Clima en Pista - RWS200 - SISTECMA\",\"isPartOf\":{\"@id\":\"https:\/\/sistecma.com.pe\/#website\"},\"primaryImageOfPage\":{\"@id\":\"https:\/\/sistecma.com.pe\/?product=sensor-de-clima-en-pista-rws200#primaryimage\"},\"image\":{\"@id\":\"https:\/\/sistecma.com.pe\/?product=sensor-de-clima-en-pista-rws200#primaryimage\"},\"thumbnailUrl\":\"https:\/\/sistecma.com.pe\/wp-content\/uploads\/2024\/08\/RWS200.jpg\",\"datePublished\":\"2024-08-17T04:29:37+00:00\",\"dateModified\":\"2024-09-16T00:22:56+00:00\",\"breadcrumb\":{\"@id\":\"https:\/\/sistecma.com.pe\/?product=sensor-de-clima-en-pista-rws200#breadcrumb\"},\"inLanguage\":\"es-PE\",\"potentialAction\":[{\"@type\":\"ReadAction\",\"target\":[\"https:\/\/sistecma.com.pe\/?product=sensor-de-clima-en-pista-rws200\"]}]},{\"@type\":\"ImageObject\",\"inLanguage\":\"es-PE\",\"@id\":\"https:\/\/sistecma.com.pe\/?product=sensor-de-clima-en-pista-rws200#primaryimage\",\"url\":\"https:\/\/sistecma.com.pe\/wp-content\/uploads\/2024\/08\/RWS200.jpg\",\"contentUrl\":\"https:\/\/sistecma.com.pe\/wp-content\/uploads\/2024\/08\/RWS200.jpg\",\"width\":1100,\"height\":825},{\"@type\":\"BreadcrumbList\",\"@id\":\"https:\/\/sistecma.com.pe\/?product=sensor-de-clima-en-pista-rws200#breadcrumb\",\"itemListElement\":[{\"@type\":\"ListItem\",\"position\":1,\"name\":\"Home\",\"item\":\"https:\/\/sistecma.com.pe\/\"},{\"@type\":\"ListItem\",\"position\":2,\"name\":\"Products\",\"item\":\"https:\/\/sistecma.com.pe\/?post_type=product\"},{\"@type\":\"ListItem\",\"position\":3,\"name\":\"Sensor de Clima en Pista &#8211; RWS200\"}]},{\"@type\":\"WebSite\",\"@id\":\"https:\/\/sistecma.com.pe\/#website\",\"url\":\"https:\/\/sistecma.com.pe\/\",\"name\":\"SISTECMA\",\"description\":\"\",\"potentialAction\":[{\"@type\":\"SearchAction\",\"target\":{\"@type\":\"EntryPoint\",\"urlTemplate\":\"https:\/\/sistecma.com.pe\/?s={search_term_string}\"},\"query-input\":{\"@type\":\"PropertyValueSpecification\",\"valueRequired\":true,\"valueName\":\"search_term_string\"}}],\"inLanguage\":\"es-PE\"}]}<\/script>\n<!-- \/ Yoast SEO plugin. -->","yoast_head_json":{"title":"Sensor de Clima en Pista - RWS200 - SISTECMA","robots":{"index":"index","follow":"follow","max-snippet":"max-snippet:-1","max-image-preview":"max-image-preview:large","max-video-preview":"max-video-preview:-1"},"canonical":"https:\/\/sistecma.com.pe\/?product=sensor-de-clima-en-pista-rws200","og_locale":"es_ES","og_type":"article","og_title":"Sensor de Clima en Pista - RWS200 - SISTECMA","og_description":"La estaci\u00f3n ha sido probada en las condiciones m\u00e1s duras, en condiciones clim\u00e1ticas invernales. Es altamente configurable, f\u00e1cil de usar y compatible con sistemas inteligentes de integraci\u00f3n y operatividad. Dise\u00f1ado basado en experiencia en el campo de an\u00e1lisis de materiales, asegurando que los sensores e instrumentos permanezcan ilesos a toda costa. Una amplia gama de opciones de formato de mensaje garantiza que la estaci\u00f3n se integre f\u00e1cilmente con otras tecnolog\u00edas","og_url":"https:\/\/sistecma.com.pe\/?product=sensor-de-clima-en-pista-rws200","og_site_name":"SISTECMA","article_modified_time":"2024-09-16T00:22:56+00:00","og_image":[{"width":1100,"height":825,"url":"https:\/\/sistecma.com.pe\/wp-content\/uploads\/2024\/08\/RWS200.jpg","type":"image\/jpeg"}],"twitter_card":"summary_large_image","twitter_misc":{"Est. reading time":"1 minuto"},"schema":{"@context":"https:\/\/schema.org","@graph":[{"@type":"WebPage","@id":"https:\/\/sistecma.com.pe\/?product=sensor-de-clima-en-pista-rws200","url":"https:\/\/sistecma.com.pe\/?product=sensor-de-clima-en-pista-rws200","name":"Sensor de Clima en Pista - RWS200 - SISTECMA","isPartOf":{"@id":"https:\/\/sistecma.com.pe\/#website"},"primaryImageOfPage":{"@id":"https:\/\/sistecma.com.pe\/?product=sensor-de-clima-en-pista-rws200#primaryimage"},"image":{"@id":"https:\/\/sistecma.com.pe\/?product=sensor-de-clima-en-pista-rws200#primaryimage"},"thumbnailUrl":"https:\/\/sistecma.com.pe\/wp-content\/uploads\/2024\/08\/RWS200.jpg","datePublished":"2024-08-17T04:29:37+00:00","dateModified":"2024-09-16T00:22:56+00:00","breadcrumb":{"@id":"https:\/\/sistecma.com.pe\/?product=sensor-de-clima-en-pista-rws200#breadcrumb"},"inLanguage":"es-PE","potentialAction":[{"@type":"ReadAction","target":["https:\/\/sistecma.com.pe\/?product=sensor-de-clima-en-pista-rws200"]}]},{"@type":"ImageObject","inLanguage":"es-PE","@id":"https:\/\/sistecma.com.pe\/?product=sensor-de-clima-en-pista-rws200#primaryimage","url":"https:\/\/sistecma.com.pe\/wp-content\/uploads\/2024\/08\/RWS200.jpg","contentUrl":"https:\/\/sistecma.com.pe\/wp-content\/uploads\/2024\/08\/RWS200.jpg","width":1100,"height":825},{"@type":"BreadcrumbList","@id":"https:\/\/sistecma.com.pe\/?product=sensor-de-clima-en-pista-rws200#breadcrumb","itemListElement":[{"@type":"ListItem","position":1,"name":"Home","item":"https:\/\/sistecma.com.pe\/"},{"@type":"ListItem","position":2,"name":"Products","item":"https:\/\/sistecma.com.pe\/?post_type=product"},{"@type":"ListItem","position":3,"name":"Sensor de Clima en Pista &#8211; RWS200"}]},{"@type":"WebSite","@id":"https:\/\/sistecma.com.pe\/#website","url":"https:\/\/sistecma.com.pe\/","name":"SISTECMA","description":"","potentialAction":[{"@type":"SearchAction","target":{"@type":"EntryPoint","urlTemplate":"https:\/\/sistecma.com.pe\/?s={search_term_string}"},"query-input":{"@type":"PropertyValueSpecification","valueRequired":true,"valueName":"search_term_string"}}],"inLanguage":"es-PE"}]}},"_links":{"self":[{"href":"https:\/\/sistecma.com.pe\/index.php?rest_route=\/wp\/v2\/product\/467","targetHints":{"allow":["GET"]}}],"collection":[{"href":"https:\/\/sistecma.com.pe\/index.php?rest_route=\/wp\/v2\/product"}],"about":[{"href":"https:\/\/sistecma.com.pe\/index.php?rest_route=\/wp\/v2\/types\/product"}],"replies":[{"embeddable":true,"href":"https:\/\/sistecma.com.pe\/index.php?rest_route=%2Fwp%2Fv2%2Fcomments&post=467"}],"wp:featuredmedia":[{"embeddable":true,"href":"https:\/\/sistecma.com.pe\/index.php?rest_route=\/wp\/v2\/media\/515"}],"wp:attachment":[{"href":"https:\/\/sistecma.com.pe\/index.php?rest_route=%2Fwp%2Fv2%2Fmedia&parent=467"}],"wp:term":[{"taxonomy":"product_cat","embeddable":true,"href":"https:\/\/sistecma.com.pe\/index.php?rest_route=%2Fwp%2Fv2%2Fproduct_cat&post=467"},{"taxonomy":"product_tag","embeddable":true,"href":"https:\/\/sistecma.com.pe\/index.php?rest_route=%2Fwp%2Fv2%2Fproduct_tag&post=467"}],"curies":[{"name":"wp","href":"https:\/\/api.w.org\/{rel}","templated":true}]}}