{"id":466,"date":"2024-08-17T04:27:10","date_gmt":"2024-08-17T04:27:10","guid":{"rendered":"https:\/\/sistecma.com.pe\/?post_type=product&#038;p=466"},"modified":"2024-08-25T04:11:53","modified_gmt":"2024-08-25T04:11:53","slug":"perfilador-atmosferico-da10","status":"publish","type":"product","link":"https:\/\/sistecma.com.pe\/?product=perfilador-atmosferico-da10","title":{"rendered":"Perfilador atmosf\u00e9rico &#8211; DA10"},"content":{"rendered":"<p>El perfilador mide continuamente el vapor de agua en la capa l\u00edmite, en cualquier ubicaci\u00f3n, bajo cualquier condici\u00f3n. Adem\u00e1s, desbloquea el acceso a una amplia red de datos de grado de investigaci\u00f3n adecuados para el modelado NWP, y funciona como un s\u00faper ceil\u00f3metro con perfiles ultrapuros. La tecnolog\u00eda de lente \u00fanica minimiza m\u00faltiples dispersiones para una mejor detecci\u00f3n en entornos de condiciones hostiles, mientras que la excelente superposici\u00f3n garantiza una baja detecci\u00f3n de altitud. Capaz de realizar un perfil de vapor de agua de hasta 4km. Con mejorada \u00f3ptima cercana y lejana, proporciona excelentes perfiles de medici\u00f3n de rango completo. Cuando se combina con el tiempo y el clima, se tiene acceso a observaciones locales altamente precisas y confiables, vital para emitir alertas tempranas para las autoridades locales antes de climas peligrosos como tormentas el\u00e9ctricas e inundaciones repentinas<\/p>\n","protected":false},"excerpt":{"rendered":"<p>El perfilador mide continuamente el vapor de agua en la capa l\u00edmite, en cualquier ubicaci\u00f3n, bajo cualquier condici\u00f3n. Adem\u00e1s, desbloquea el acceso a una amplia red de datos de grado de investigaci\u00f3n adecuados para el modelado NWP, y funciona como un s\u00faper ceil\u00f3metro con perfiles ultrapuros. La tecnolog\u00eda de lente \u00fanica minimiza m\u00faltiples dispersiones para una mejor detecci\u00f3n en entornos de condiciones hostiles, mientras que la excelente superposici\u00f3n garantiza una baja detecci\u00f3n de altitud. Capaz de realizar un perfil de vapor de agua de hasta 4km. Con mejorada \u00f3ptima cercana y lejana, proporciona excelentes perfiles de medici\u00f3n de rango completo. Cuando se combina con el tiempo y el clima, se tiene acceso a observaciones locales altamente precisas y confiables, vital para emitir alertas tempranas para las autoridades locales antes de climas peligrosos como tormentas el\u00e9ctricas e inundaciones repentinas<\/p>\n","protected":false},"featured_media":518,"comment_status":"open","ping_status":"closed","template":"","meta":{"_joinchat":[]},"product_cat":[38],"product_tag":[43],"class_list":{"0":"post-466","1":"product","2":"type-product","3":"status-publish","4":"has-post-thumbnail","6":"product_cat-sondeo-atmosferico","7":"product_tag-sondeo-atmosferico","9":"first","10":"instock","11":"shipping-taxable","12":"product-type-simple"},"yoast_head":"<!-- This site is optimized with the Yoast SEO plugin v23.7 - https:\/\/yoast.com\/wordpress\/plugins\/seo\/ -->\n<title>Perfilador atmosf\u00e9rico - DA10 - SISTECMA<\/title>\n<meta name=\"robots\" content=\"index, follow, max-snippet:-1, max-image-preview:large, max-video-preview:-1\" \/>\n<link rel=\"canonical\" href=\"https:\/\/sistecma.com.pe\/?product=perfilador-atmosferico-da10\" \/>\n<meta property=\"og:locale\" content=\"es_ES\" \/>\n<meta property=\"og:type\" content=\"article\" \/>\n<meta property=\"og:title\" content=\"Perfilador atmosf\u00e9rico - DA10 - SISTECMA\" \/>\n<meta property=\"og:description\" content=\"El perfilador mide continuamente el vapor de agua en la capa l\u00edmite, en cualquier ubicaci\u00f3n, bajo cualquier condici\u00f3n. Adem\u00e1s, desbloquea el acceso a una amplia red de datos de grado de investigaci\u00f3n adecuados para el modelado NWP, y funciona como un s\u00faper ceil\u00f3metro con perfiles ultrapuros. La tecnolog\u00eda de lente \u00fanica minimiza m\u00faltiples dispersiones para una mejor detecci\u00f3n en entornos de condiciones hostiles, mientras que la excelente superposici\u00f3n garantiza una baja detecci\u00f3n de altitud. Capaz de realizar un perfil de vapor de agua de hasta 4km. Con mejorada \u00f3ptima cercana y lejana, proporciona excelentes perfiles de medici\u00f3n de rango completo. Cuando se combina con el tiempo y el clima, se tiene acceso a observaciones locales altamente precisas y confiables, vital para emitir alertas tempranas para las autoridades locales antes de climas peligrosos como tormentas el\u00e9ctricas e inundaciones repentinas\" \/>\n<meta property=\"og:url\" content=\"https:\/\/sistecma.com.pe\/?product=perfilador-atmosferico-da10\" \/>\n<meta property=\"og:site_name\" content=\"SISTECMA\" \/>\n<meta property=\"article:modified_time\" content=\"2024-08-25T04:11:53+00:00\" \/>\n<meta property=\"og:image\" content=\"https:\/\/sistecma.com.pe\/wp-content\/uploads\/2024\/08\/DA10-e1724176097483.jpg\" \/>\n\t<meta property=\"og:image:width\" content=\"432\" \/>\n\t<meta property=\"og:image:height\" content=\"450\" \/>\n\t<meta property=\"og:image:type\" content=\"image\/jpeg\" \/>\n<meta name=\"twitter:card\" content=\"summary_large_image\" \/>\n<meta name=\"twitter:label1\" content=\"Est. reading time\" \/>\n\t<meta name=\"twitter:data1\" content=\"1 minuto\" \/>\n<script type=\"application\/ld+json\" class=\"yoast-schema-graph\">{\"@context\":\"https:\/\/schema.org\",\"@graph\":[{\"@type\":\"WebPage\",\"@id\":\"https:\/\/sistecma.com.pe\/?product=perfilador-atmosferico-da10\",\"url\":\"https:\/\/sistecma.com.pe\/?product=perfilador-atmosferico-da10\",\"name\":\"Perfilador atmosf\u00e9rico - DA10 - SISTECMA\",\"isPartOf\":{\"@id\":\"https:\/\/sistecma.com.pe\/#website\"},\"primaryImageOfPage\":{\"@id\":\"https:\/\/sistecma.com.pe\/?product=perfilador-atmosferico-da10#primaryimage\"},\"image\":{\"@id\":\"https:\/\/sistecma.com.pe\/?product=perfilador-atmosferico-da10#primaryimage\"},\"thumbnailUrl\":\"https:\/\/sistecma.com.pe\/wp-content\/uploads\/2024\/08\/DA10-e1724176097483.jpg\",\"datePublished\":\"2024-08-17T04:27:10+00:00\",\"dateModified\":\"2024-08-25T04:11:53+00:00\",\"breadcrumb\":{\"@id\":\"https:\/\/sistecma.com.pe\/?product=perfilador-atmosferico-da10#breadcrumb\"},\"inLanguage\":\"es-PE\",\"potentialAction\":[{\"@type\":\"ReadAction\",\"target\":[\"https:\/\/sistecma.com.pe\/?product=perfilador-atmosferico-da10\"]}]},{\"@type\":\"ImageObject\",\"inLanguage\":\"es-PE\",\"@id\":\"https:\/\/sistecma.com.pe\/?product=perfilador-atmosferico-da10#primaryimage\",\"url\":\"https:\/\/sistecma.com.pe\/wp-content\/uploads\/2024\/08\/DA10-e1724176097483.jpg\",\"contentUrl\":\"https:\/\/sistecma.com.pe\/wp-content\/uploads\/2024\/08\/DA10-e1724176097483.jpg\",\"width\":432,\"height\":450},{\"@type\":\"BreadcrumbList\",\"@id\":\"https:\/\/sistecma.com.pe\/?product=perfilador-atmosferico-da10#breadcrumb\",\"itemListElement\":[{\"@type\":\"ListItem\",\"position\":1,\"name\":\"Home\",\"item\":\"https:\/\/sistecma.com.pe\/\"},{\"@type\":\"ListItem\",\"position\":2,\"name\":\"Products\",\"item\":\"https:\/\/sistecma.com.pe\/?post_type=product\"},{\"@type\":\"ListItem\",\"position\":3,\"name\":\"Perfilador atmosf\u00e9rico &#8211; DA10\"}]},{\"@type\":\"WebSite\",\"@id\":\"https:\/\/sistecma.com.pe\/#website\",\"url\":\"https:\/\/sistecma.com.pe\/\",\"name\":\"SISTECMA\",\"description\":\"\",\"potentialAction\":[{\"@type\":\"SearchAction\",\"target\":{\"@type\":\"EntryPoint\",\"urlTemplate\":\"https:\/\/sistecma.com.pe\/?s={search_term_string}\"},\"query-input\":{\"@type\":\"PropertyValueSpecification\",\"valueRequired\":true,\"valueName\":\"search_term_string\"}}],\"inLanguage\":\"es-PE\"}]}<\/script>\n<!-- \/ Yoast SEO plugin. -->","yoast_head_json":{"title":"Perfilador atmosf\u00e9rico - DA10 - SISTECMA","robots":{"index":"index","follow":"follow","max-snippet":"max-snippet:-1","max-image-preview":"max-image-preview:large","max-video-preview":"max-video-preview:-1"},"canonical":"https:\/\/sistecma.com.pe\/?product=perfilador-atmosferico-da10","og_locale":"es_ES","og_type":"article","og_title":"Perfilador atmosf\u00e9rico - DA10 - SISTECMA","og_description":"El perfilador mide continuamente el vapor de agua en la capa l\u00edmite, en cualquier ubicaci\u00f3n, bajo cualquier condici\u00f3n. Adem\u00e1s, desbloquea el acceso a una amplia red de datos de grado de investigaci\u00f3n adecuados para el modelado NWP, y funciona como un s\u00faper ceil\u00f3metro con perfiles ultrapuros. La tecnolog\u00eda de lente \u00fanica minimiza m\u00faltiples dispersiones para una mejor detecci\u00f3n en entornos de condiciones hostiles, mientras que la excelente superposici\u00f3n garantiza una baja detecci\u00f3n de altitud. Capaz de realizar un perfil de vapor de agua de hasta 4km. Con mejorada \u00f3ptima cercana y lejana, proporciona excelentes perfiles de medici\u00f3n de rango completo. Cuando se combina con el tiempo y el clima, se tiene acceso a observaciones locales altamente precisas y confiables, vital para emitir alertas tempranas para las autoridades locales antes de climas peligrosos como tormentas el\u00e9ctricas e inundaciones repentinas","og_url":"https:\/\/sistecma.com.pe\/?product=perfilador-atmosferico-da10","og_site_name":"SISTECMA","article_modified_time":"2024-08-25T04:11:53+00:00","og_image":[{"width":432,"height":450,"url":"https:\/\/sistecma.com.pe\/wp-content\/uploads\/2024\/08\/DA10-e1724176097483.jpg","type":"image\/jpeg"}],"twitter_card":"summary_large_image","twitter_misc":{"Est. reading time":"1 minuto"},"schema":{"@context":"https:\/\/schema.org","@graph":[{"@type":"WebPage","@id":"https:\/\/sistecma.com.pe\/?product=perfilador-atmosferico-da10","url":"https:\/\/sistecma.com.pe\/?product=perfilador-atmosferico-da10","name":"Perfilador atmosf\u00e9rico - DA10 - SISTECMA","isPartOf":{"@id":"https:\/\/sistecma.com.pe\/#website"},"primaryImageOfPage":{"@id":"https:\/\/sistecma.com.pe\/?product=perfilador-atmosferico-da10#primaryimage"},"image":{"@id":"https:\/\/sistecma.com.pe\/?product=perfilador-atmosferico-da10#primaryimage"},"thumbnailUrl":"https:\/\/sistecma.com.pe\/wp-content\/uploads\/2024\/08\/DA10-e1724176097483.jpg","datePublished":"2024-08-17T04:27:10+00:00","dateModified":"2024-08-25T04:11:53+00:00","breadcrumb":{"@id":"https:\/\/sistecma.com.pe\/?product=perfilador-atmosferico-da10#breadcrumb"},"inLanguage":"es-PE","potentialAction":[{"@type":"ReadAction","target":["https:\/\/sistecma.com.pe\/?product=perfilador-atmosferico-da10"]}]},{"@type":"ImageObject","inLanguage":"es-PE","@id":"https:\/\/sistecma.com.pe\/?product=perfilador-atmosferico-da10#primaryimage","url":"https:\/\/sistecma.com.pe\/wp-content\/uploads\/2024\/08\/DA10-e1724176097483.jpg","contentUrl":"https:\/\/sistecma.com.pe\/wp-content\/uploads\/2024\/08\/DA10-e1724176097483.jpg","width":432,"height":450},{"@type":"BreadcrumbList","@id":"https:\/\/sistecma.com.pe\/?product=perfilador-atmosferico-da10#breadcrumb","itemListElement":[{"@type":"ListItem","position":1,"name":"Home","item":"https:\/\/sistecma.com.pe\/"},{"@type":"ListItem","position":2,"name":"Products","item":"https:\/\/sistecma.com.pe\/?post_type=product"},{"@type":"ListItem","position":3,"name":"Perfilador atmosf\u00e9rico &#8211; DA10"}]},{"@type":"WebSite","@id":"https:\/\/sistecma.com.pe\/#website","url":"https:\/\/sistecma.com.pe\/","name":"SISTECMA","description":"","potentialAction":[{"@type":"SearchAction","target":{"@type":"EntryPoint","urlTemplate":"https:\/\/sistecma.com.pe\/?s={search_term_string}"},"query-input":{"@type":"PropertyValueSpecification","valueRequired":true,"valueName":"search_term_string"}}],"inLanguage":"es-PE"}]}},"_links":{"self":[{"href":"https:\/\/sistecma.com.pe\/index.php?rest_route=\/wp\/v2\/product\/466","targetHints":{"allow":["GET"]}}],"collection":[{"href":"https:\/\/sistecma.com.pe\/index.php?rest_route=\/wp\/v2\/product"}],"about":[{"href":"https:\/\/sistecma.com.pe\/index.php?rest_route=\/wp\/v2\/types\/product"}],"replies":[{"embeddable":true,"href":"https:\/\/sistecma.com.pe\/index.php?rest_route=%2Fwp%2Fv2%2Fcomments&post=466"}],"wp:featuredmedia":[{"embeddable":true,"href":"https:\/\/sistecma.com.pe\/index.php?rest_route=\/wp\/v2\/media\/518"}],"wp:attachment":[{"href":"https:\/\/sistecma.com.pe\/index.php?rest_route=%2Fwp%2Fv2%2Fmedia&parent=466"}],"wp:term":[{"taxonomy":"product_cat","embeddable":true,"href":"https:\/\/sistecma.com.pe\/index.php?rest_route=%2Fwp%2Fv2%2Fproduct_cat&post=466"},{"taxonomy":"product_tag","embeddable":true,"href":"https:\/\/sistecma.com.pe\/index.php?rest_route=%2Fwp%2Fv2%2Fproduct_tag&post=466"}],"curies":[{"name":"wp","href":"https:\/\/api.w.org\/{rel}","templated":true}]}}