{"id":464,"date":"2024-08-17T04:24:27","date_gmt":"2024-08-17T04:24:27","guid":{"rendered":"https:\/\/sistecma.com.pe\/?post_type=product&#038;p=464"},"modified":"2024-08-27T23:42:27","modified_gmt":"2024-08-27T23:42:27","slug":"cirrus-mw51","status":"publish","type":"product","link":"https:\/\/sistecma.com.pe\/?product=cirrus-mw51","title":{"rendered":"CIRRUS MW51"},"content":{"rendered":"<p>El sistema viene con tecnolog\u00eda patentada y moderna, tecnolog\u00eda de radio en un dispositivo compacto y port\u00e1til, y paquete con protecci\u00f3n IP54 que ayuda a cumplir objetivos cruciales en mediciones atmosf\u00e9ricas. Est\u00e1 preparado para observaciones simult\u00e1neas en altitud, utilizando m\u00faltiples radiosondas: proporcionando una visibilidad sin precedentes sobre r\u00e1pidamente condiciones clim\u00e1ticas cambiantes y mejorar exactitud del pron\u00f3stico. Las mejores funciones de seguridad de datos de su clase proporcionan protecci\u00f3n contra amenazas de datos y accesos no autorizados. El cifrado de datos y el almacenamiento en b\u00fafer evitan p\u00e9rdida o manipulaci\u00f3n, mientras que el inicio de sesi\u00f3n seguro y el sistema de gesti\u00f3n de usuarios garantiza una seguridad l\u00edder en la industria<\/p>\n","protected":false},"excerpt":{"rendered":"<p>El sistema viene con tecnolog\u00eda patentada y moderna, tecnolog\u00eda de radio en un dispositivo compacto y port\u00e1til, y paquete con protecci\u00f3n IP54 que ayuda a cumplir objetivos cruciales en mediciones atmosf\u00e9ricas. Est\u00e1 preparado para observaciones simult\u00e1neas en altitud, utilizando m\u00faltiples radiosondas: proporcionando una visibilidad sin precedentes sobre r\u00e1pidamente condiciones clim\u00e1ticas cambiantes y mejorar exactitud del pron\u00f3stico. Las mejores funciones de seguridad de datos de su clase proporcionan protecci\u00f3n contra amenazas de datos y accesos no autorizados. El cifrado de datos y el almacenamiento en b\u00fafer evitan p\u00e9rdida o manipulaci\u00f3n, mientras que el inicio de sesi\u00f3n seguro y el sistema de gesti\u00f3n de usuarios garantiza una seguridad l\u00edder en la industria<\/p>\n","protected":false},"featured_media":520,"comment_status":"open","ping_status":"closed","template":"","meta":{"_joinchat":[]},"product_cat":[38],"product_tag":[43],"class_list":{"0":"post-464","1":"product","2":"type-product","3":"status-publish","4":"has-post-thumbnail","6":"product_cat-sondeo-atmosferico","7":"product_tag-sondeo-atmosferico","9":"first","10":"instock","11":"shipping-taxable","12":"product-type-simple"},"yoast_head":"<!-- This site is optimized with the Yoast SEO plugin v23.7 - https:\/\/yoast.com\/wordpress\/plugins\/seo\/ -->\n<title>CIRRUS MW51 - SISTECMA<\/title>\n<meta name=\"robots\" content=\"index, follow, max-snippet:-1, max-image-preview:large, max-video-preview:-1\" \/>\n<link rel=\"canonical\" href=\"https:\/\/sistecma.com.pe\/?product=cirrus-mw51\" \/>\n<meta property=\"og:locale\" content=\"es_ES\" \/>\n<meta property=\"og:type\" content=\"article\" \/>\n<meta property=\"og:title\" content=\"CIRRUS MW51 - SISTECMA\" \/>\n<meta property=\"og:description\" content=\"El sistema viene con tecnolog\u00eda patentada y moderna, tecnolog\u00eda de radio en un dispositivo compacto y port\u00e1til, y paquete con protecci\u00f3n IP54 que ayuda a cumplir objetivos cruciales en mediciones atmosf\u00e9ricas. Est\u00e1 preparado para observaciones simult\u00e1neas en altitud, utilizando m\u00faltiples radiosondas: proporcionando una visibilidad sin precedentes sobre r\u00e1pidamente condiciones clim\u00e1ticas cambiantes y mejorar exactitud del pron\u00f3stico. Las mejores funciones de seguridad de datos de su clase proporcionan protecci\u00f3n contra amenazas de datos y accesos no autorizados. El cifrado de datos y el almacenamiento en b\u00fafer evitan p\u00e9rdida o manipulaci\u00f3n, mientras que el inicio de sesi\u00f3n seguro y el sistema de gesti\u00f3n de usuarios garantiza una seguridad l\u00edder en la industria\" \/>\n<meta property=\"og:url\" content=\"https:\/\/sistecma.com.pe\/?product=cirrus-mw51\" \/>\n<meta property=\"og:site_name\" content=\"SISTECMA\" \/>\n<meta property=\"article:modified_time\" content=\"2024-08-27T23:42:27+00:00\" \/>\n<meta property=\"og:image\" content=\"https:\/\/sistecma.com.pe\/wp-content\/uploads\/2024\/08\/MW51.jpg\" \/>\n\t<meta property=\"og:image:width\" content=\"800\" \/>\n\t<meta property=\"og:image:height\" content=\"450\" \/>\n\t<meta property=\"og:image:type\" content=\"image\/jpeg\" \/>\n<meta name=\"twitter:card\" content=\"summary_large_image\" \/>\n<meta name=\"twitter:label1\" content=\"Est. reading time\" \/>\n\t<meta name=\"twitter:data1\" content=\"1 minuto\" \/>\n<script type=\"application\/ld+json\" class=\"yoast-schema-graph\">{\"@context\":\"https:\/\/schema.org\",\"@graph\":[{\"@type\":\"WebPage\",\"@id\":\"https:\/\/sistecma.com.pe\/?product=cirrus-mw51\",\"url\":\"https:\/\/sistecma.com.pe\/?product=cirrus-mw51\",\"name\":\"CIRRUS MW51 - SISTECMA\",\"isPartOf\":{\"@id\":\"https:\/\/sistecma.com.pe\/#website\"},\"primaryImageOfPage\":{\"@id\":\"https:\/\/sistecma.com.pe\/?product=cirrus-mw51#primaryimage\"},\"image\":{\"@id\":\"https:\/\/sistecma.com.pe\/?product=cirrus-mw51#primaryimage\"},\"thumbnailUrl\":\"https:\/\/sistecma.com.pe\/wp-content\/uploads\/2024\/08\/MW51.jpg\",\"datePublished\":\"2024-08-17T04:24:27+00:00\",\"dateModified\":\"2024-08-27T23:42:27+00:00\",\"breadcrumb\":{\"@id\":\"https:\/\/sistecma.com.pe\/?product=cirrus-mw51#breadcrumb\"},\"inLanguage\":\"es-PE\",\"potentialAction\":[{\"@type\":\"ReadAction\",\"target\":[\"https:\/\/sistecma.com.pe\/?product=cirrus-mw51\"]}]},{\"@type\":\"ImageObject\",\"inLanguage\":\"es-PE\",\"@id\":\"https:\/\/sistecma.com.pe\/?product=cirrus-mw51#primaryimage\",\"url\":\"https:\/\/sistecma.com.pe\/wp-content\/uploads\/2024\/08\/MW51.jpg\",\"contentUrl\":\"https:\/\/sistecma.com.pe\/wp-content\/uploads\/2024\/08\/MW51.jpg\",\"width\":800,\"height\":450},{\"@type\":\"BreadcrumbList\",\"@id\":\"https:\/\/sistecma.com.pe\/?product=cirrus-mw51#breadcrumb\",\"itemListElement\":[{\"@type\":\"ListItem\",\"position\":1,\"name\":\"Home\",\"item\":\"https:\/\/sistecma.com.pe\/\"},{\"@type\":\"ListItem\",\"position\":2,\"name\":\"Products\",\"item\":\"https:\/\/sistecma.com.pe\/?post_type=product\"},{\"@type\":\"ListItem\",\"position\":3,\"name\":\"CIRRUS MW51\"}]},{\"@type\":\"WebSite\",\"@id\":\"https:\/\/sistecma.com.pe\/#website\",\"url\":\"https:\/\/sistecma.com.pe\/\",\"name\":\"SISTECMA\",\"description\":\"\",\"potentialAction\":[{\"@type\":\"SearchAction\",\"target\":{\"@type\":\"EntryPoint\",\"urlTemplate\":\"https:\/\/sistecma.com.pe\/?s={search_term_string}\"},\"query-input\":{\"@type\":\"PropertyValueSpecification\",\"valueRequired\":true,\"valueName\":\"search_term_string\"}}],\"inLanguage\":\"es-PE\"}]}<\/script>\n<!-- \/ Yoast SEO plugin. -->","yoast_head_json":{"title":"CIRRUS MW51 - SISTECMA","robots":{"index":"index","follow":"follow","max-snippet":"max-snippet:-1","max-image-preview":"max-image-preview:large","max-video-preview":"max-video-preview:-1"},"canonical":"https:\/\/sistecma.com.pe\/?product=cirrus-mw51","og_locale":"es_ES","og_type":"article","og_title":"CIRRUS MW51 - SISTECMA","og_description":"El sistema viene con tecnolog\u00eda patentada y moderna, tecnolog\u00eda de radio en un dispositivo compacto y port\u00e1til, y paquete con protecci\u00f3n IP54 que ayuda a cumplir objetivos cruciales en mediciones atmosf\u00e9ricas. Est\u00e1 preparado para observaciones simult\u00e1neas en altitud, utilizando m\u00faltiples radiosondas: proporcionando una visibilidad sin precedentes sobre r\u00e1pidamente condiciones clim\u00e1ticas cambiantes y mejorar exactitud del pron\u00f3stico. Las mejores funciones de seguridad de datos de su clase proporcionan protecci\u00f3n contra amenazas de datos y accesos no autorizados. El cifrado de datos y el almacenamiento en b\u00fafer evitan p\u00e9rdida o manipulaci\u00f3n, mientras que el inicio de sesi\u00f3n seguro y el sistema de gesti\u00f3n de usuarios garantiza una seguridad l\u00edder en la industria","og_url":"https:\/\/sistecma.com.pe\/?product=cirrus-mw51","og_site_name":"SISTECMA","article_modified_time":"2024-08-27T23:42:27+00:00","og_image":[{"width":800,"height":450,"url":"https:\/\/sistecma.com.pe\/wp-content\/uploads\/2024\/08\/MW51.jpg","type":"image\/jpeg"}],"twitter_card":"summary_large_image","twitter_misc":{"Est. reading time":"1 minuto"},"schema":{"@context":"https:\/\/schema.org","@graph":[{"@type":"WebPage","@id":"https:\/\/sistecma.com.pe\/?product=cirrus-mw51","url":"https:\/\/sistecma.com.pe\/?product=cirrus-mw51","name":"CIRRUS MW51 - SISTECMA","isPartOf":{"@id":"https:\/\/sistecma.com.pe\/#website"},"primaryImageOfPage":{"@id":"https:\/\/sistecma.com.pe\/?product=cirrus-mw51#primaryimage"},"image":{"@id":"https:\/\/sistecma.com.pe\/?product=cirrus-mw51#primaryimage"},"thumbnailUrl":"https:\/\/sistecma.com.pe\/wp-content\/uploads\/2024\/08\/MW51.jpg","datePublished":"2024-08-17T04:24:27+00:00","dateModified":"2024-08-27T23:42:27+00:00","breadcrumb":{"@id":"https:\/\/sistecma.com.pe\/?product=cirrus-mw51#breadcrumb"},"inLanguage":"es-PE","potentialAction":[{"@type":"ReadAction","target":["https:\/\/sistecma.com.pe\/?product=cirrus-mw51"]}]},{"@type":"ImageObject","inLanguage":"es-PE","@id":"https:\/\/sistecma.com.pe\/?product=cirrus-mw51#primaryimage","url":"https:\/\/sistecma.com.pe\/wp-content\/uploads\/2024\/08\/MW51.jpg","contentUrl":"https:\/\/sistecma.com.pe\/wp-content\/uploads\/2024\/08\/MW51.jpg","width":800,"height":450},{"@type":"BreadcrumbList","@id":"https:\/\/sistecma.com.pe\/?product=cirrus-mw51#breadcrumb","itemListElement":[{"@type":"ListItem","position":1,"name":"Home","item":"https:\/\/sistecma.com.pe\/"},{"@type":"ListItem","position":2,"name":"Products","item":"https:\/\/sistecma.com.pe\/?post_type=product"},{"@type":"ListItem","position":3,"name":"CIRRUS MW51"}]},{"@type":"WebSite","@id":"https:\/\/sistecma.com.pe\/#website","url":"https:\/\/sistecma.com.pe\/","name":"SISTECMA","description":"","potentialAction":[{"@type":"SearchAction","target":{"@type":"EntryPoint","urlTemplate":"https:\/\/sistecma.com.pe\/?s={search_term_string}"},"query-input":{"@type":"PropertyValueSpecification","valueRequired":true,"valueName":"search_term_string"}}],"inLanguage":"es-PE"}]}},"_links":{"self":[{"href":"https:\/\/sistecma.com.pe\/index.php?rest_route=\/wp\/v2\/product\/464","targetHints":{"allow":["GET"]}}],"collection":[{"href":"https:\/\/sistecma.com.pe\/index.php?rest_route=\/wp\/v2\/product"}],"about":[{"href":"https:\/\/sistecma.com.pe\/index.php?rest_route=\/wp\/v2\/types\/product"}],"replies":[{"embeddable":true,"href":"https:\/\/sistecma.com.pe\/index.php?rest_route=%2Fwp%2Fv2%2Fcomments&post=464"}],"wp:featuredmedia":[{"embeddable":true,"href":"https:\/\/sistecma.com.pe\/index.php?rest_route=\/wp\/v2\/media\/520"}],"wp:attachment":[{"href":"https:\/\/sistecma.com.pe\/index.php?rest_route=%2Fwp%2Fv2%2Fmedia&parent=464"}],"wp:term":[{"taxonomy":"product_cat","embeddable":true,"href":"https:\/\/sistecma.com.pe\/index.php?rest_route=%2Fwp%2Fv2%2Fproduct_cat&post=464"},{"taxonomy":"product_tag","embeddable":true,"href":"https:\/\/sistecma.com.pe\/index.php?rest_route=%2Fwp%2Fv2%2Fproduct_tag&post=464"}],"curies":[{"name":"wp","href":"https:\/\/api.w.org\/{rel}","templated":true}]}}