{"id":463,"date":"2024-08-17T04:23:35","date_gmt":"2024-08-17T04:23:35","guid":{"rendered":"https:\/\/sistecma.com.pe\/?post_type=product&#038;p=463"},"modified":"2024-08-27T23:43:24","modified_gmt":"2024-08-27T23:43:24","slug":"radio-sonda-rs41-e","status":"publish","type":"product","link":"https:\/\/sistecma.com.pe\/?product=radio-sonda-rs41-e","title":{"rendered":"Radio sonda &#8211; RS41 E"},"content":{"rendered":"<p>Cuando las predicciones meteorol\u00f3gicas son precisas, m\u00e1s personas y sus comunidades est\u00e1n protegidas de los peligros y los impactos socioecon\u00f3micos. Los sondeos en altitud ayudan a proporcionar un perfil meteorol\u00f3gico atmosf\u00e9rico completo. La radiosonda proporciona datos de medici\u00f3n de clima en altitud que incluyen temperatura, humedad, presi\u00f3n y velocidad y direcci\u00f3n del viento, y funcionan incluso en condiciones clim\u00e1ticas m\u00e1s exigentes, todo en un dise\u00f1o robusto y f\u00e1cil de usar.<\/p>\n","protected":false},"excerpt":{"rendered":"<p>Cuando las predicciones meteorol\u00f3gicas son precisas, m\u00e1s personas y sus comunidades est\u00e1n protegidas de los peligros y los impactos socioecon\u00f3micos. Los sondeos en altitud ayudan a proporcionar un perfil meteorol\u00f3gico atmosf\u00e9rico completo. La radiosonda proporciona datos de medici\u00f3n de clima en altitud que incluyen temperatura, humedad, presi\u00f3n y velocidad y direcci\u00f3n del viento, y funcionan incluso en condiciones clim\u00e1ticas m\u00e1s exigentes, todo en un dise\u00f1o robusto y f\u00e1cil de usar.<\/p>\n","protected":false},"featured_media":521,"comment_status":"open","ping_status":"closed","template":"","meta":{"_joinchat":[]},"product_cat":[38],"product_tag":[43],"class_list":{"0":"post-463","1":"product","2":"type-product","3":"status-publish","4":"has-post-thumbnail","6":"product_cat-sondeo-atmosferico","7":"product_tag-sondeo-atmosferico","9":"first","10":"instock","11":"shipping-taxable","12":"product-type-simple"},"yoast_head":"<!-- This site is optimized with the Yoast SEO plugin v23.7 - https:\/\/yoast.com\/wordpress\/plugins\/seo\/ -->\n<title>Radio sonda - RS41 E - SISTECMA<\/title>\n<meta name=\"robots\" content=\"index, follow, max-snippet:-1, max-image-preview:large, max-video-preview:-1\" \/>\n<link rel=\"canonical\" href=\"https:\/\/sistecma.com.pe\/?product=radio-sonda-rs41-e\" \/>\n<meta property=\"og:locale\" content=\"es_ES\" \/>\n<meta property=\"og:type\" content=\"article\" \/>\n<meta property=\"og:title\" content=\"Radio sonda - RS41 E - SISTECMA\" \/>\n<meta property=\"og:description\" content=\"Cuando las predicciones meteorol\u00f3gicas son precisas, m\u00e1s personas y sus comunidades est\u00e1n protegidas de los peligros y los impactos socioecon\u00f3micos. Los sondeos en altitud ayudan a proporcionar un perfil meteorol\u00f3gico atmosf\u00e9rico completo. La radiosonda proporciona datos de medici\u00f3n de clima en altitud que incluyen temperatura, humedad, presi\u00f3n y velocidad y direcci\u00f3n del viento, y funcionan incluso en condiciones clim\u00e1ticas m\u00e1s exigentes, todo en un dise\u00f1o robusto y f\u00e1cil de usar.\" \/>\n<meta property=\"og:url\" content=\"https:\/\/sistecma.com.pe\/?product=radio-sonda-rs41-e\" \/>\n<meta property=\"og:site_name\" content=\"SISTECMA\" \/>\n<meta property=\"article:modified_time\" content=\"2024-08-27T23:43:24+00:00\" \/>\n<meta property=\"og:image\" content=\"https:\/\/sistecma.com.pe\/wp-content\/uploads\/2024\/08\/RS41.jpg\" \/>\n\t<meta property=\"og:image:width\" content=\"800\" \/>\n\t<meta property=\"og:image:height\" content=\"450\" \/>\n\t<meta property=\"og:image:type\" content=\"image\/jpeg\" \/>\n<meta name=\"twitter:card\" content=\"summary_large_image\" \/>\n<meta name=\"twitter:label1\" content=\"Est. reading time\" \/>\n\t<meta name=\"twitter:data1\" content=\"1 minuto\" \/>\n<script type=\"application\/ld+json\" class=\"yoast-schema-graph\">{\"@context\":\"https:\/\/schema.org\",\"@graph\":[{\"@type\":\"WebPage\",\"@id\":\"https:\/\/sistecma.com.pe\/?product=radio-sonda-rs41-e\",\"url\":\"https:\/\/sistecma.com.pe\/?product=radio-sonda-rs41-e\",\"name\":\"Radio sonda - RS41 E - SISTECMA\",\"isPartOf\":{\"@id\":\"https:\/\/sistecma.com.pe\/#website\"},\"primaryImageOfPage\":{\"@id\":\"https:\/\/sistecma.com.pe\/?product=radio-sonda-rs41-e#primaryimage\"},\"image\":{\"@id\":\"https:\/\/sistecma.com.pe\/?product=radio-sonda-rs41-e#primaryimage\"},\"thumbnailUrl\":\"https:\/\/sistecma.com.pe\/wp-content\/uploads\/2024\/08\/RS41.jpg\",\"datePublished\":\"2024-08-17T04:23:35+00:00\",\"dateModified\":\"2024-08-27T23:43:24+00:00\",\"breadcrumb\":{\"@id\":\"https:\/\/sistecma.com.pe\/?product=radio-sonda-rs41-e#breadcrumb\"},\"inLanguage\":\"es-PE\",\"potentialAction\":[{\"@type\":\"ReadAction\",\"target\":[\"https:\/\/sistecma.com.pe\/?product=radio-sonda-rs41-e\"]}]},{\"@type\":\"ImageObject\",\"inLanguage\":\"es-PE\",\"@id\":\"https:\/\/sistecma.com.pe\/?product=radio-sonda-rs41-e#primaryimage\",\"url\":\"https:\/\/sistecma.com.pe\/wp-content\/uploads\/2024\/08\/RS41.jpg\",\"contentUrl\":\"https:\/\/sistecma.com.pe\/wp-content\/uploads\/2024\/08\/RS41.jpg\",\"width\":800,\"height\":450},{\"@type\":\"BreadcrumbList\",\"@id\":\"https:\/\/sistecma.com.pe\/?product=radio-sonda-rs41-e#breadcrumb\",\"itemListElement\":[{\"@type\":\"ListItem\",\"position\":1,\"name\":\"Home\",\"item\":\"https:\/\/sistecma.com.pe\/\"},{\"@type\":\"ListItem\",\"position\":2,\"name\":\"Products\",\"item\":\"https:\/\/sistecma.com.pe\/?post_type=product\"},{\"@type\":\"ListItem\",\"position\":3,\"name\":\"Radio sonda &#8211; RS41 E\"}]},{\"@type\":\"WebSite\",\"@id\":\"https:\/\/sistecma.com.pe\/#website\",\"url\":\"https:\/\/sistecma.com.pe\/\",\"name\":\"SISTECMA\",\"description\":\"\",\"potentialAction\":[{\"@type\":\"SearchAction\",\"target\":{\"@type\":\"EntryPoint\",\"urlTemplate\":\"https:\/\/sistecma.com.pe\/?s={search_term_string}\"},\"query-input\":{\"@type\":\"PropertyValueSpecification\",\"valueRequired\":true,\"valueName\":\"search_term_string\"}}],\"inLanguage\":\"es-PE\"}]}<\/script>\n<!-- \/ Yoast SEO plugin. -->","yoast_head_json":{"title":"Radio sonda - RS41 E - SISTECMA","robots":{"index":"index","follow":"follow","max-snippet":"max-snippet:-1","max-image-preview":"max-image-preview:large","max-video-preview":"max-video-preview:-1"},"canonical":"https:\/\/sistecma.com.pe\/?product=radio-sonda-rs41-e","og_locale":"es_ES","og_type":"article","og_title":"Radio sonda - RS41 E - SISTECMA","og_description":"Cuando las predicciones meteorol\u00f3gicas son precisas, m\u00e1s personas y sus comunidades est\u00e1n protegidas de los peligros y los impactos socioecon\u00f3micos. Los sondeos en altitud ayudan a proporcionar un perfil meteorol\u00f3gico atmosf\u00e9rico completo. La radiosonda proporciona datos de medici\u00f3n de clima en altitud que incluyen temperatura, humedad, presi\u00f3n y velocidad y direcci\u00f3n del viento, y funcionan incluso en condiciones clim\u00e1ticas m\u00e1s exigentes, todo en un dise\u00f1o robusto y f\u00e1cil de usar.","og_url":"https:\/\/sistecma.com.pe\/?product=radio-sonda-rs41-e","og_site_name":"SISTECMA","article_modified_time":"2024-08-27T23:43:24+00:00","og_image":[{"width":800,"height":450,"url":"https:\/\/sistecma.com.pe\/wp-content\/uploads\/2024\/08\/RS41.jpg","type":"image\/jpeg"}],"twitter_card":"summary_large_image","twitter_misc":{"Est. reading time":"1 minuto"},"schema":{"@context":"https:\/\/schema.org","@graph":[{"@type":"WebPage","@id":"https:\/\/sistecma.com.pe\/?product=radio-sonda-rs41-e","url":"https:\/\/sistecma.com.pe\/?product=radio-sonda-rs41-e","name":"Radio sonda - RS41 E - SISTECMA","isPartOf":{"@id":"https:\/\/sistecma.com.pe\/#website"},"primaryImageOfPage":{"@id":"https:\/\/sistecma.com.pe\/?product=radio-sonda-rs41-e#primaryimage"},"image":{"@id":"https:\/\/sistecma.com.pe\/?product=radio-sonda-rs41-e#primaryimage"},"thumbnailUrl":"https:\/\/sistecma.com.pe\/wp-content\/uploads\/2024\/08\/RS41.jpg","datePublished":"2024-08-17T04:23:35+00:00","dateModified":"2024-08-27T23:43:24+00:00","breadcrumb":{"@id":"https:\/\/sistecma.com.pe\/?product=radio-sonda-rs41-e#breadcrumb"},"inLanguage":"es-PE","potentialAction":[{"@type":"ReadAction","target":["https:\/\/sistecma.com.pe\/?product=radio-sonda-rs41-e"]}]},{"@type":"ImageObject","inLanguage":"es-PE","@id":"https:\/\/sistecma.com.pe\/?product=radio-sonda-rs41-e#primaryimage","url":"https:\/\/sistecma.com.pe\/wp-content\/uploads\/2024\/08\/RS41.jpg","contentUrl":"https:\/\/sistecma.com.pe\/wp-content\/uploads\/2024\/08\/RS41.jpg","width":800,"height":450},{"@type":"BreadcrumbList","@id":"https:\/\/sistecma.com.pe\/?product=radio-sonda-rs41-e#breadcrumb","itemListElement":[{"@type":"ListItem","position":1,"name":"Home","item":"https:\/\/sistecma.com.pe\/"},{"@type":"ListItem","position":2,"name":"Products","item":"https:\/\/sistecma.com.pe\/?post_type=product"},{"@type":"ListItem","position":3,"name":"Radio sonda &#8211; RS41 E"}]},{"@type":"WebSite","@id":"https:\/\/sistecma.com.pe\/#website","url":"https:\/\/sistecma.com.pe\/","name":"SISTECMA","description":"","potentialAction":[{"@type":"SearchAction","target":{"@type":"EntryPoint","urlTemplate":"https:\/\/sistecma.com.pe\/?s={search_term_string}"},"query-input":{"@type":"PropertyValueSpecification","valueRequired":true,"valueName":"search_term_string"}}],"inLanguage":"es-PE"}]}},"_links":{"self":[{"href":"https:\/\/sistecma.com.pe\/index.php?rest_route=\/wp\/v2\/product\/463","targetHints":{"allow":["GET"]}}],"collection":[{"href":"https:\/\/sistecma.com.pe\/index.php?rest_route=\/wp\/v2\/product"}],"about":[{"href":"https:\/\/sistecma.com.pe\/index.php?rest_route=\/wp\/v2\/types\/product"}],"replies":[{"embeddable":true,"href":"https:\/\/sistecma.com.pe\/index.php?rest_route=%2Fwp%2Fv2%2Fcomments&post=463"}],"wp:featuredmedia":[{"embeddable":true,"href":"https:\/\/sistecma.com.pe\/index.php?rest_route=\/wp\/v2\/media\/521"}],"wp:attachment":[{"href":"https:\/\/sistecma.com.pe\/index.php?rest_route=%2Fwp%2Fv2%2Fmedia&parent=463"}],"wp:term":[{"taxonomy":"product_cat","embeddable":true,"href":"https:\/\/sistecma.com.pe\/index.php?rest_route=%2Fwp%2Fv2%2Fproduct_cat&post=463"},{"taxonomy":"product_tag","embeddable":true,"href":"https:\/\/sistecma.com.pe\/index.php?rest_route=%2Fwp%2Fv2%2Fproduct_tag&post=463"}],"curies":[{"name":"wp","href":"https:\/\/api.w.org\/{rel}","templated":true}]}}