{"id":459,"date":"2024-08-17T04:17:47","date_gmt":"2024-08-17T04:17:47","guid":{"rendered":"https:\/\/sistecma.com.pe\/?post_type=product&#038;p=459"},"modified":"2024-09-15T23:26:10","modified_gmt":"2024-09-15T23:26:10","slug":"software-iris","status":"publish","type":"product","link":"https:\/\/sistecma.com.pe\/?product=software-iris","title":{"rendered":"Software &#8211; IRIS"},"content":{"rendered":"<p>Con IRIS Focus, obtienes una superior comprensi\u00f3n de los fen\u00f3menos meteorol\u00f3gicos, especialmente clima convectivo, fuertes lluvias, frentes y estructuras de tormentas: para pron\u00f3sticos m\u00e1s precisos y alertas tempranas. El software combina datos desde sensores remotos, incluido el radar meteorol\u00f3gico, lidar de viente, redes de precisi\u00f3n de rayos y otras fuentes de datos como sat\u00e9lites para proporcionar una visualizaci\u00f3n interactiva de datos meteorol\u00f3gicos. F\u00e1cil de usar y compartir datos sin concesiones de seguridad, la interfaz basada en web incluye herramientas de seguimiento de tomerta, pron\u00f3stico inmediato y corte transversal para una mejor comprensi\u00f3n del movimiento de tormentas. El soporte de decisiones integrado ahorra tiempo con monitoreo en tiempo real, clima automatizado, detecci\u00f3n de peligros y alertas personalizadas para un \u00e1rea geogr\u00e1fica especificada, como ciudades<\/p>\n","protected":false},"excerpt":{"rendered":"<p>Con IRIS Focus, obtienes una superior comprensi\u00f3n de los fen\u00f3menos meteorol\u00f3gicos, especialmente clima convectivo, fuertes lluvias, frentes y estructuras de tormentas: para pron\u00f3sticos m\u00e1s precisos y alertas tempranas. El software combina datos desde sensores remotos, incluido el radar meteorol\u00f3gico, lidar de viente, redes de precisi\u00f3n de rayos y otras fuentes de datos como sat\u00e9lites para proporcionar una visualizaci\u00f3n interactiva de datos meteorol\u00f3gicos. F\u00e1cil de usar y compartir datos sin concesiones de seguridad, la interfaz basada en web incluye herramientas de seguimiento de tomerta, pron\u00f3stico inmediato y corte transversal para una mejor comprensi\u00f3n del movimiento de tormentas. El soporte de decisiones integrado ahorra tiempo con monitoreo en tiempo real, clima automatizado, detecci\u00f3n de peligros y alertas personalizadas para un \u00e1rea geogr\u00e1fica especificada, como ciudades<\/p>\n","protected":false},"featured_media":523,"comment_status":"open","ping_status":"closed","template":"","meta":{"_joinchat":[]},"product_cat":[36],"product_tag":[45],"class_list":{"0":"post-459","1":"product","2":"type-product","3":"status-publish","4":"has-post-thumbnail","6":"product_cat-radar-meteorologico","7":"product_tag-radar-meteorologico","9":"first","10":"instock","11":"shipping-taxable","12":"product-type-simple"},"yoast_head":"<!-- This site is optimized with the Yoast SEO plugin v23.7 - https:\/\/yoast.com\/wordpress\/plugins\/seo\/ -->\n<title>Software - IRIS - SISTECMA<\/title>\n<meta name=\"robots\" content=\"index, follow, max-snippet:-1, max-image-preview:large, max-video-preview:-1\" \/>\n<link rel=\"canonical\" href=\"https:\/\/sistecma.com.pe\/?product=software-iris\" \/>\n<meta property=\"og:locale\" content=\"es_ES\" \/>\n<meta property=\"og:type\" content=\"article\" \/>\n<meta property=\"og:title\" content=\"Software - IRIS - SISTECMA\" \/>\n<meta property=\"og:description\" content=\"Con IRIS Focus, obtienes una superior comprensi\u00f3n de los fen\u00f3menos meteorol\u00f3gicos, especialmente clima convectivo, fuertes lluvias, frentes y estructuras de tormentas: para pron\u00f3sticos m\u00e1s precisos y alertas tempranas. El software combina datos desde sensores remotos, incluido el radar meteorol\u00f3gico, lidar de viente, redes de precisi\u00f3n de rayos y otras fuentes de datos como sat\u00e9lites para proporcionar una visualizaci\u00f3n interactiva de datos meteorol\u00f3gicos. F\u00e1cil de usar y compartir datos sin concesiones de seguridad, la interfaz basada en web incluye herramientas de seguimiento de tomerta, pron\u00f3stico inmediato y corte transversal para una mejor comprensi\u00f3n del movimiento de tormentas. El soporte de decisiones integrado ahorra tiempo con monitoreo en tiempo real, clima automatizado, detecci\u00f3n de peligros y alertas personalizadas para un \u00e1rea geogr\u00e1fica especificada, como ciudades\" \/>\n<meta property=\"og:url\" content=\"https:\/\/sistecma.com.pe\/?product=software-iris\" \/>\n<meta property=\"og:site_name\" content=\"SISTECMA\" \/>\n<meta property=\"article:modified_time\" content=\"2024-09-15T23:26:10+00:00\" \/>\n<meta property=\"og:image\" content=\"https:\/\/sistecma.com.pe\/wp-content\/uploads\/2024\/08\/IRIS-FOCUS.gif\" \/>\n\t<meta property=\"og:image:width\" content=\"800\" \/>\n\t<meta property=\"og:image:height\" content=\"440\" \/>\n\t<meta property=\"og:image:type\" content=\"image\/gif\" \/>\n<meta name=\"twitter:card\" content=\"summary_large_image\" \/>\n<meta name=\"twitter:label1\" content=\"Est. reading time\" \/>\n\t<meta name=\"twitter:data1\" content=\"1 minuto\" \/>\n<script type=\"application\/ld+json\" class=\"yoast-schema-graph\">{\"@context\":\"https:\/\/schema.org\",\"@graph\":[{\"@type\":\"WebPage\",\"@id\":\"https:\/\/sistecma.com.pe\/?product=software-iris\",\"url\":\"https:\/\/sistecma.com.pe\/?product=software-iris\",\"name\":\"Software - IRIS - SISTECMA\",\"isPartOf\":{\"@id\":\"https:\/\/sistecma.com.pe\/#website\"},\"primaryImageOfPage\":{\"@id\":\"https:\/\/sistecma.com.pe\/?product=software-iris#primaryimage\"},\"image\":{\"@id\":\"https:\/\/sistecma.com.pe\/?product=software-iris#primaryimage\"},\"thumbnailUrl\":\"https:\/\/sistecma.com.pe\/wp-content\/uploads\/2024\/08\/IRIS-FOCUS.gif\",\"datePublished\":\"2024-08-17T04:17:47+00:00\",\"dateModified\":\"2024-09-15T23:26:10+00:00\",\"breadcrumb\":{\"@id\":\"https:\/\/sistecma.com.pe\/?product=software-iris#breadcrumb\"},\"inLanguage\":\"es-PE\",\"potentialAction\":[{\"@type\":\"ReadAction\",\"target\":[\"https:\/\/sistecma.com.pe\/?product=software-iris\"]}]},{\"@type\":\"ImageObject\",\"inLanguage\":\"es-PE\",\"@id\":\"https:\/\/sistecma.com.pe\/?product=software-iris#primaryimage\",\"url\":\"https:\/\/sistecma.com.pe\/wp-content\/uploads\/2024\/08\/IRIS-FOCUS.gif\",\"contentUrl\":\"https:\/\/sistecma.com.pe\/wp-content\/uploads\/2024\/08\/IRIS-FOCUS.gif\",\"width\":800,\"height\":440},{\"@type\":\"BreadcrumbList\",\"@id\":\"https:\/\/sistecma.com.pe\/?product=software-iris#breadcrumb\",\"itemListElement\":[{\"@type\":\"ListItem\",\"position\":1,\"name\":\"Home\",\"item\":\"https:\/\/sistecma.com.pe\/\"},{\"@type\":\"ListItem\",\"position\":2,\"name\":\"Products\",\"item\":\"https:\/\/sistecma.com.pe\/?post_type=product\"},{\"@type\":\"ListItem\",\"position\":3,\"name\":\"Software &#8211; IRIS\"}]},{\"@type\":\"WebSite\",\"@id\":\"https:\/\/sistecma.com.pe\/#website\",\"url\":\"https:\/\/sistecma.com.pe\/\",\"name\":\"SISTECMA\",\"description\":\"\",\"potentialAction\":[{\"@type\":\"SearchAction\",\"target\":{\"@type\":\"EntryPoint\",\"urlTemplate\":\"https:\/\/sistecma.com.pe\/?s={search_term_string}\"},\"query-input\":{\"@type\":\"PropertyValueSpecification\",\"valueRequired\":true,\"valueName\":\"search_term_string\"}}],\"inLanguage\":\"es-PE\"}]}<\/script>\n<!-- \/ Yoast SEO plugin. -->","yoast_head_json":{"title":"Software - IRIS - SISTECMA","robots":{"index":"index","follow":"follow","max-snippet":"max-snippet:-1","max-image-preview":"max-image-preview:large","max-video-preview":"max-video-preview:-1"},"canonical":"https:\/\/sistecma.com.pe\/?product=software-iris","og_locale":"es_ES","og_type":"article","og_title":"Software - IRIS - SISTECMA","og_description":"Con IRIS Focus, obtienes una superior comprensi\u00f3n de los fen\u00f3menos meteorol\u00f3gicos, especialmente clima convectivo, fuertes lluvias, frentes y estructuras de tormentas: para pron\u00f3sticos m\u00e1s precisos y alertas tempranas. El software combina datos desde sensores remotos, incluido el radar meteorol\u00f3gico, lidar de viente, redes de precisi\u00f3n de rayos y otras fuentes de datos como sat\u00e9lites para proporcionar una visualizaci\u00f3n interactiva de datos meteorol\u00f3gicos. F\u00e1cil de usar y compartir datos sin concesiones de seguridad, la interfaz basada en web incluye herramientas de seguimiento de tomerta, pron\u00f3stico inmediato y corte transversal para una mejor comprensi\u00f3n del movimiento de tormentas. El soporte de decisiones integrado ahorra tiempo con monitoreo en tiempo real, clima automatizado, detecci\u00f3n de peligros y alertas personalizadas para un \u00e1rea geogr\u00e1fica especificada, como ciudades","og_url":"https:\/\/sistecma.com.pe\/?product=software-iris","og_site_name":"SISTECMA","article_modified_time":"2024-09-15T23:26:10+00:00","og_image":[{"width":800,"height":440,"url":"https:\/\/sistecma.com.pe\/wp-content\/uploads\/2024\/08\/IRIS-FOCUS.gif","type":"image\/gif"}],"twitter_card":"summary_large_image","twitter_misc":{"Est. reading time":"1 minuto"},"schema":{"@context":"https:\/\/schema.org","@graph":[{"@type":"WebPage","@id":"https:\/\/sistecma.com.pe\/?product=software-iris","url":"https:\/\/sistecma.com.pe\/?product=software-iris","name":"Software - IRIS - SISTECMA","isPartOf":{"@id":"https:\/\/sistecma.com.pe\/#website"},"primaryImageOfPage":{"@id":"https:\/\/sistecma.com.pe\/?product=software-iris#primaryimage"},"image":{"@id":"https:\/\/sistecma.com.pe\/?product=software-iris#primaryimage"},"thumbnailUrl":"https:\/\/sistecma.com.pe\/wp-content\/uploads\/2024\/08\/IRIS-FOCUS.gif","datePublished":"2024-08-17T04:17:47+00:00","dateModified":"2024-09-15T23:26:10+00:00","breadcrumb":{"@id":"https:\/\/sistecma.com.pe\/?product=software-iris#breadcrumb"},"inLanguage":"es-PE","potentialAction":[{"@type":"ReadAction","target":["https:\/\/sistecma.com.pe\/?product=software-iris"]}]},{"@type":"ImageObject","inLanguage":"es-PE","@id":"https:\/\/sistecma.com.pe\/?product=software-iris#primaryimage","url":"https:\/\/sistecma.com.pe\/wp-content\/uploads\/2024\/08\/IRIS-FOCUS.gif","contentUrl":"https:\/\/sistecma.com.pe\/wp-content\/uploads\/2024\/08\/IRIS-FOCUS.gif","width":800,"height":440},{"@type":"BreadcrumbList","@id":"https:\/\/sistecma.com.pe\/?product=software-iris#breadcrumb","itemListElement":[{"@type":"ListItem","position":1,"name":"Home","item":"https:\/\/sistecma.com.pe\/"},{"@type":"ListItem","position":2,"name":"Products","item":"https:\/\/sistecma.com.pe\/?post_type=product"},{"@type":"ListItem","position":3,"name":"Software &#8211; IRIS"}]},{"@type":"WebSite","@id":"https:\/\/sistecma.com.pe\/#website","url":"https:\/\/sistecma.com.pe\/","name":"SISTECMA","description":"","potentialAction":[{"@type":"SearchAction","target":{"@type":"EntryPoint","urlTemplate":"https:\/\/sistecma.com.pe\/?s={search_term_string}"},"query-input":{"@type":"PropertyValueSpecification","valueRequired":true,"valueName":"search_term_string"}}],"inLanguage":"es-PE"}]}},"_links":{"self":[{"href":"https:\/\/sistecma.com.pe\/index.php?rest_route=\/wp\/v2\/product\/459","targetHints":{"allow":["GET"]}}],"collection":[{"href":"https:\/\/sistecma.com.pe\/index.php?rest_route=\/wp\/v2\/product"}],"about":[{"href":"https:\/\/sistecma.com.pe\/index.php?rest_route=\/wp\/v2\/types\/product"}],"replies":[{"embeddable":true,"href":"https:\/\/sistecma.com.pe\/index.php?rest_route=%2Fwp%2Fv2%2Fcomments&post=459"}],"wp:featuredmedia":[{"embeddable":true,"href":"https:\/\/sistecma.com.pe\/index.php?rest_route=\/wp\/v2\/media\/523"}],"wp:attachment":[{"href":"https:\/\/sistecma.com.pe\/index.php?rest_route=%2Fwp%2Fv2%2Fmedia&parent=459"}],"wp:term":[{"taxonomy":"product_cat","embeddable":true,"href":"https:\/\/sistecma.com.pe\/index.php?rest_route=%2Fwp%2Fv2%2Fproduct_cat&post=459"},{"taxonomy":"product_tag","embeddable":true,"href":"https:\/\/sistecma.com.pe\/index.php?rest_route=%2Fwp%2Fv2%2Fproduct_tag&post=459"}],"curies":[{"name":"wp","href":"https:\/\/api.w.org\/{rel}","templated":true}]}}