{"id":458,"date":"2024-08-17T04:16:55","date_gmt":"2024-08-17T04:16:55","guid":{"rendered":"https:\/\/sistecma.com.pe\/?post_type=product&#038;p=458"},"modified":"2024-08-27T23:45:18","modified_gmt":"2024-08-27T23:45:18","slug":"radar-banda-c","status":"publish","type":"product","link":"https:\/\/sistecma.com.pe\/?product=radar-banda-c","title":{"rendered":"Radar Banda C &#8211; WRS200"},"content":{"rendered":"<p>Los radares de banda C son radares meteorol\u00f3gicos de polarizaci\u00f3n dual Doppler que brindan el mejor detalle del sistema meteorol\u00f3gico en su clase para realizar pron\u00f3sticos m\u00e1s precisos y oportunos. Incluso pueden distinguir entre precipitaci\u00f3n l\u00edquida y congelada dentro de las nubes de lluvia y eliminar objetivos no meteorol\u00f3gicos de los datos del radar. Los objetivos se identifican como, por ejemplo, lluvia, granizo o nieve, utilizando sofisticadas t\u00e9cnicas de procesamiento de datos.<\/p>\n","protected":false},"excerpt":{"rendered":"<p>Los radares de banda C son radares meteorol\u00f3gicos de polarizaci\u00f3n dual Doppler que brindan el mejor detalle del sistema meteorol\u00f3gico en su clase para realizar pron\u00f3sticos m\u00e1s precisos y oportunos. Incluso pueden distinguir entre precipitaci\u00f3n l\u00edquida y congelada dentro de las nubes de lluvia y eliminar objetivos no meteorol\u00f3gicos de los datos del radar. Los objetivos se identifican como, por ejemplo, lluvia, granizo o nieve, utilizando sofisticadas t\u00e9cnicas de procesamiento de datos.<\/p>\n","protected":false},"featured_media":524,"comment_status":"open","ping_status":"closed","template":"","meta":{"_joinchat":[]},"product_cat":[36],"product_tag":[45],"class_list":{"0":"post-458","1":"product","2":"type-product","3":"status-publish","4":"has-post-thumbnail","6":"product_cat-radar-meteorologico","7":"product_tag-radar-meteorologico","9":"first","10":"instock","11":"shipping-taxable","12":"product-type-simple"},"yoast_head":"<!-- This site is optimized with the Yoast SEO plugin v23.7 - https:\/\/yoast.com\/wordpress\/plugins\/seo\/ -->\n<title>Radar Banda C - WRS200 - SISTECMA<\/title>\n<meta name=\"robots\" content=\"index, follow, max-snippet:-1, max-image-preview:large, max-video-preview:-1\" \/>\n<link rel=\"canonical\" href=\"https:\/\/sistecma.com.pe\/?product=radar-banda-c\" \/>\n<meta property=\"og:locale\" content=\"es_ES\" \/>\n<meta property=\"og:type\" content=\"article\" \/>\n<meta property=\"og:title\" content=\"Radar Banda C - WRS200 - SISTECMA\" \/>\n<meta property=\"og:description\" content=\"Los radares de banda C son radares meteorol\u00f3gicos de polarizaci\u00f3n dual Doppler que brindan el mejor detalle del sistema meteorol\u00f3gico en su clase para realizar pron\u00f3sticos m\u00e1s precisos y oportunos. Incluso pueden distinguir entre precipitaci\u00f3n l\u00edquida y congelada dentro de las nubes de lluvia y eliminar objetivos no meteorol\u00f3gicos de los datos del radar. Los objetivos se identifican como, por ejemplo, lluvia, granizo o nieve, utilizando sofisticadas t\u00e9cnicas de procesamiento de datos.\" \/>\n<meta property=\"og:url\" content=\"https:\/\/sistecma.com.pe\/?product=radar-banda-c\" \/>\n<meta property=\"og:site_name\" content=\"SISTECMA\" \/>\n<meta property=\"article:modified_time\" content=\"2024-08-27T23:45:18+00:00\" \/>\n<meta property=\"og:image\" content=\"https:\/\/sistecma.com.pe\/wp-content\/uploads\/2024\/08\/WRM200.jpg\" \/>\n\t<meta property=\"og:image:width\" content=\"650\" \/>\n\t<meta property=\"og:image:height\" content=\"365\" \/>\n\t<meta property=\"og:image:type\" content=\"image\/jpeg\" \/>\n<meta name=\"twitter:card\" content=\"summary_large_image\" \/>\n<meta name=\"twitter:label1\" content=\"Est. reading time\" \/>\n\t<meta name=\"twitter:data1\" content=\"1 minuto\" \/>\n<script type=\"application\/ld+json\" class=\"yoast-schema-graph\">{\"@context\":\"https:\/\/schema.org\",\"@graph\":[{\"@type\":\"WebPage\",\"@id\":\"https:\/\/sistecma.com.pe\/?product=radar-banda-c\",\"url\":\"https:\/\/sistecma.com.pe\/?product=radar-banda-c\",\"name\":\"Radar Banda C - WRS200 - SISTECMA\",\"isPartOf\":{\"@id\":\"https:\/\/sistecma.com.pe\/#website\"},\"primaryImageOfPage\":{\"@id\":\"https:\/\/sistecma.com.pe\/?product=radar-banda-c#primaryimage\"},\"image\":{\"@id\":\"https:\/\/sistecma.com.pe\/?product=radar-banda-c#primaryimage\"},\"thumbnailUrl\":\"https:\/\/sistecma.com.pe\/wp-content\/uploads\/2024\/08\/WRM200.jpg\",\"datePublished\":\"2024-08-17T04:16:55+00:00\",\"dateModified\":\"2024-08-27T23:45:18+00:00\",\"breadcrumb\":{\"@id\":\"https:\/\/sistecma.com.pe\/?product=radar-banda-c#breadcrumb\"},\"inLanguage\":\"es-PE\",\"potentialAction\":[{\"@type\":\"ReadAction\",\"target\":[\"https:\/\/sistecma.com.pe\/?product=radar-banda-c\"]}]},{\"@type\":\"ImageObject\",\"inLanguage\":\"es-PE\",\"@id\":\"https:\/\/sistecma.com.pe\/?product=radar-banda-c#primaryimage\",\"url\":\"https:\/\/sistecma.com.pe\/wp-content\/uploads\/2024\/08\/WRM200.jpg\",\"contentUrl\":\"https:\/\/sistecma.com.pe\/wp-content\/uploads\/2024\/08\/WRM200.jpg\",\"width\":650,\"height\":365},{\"@type\":\"BreadcrumbList\",\"@id\":\"https:\/\/sistecma.com.pe\/?product=radar-banda-c#breadcrumb\",\"itemListElement\":[{\"@type\":\"ListItem\",\"position\":1,\"name\":\"Home\",\"item\":\"https:\/\/sistecma.com.pe\/\"},{\"@type\":\"ListItem\",\"position\":2,\"name\":\"Products\",\"item\":\"https:\/\/sistecma.com.pe\/?post_type=product\"},{\"@type\":\"ListItem\",\"position\":3,\"name\":\"Radar Banda C &#8211; WRS200\"}]},{\"@type\":\"WebSite\",\"@id\":\"https:\/\/sistecma.com.pe\/#website\",\"url\":\"https:\/\/sistecma.com.pe\/\",\"name\":\"SISTECMA\",\"description\":\"\",\"potentialAction\":[{\"@type\":\"SearchAction\",\"target\":{\"@type\":\"EntryPoint\",\"urlTemplate\":\"https:\/\/sistecma.com.pe\/?s={search_term_string}\"},\"query-input\":{\"@type\":\"PropertyValueSpecification\",\"valueRequired\":true,\"valueName\":\"search_term_string\"}}],\"inLanguage\":\"es-PE\"}]}<\/script>\n<!-- \/ Yoast SEO plugin. -->","yoast_head_json":{"title":"Radar Banda C - WRS200 - SISTECMA","robots":{"index":"index","follow":"follow","max-snippet":"max-snippet:-1","max-image-preview":"max-image-preview:large","max-video-preview":"max-video-preview:-1"},"canonical":"https:\/\/sistecma.com.pe\/?product=radar-banda-c","og_locale":"es_ES","og_type":"article","og_title":"Radar Banda C - WRS200 - SISTECMA","og_description":"Los radares de banda C son radares meteorol\u00f3gicos de polarizaci\u00f3n dual Doppler que brindan el mejor detalle del sistema meteorol\u00f3gico en su clase para realizar pron\u00f3sticos m\u00e1s precisos y oportunos. Incluso pueden distinguir entre precipitaci\u00f3n l\u00edquida y congelada dentro de las nubes de lluvia y eliminar objetivos no meteorol\u00f3gicos de los datos del radar. Los objetivos se identifican como, por ejemplo, lluvia, granizo o nieve, utilizando sofisticadas t\u00e9cnicas de procesamiento de datos.","og_url":"https:\/\/sistecma.com.pe\/?product=radar-banda-c","og_site_name":"SISTECMA","article_modified_time":"2024-08-27T23:45:18+00:00","og_image":[{"width":650,"height":365,"url":"https:\/\/sistecma.com.pe\/wp-content\/uploads\/2024\/08\/WRM200.jpg","type":"image\/jpeg"}],"twitter_card":"summary_large_image","twitter_misc":{"Est. reading time":"1 minuto"},"schema":{"@context":"https:\/\/schema.org","@graph":[{"@type":"WebPage","@id":"https:\/\/sistecma.com.pe\/?product=radar-banda-c","url":"https:\/\/sistecma.com.pe\/?product=radar-banda-c","name":"Radar Banda C - WRS200 - SISTECMA","isPartOf":{"@id":"https:\/\/sistecma.com.pe\/#website"},"primaryImageOfPage":{"@id":"https:\/\/sistecma.com.pe\/?product=radar-banda-c#primaryimage"},"image":{"@id":"https:\/\/sistecma.com.pe\/?product=radar-banda-c#primaryimage"},"thumbnailUrl":"https:\/\/sistecma.com.pe\/wp-content\/uploads\/2024\/08\/WRM200.jpg","datePublished":"2024-08-17T04:16:55+00:00","dateModified":"2024-08-27T23:45:18+00:00","breadcrumb":{"@id":"https:\/\/sistecma.com.pe\/?product=radar-banda-c#breadcrumb"},"inLanguage":"es-PE","potentialAction":[{"@type":"ReadAction","target":["https:\/\/sistecma.com.pe\/?product=radar-banda-c"]}]},{"@type":"ImageObject","inLanguage":"es-PE","@id":"https:\/\/sistecma.com.pe\/?product=radar-banda-c#primaryimage","url":"https:\/\/sistecma.com.pe\/wp-content\/uploads\/2024\/08\/WRM200.jpg","contentUrl":"https:\/\/sistecma.com.pe\/wp-content\/uploads\/2024\/08\/WRM200.jpg","width":650,"height":365},{"@type":"BreadcrumbList","@id":"https:\/\/sistecma.com.pe\/?product=radar-banda-c#breadcrumb","itemListElement":[{"@type":"ListItem","position":1,"name":"Home","item":"https:\/\/sistecma.com.pe\/"},{"@type":"ListItem","position":2,"name":"Products","item":"https:\/\/sistecma.com.pe\/?post_type=product"},{"@type":"ListItem","position":3,"name":"Radar Banda C &#8211; WRS200"}]},{"@type":"WebSite","@id":"https:\/\/sistecma.com.pe\/#website","url":"https:\/\/sistecma.com.pe\/","name":"SISTECMA","description":"","potentialAction":[{"@type":"SearchAction","target":{"@type":"EntryPoint","urlTemplate":"https:\/\/sistecma.com.pe\/?s={search_term_string}"},"query-input":{"@type":"PropertyValueSpecification","valueRequired":true,"valueName":"search_term_string"}}],"inLanguage":"es-PE"}]}},"_links":{"self":[{"href":"https:\/\/sistecma.com.pe\/index.php?rest_route=\/wp\/v2\/product\/458","targetHints":{"allow":["GET"]}}],"collection":[{"href":"https:\/\/sistecma.com.pe\/index.php?rest_route=\/wp\/v2\/product"}],"about":[{"href":"https:\/\/sistecma.com.pe\/index.php?rest_route=\/wp\/v2\/types\/product"}],"replies":[{"embeddable":true,"href":"https:\/\/sistecma.com.pe\/index.php?rest_route=%2Fwp%2Fv2%2Fcomments&post=458"}],"wp:featuredmedia":[{"embeddable":true,"href":"https:\/\/sistecma.com.pe\/index.php?rest_route=\/wp\/v2\/media\/524"}],"wp:attachment":[{"href":"https:\/\/sistecma.com.pe\/index.php?rest_route=%2Fwp%2Fv2%2Fmedia&parent=458"}],"wp:term":[{"taxonomy":"product_cat","embeddable":true,"href":"https:\/\/sistecma.com.pe\/index.php?rest_route=%2Fwp%2Fv2%2Fproduct_cat&post=458"},{"taxonomy":"product_tag","embeddable":true,"href":"https:\/\/sistecma.com.pe\/index.php?rest_route=%2Fwp%2Fv2%2Fproduct_tag&post=458"}],"curies":[{"name":"wp","href":"https:\/\/api.w.org\/{rel}","templated":true}]}}