{"id":455,"date":"2024-08-17T04:13:28","date_gmt":"2024-08-17T04:13:28","guid":{"rendered":"https:\/\/sistecma.com.pe\/?post_type=product&#038;p=455"},"modified":"2024-08-27T23:46:51","modified_gmt":"2024-08-27T23:46:51","slug":"perfilador-de-viento-wind-cube","status":"publish","type":"product","link":"https:\/\/sistecma.com.pe\/?product=perfilador-de-viento-wind-cube","title":{"rendered":"Perfilador de viento &#8211;  Wind Cube"},"content":{"rendered":"<p>WindCube ayuda a optimizar el rendimiento financiero, aumentar la eficiencia y maximizar la producci\u00f3n de energ\u00eda, proporcionando los datos financiables necesarios para reducir incertidumbres de medici\u00f3n en el rendimiento energ\u00e9tico. Es para viento permanente, monitoreo o aplicaciones temporales como evaluaci\u00f3n del recurso e\u00f3lico con poca o ninguna huella ambiental y sin riesgos de seguridad. Respaldado por m\u00e1s de 20 a\u00f1os de experience en lidar e\u00f3lico y servicio global incomparable. WindCube ha sido validad por terceros en cientos de estudios independientes y en miles de implementaciones.<\/p>\n","protected":false},"excerpt":{"rendered":"<p>WindCube ayuda a optimizar el rendimiento financiero, aumentar la eficiencia y maximizar la producci\u00f3n de energ\u00eda, proporcionando los datos financiables necesarios para reducir incertidumbres de medici\u00f3n en el rendimiento energ\u00e9tico. Es para viento permanente, monitoreo o aplicaciones temporales como evaluaci\u00f3n del recurso e\u00f3lico con poca o ninguna huella ambiental y sin riesgos de seguridad. Respaldado por m\u00e1s de 20 a\u00f1os de experience en lidar e\u00f3lico y servicio global incomparable. WindCube ha sido validad por terceros en cientos de estudios independientes y en miles de implementaciones.<\/p>\n","protected":false},"featured_media":527,"comment_status":"open","ping_status":"closed","template":"","meta":{"_joinchat":[]},"product_cat":[35],"product_tag":[46],"class_list":{"0":"post-455","1":"product","2":"type-product","3":"status-publish","4":"has-post-thumbnail","6":"product_cat-energia-renovables","7":"product_tag-energia-renovables","9":"first","10":"instock","11":"shipping-taxable","12":"product-type-simple"},"yoast_head":"<!-- This site is optimized with the Yoast SEO plugin v23.7 - https:\/\/yoast.com\/wordpress\/plugins\/seo\/ -->\n<title>Perfilador de viento - Wind Cube - SISTECMA<\/title>\n<meta name=\"robots\" content=\"index, follow, max-snippet:-1, max-image-preview:large, max-video-preview:-1\" \/>\n<link rel=\"canonical\" href=\"https:\/\/sistecma.com.pe\/?product=perfilador-de-viento-wind-cube\" \/>\n<meta property=\"og:locale\" content=\"es_ES\" \/>\n<meta property=\"og:type\" content=\"article\" \/>\n<meta property=\"og:title\" content=\"Perfilador de viento - Wind Cube - SISTECMA\" \/>\n<meta property=\"og:description\" content=\"WindCube ayuda a optimizar el rendimiento financiero, aumentar la eficiencia y maximizar la producci\u00f3n de energ\u00eda, proporcionando los datos financiables necesarios para reducir incertidumbres de medici\u00f3n en el rendimiento energ\u00e9tico. Es para viento permanente, monitoreo o aplicaciones temporales como evaluaci\u00f3n del recurso e\u00f3lico con poca o ninguna huella ambiental y sin riesgos de seguridad. Respaldado por m\u00e1s de 20 a\u00f1os de experience en lidar e\u00f3lico y servicio global incomparable. WindCube ha sido validad por terceros en cientos de estudios independientes y en miles de implementaciones.\" \/>\n<meta property=\"og:url\" content=\"https:\/\/sistecma.com.pe\/?product=perfilador-de-viento-wind-cube\" \/>\n<meta property=\"og:site_name\" content=\"SISTECMA\" \/>\n<meta property=\"article:modified_time\" content=\"2024-08-27T23:46:51+00:00\" \/>\n<meta property=\"og:image\" content=\"https:\/\/sistecma.com.pe\/wp-content\/uploads\/2024\/08\/WINDCUBE.jpg\" \/>\n\t<meta property=\"og:image:width\" content=\"650\" \/>\n\t<meta property=\"og:image:height\" content=\"365\" \/>\n\t<meta property=\"og:image:type\" content=\"image\/jpeg\" \/>\n<meta name=\"twitter:card\" content=\"summary_large_image\" \/>\n<meta name=\"twitter:label1\" content=\"Est. reading time\" \/>\n\t<meta name=\"twitter:data1\" content=\"1 minuto\" \/>\n<script type=\"application\/ld+json\" class=\"yoast-schema-graph\">{\"@context\":\"https:\/\/schema.org\",\"@graph\":[{\"@type\":\"WebPage\",\"@id\":\"https:\/\/sistecma.com.pe\/?product=perfilador-de-viento-wind-cube\",\"url\":\"https:\/\/sistecma.com.pe\/?product=perfilador-de-viento-wind-cube\",\"name\":\"Perfilador de viento - Wind Cube - SISTECMA\",\"isPartOf\":{\"@id\":\"https:\/\/sistecma.com.pe\/#website\"},\"primaryImageOfPage\":{\"@id\":\"https:\/\/sistecma.com.pe\/?product=perfilador-de-viento-wind-cube#primaryimage\"},\"image\":{\"@id\":\"https:\/\/sistecma.com.pe\/?product=perfilador-de-viento-wind-cube#primaryimage\"},\"thumbnailUrl\":\"https:\/\/sistecma.com.pe\/wp-content\/uploads\/2024\/08\/WINDCUBE.jpg\",\"datePublished\":\"2024-08-17T04:13:28+00:00\",\"dateModified\":\"2024-08-27T23:46:51+00:00\",\"breadcrumb\":{\"@id\":\"https:\/\/sistecma.com.pe\/?product=perfilador-de-viento-wind-cube#breadcrumb\"},\"inLanguage\":\"es-PE\",\"potentialAction\":[{\"@type\":\"ReadAction\",\"target\":[\"https:\/\/sistecma.com.pe\/?product=perfilador-de-viento-wind-cube\"]}]},{\"@type\":\"ImageObject\",\"inLanguage\":\"es-PE\",\"@id\":\"https:\/\/sistecma.com.pe\/?product=perfilador-de-viento-wind-cube#primaryimage\",\"url\":\"https:\/\/sistecma.com.pe\/wp-content\/uploads\/2024\/08\/WINDCUBE.jpg\",\"contentUrl\":\"https:\/\/sistecma.com.pe\/wp-content\/uploads\/2024\/08\/WINDCUBE.jpg\",\"width\":650,\"height\":365},{\"@type\":\"BreadcrumbList\",\"@id\":\"https:\/\/sistecma.com.pe\/?product=perfilador-de-viento-wind-cube#breadcrumb\",\"itemListElement\":[{\"@type\":\"ListItem\",\"position\":1,\"name\":\"Home\",\"item\":\"https:\/\/sistecma.com.pe\/\"},{\"@type\":\"ListItem\",\"position\":2,\"name\":\"Products\",\"item\":\"https:\/\/sistecma.com.pe\/?post_type=product\"},{\"@type\":\"ListItem\",\"position\":3,\"name\":\"Perfilador de viento &#8211; Wind Cube\"}]},{\"@type\":\"WebSite\",\"@id\":\"https:\/\/sistecma.com.pe\/#website\",\"url\":\"https:\/\/sistecma.com.pe\/\",\"name\":\"SISTECMA\",\"description\":\"\",\"potentialAction\":[{\"@type\":\"SearchAction\",\"target\":{\"@type\":\"EntryPoint\",\"urlTemplate\":\"https:\/\/sistecma.com.pe\/?s={search_term_string}\"},\"query-input\":{\"@type\":\"PropertyValueSpecification\",\"valueRequired\":true,\"valueName\":\"search_term_string\"}}],\"inLanguage\":\"es-PE\"}]}<\/script>\n<!-- \/ Yoast SEO plugin. -->","yoast_head_json":{"title":"Perfilador de viento - Wind Cube - SISTECMA","robots":{"index":"index","follow":"follow","max-snippet":"max-snippet:-1","max-image-preview":"max-image-preview:large","max-video-preview":"max-video-preview:-1"},"canonical":"https:\/\/sistecma.com.pe\/?product=perfilador-de-viento-wind-cube","og_locale":"es_ES","og_type":"article","og_title":"Perfilador de viento - Wind Cube - SISTECMA","og_description":"WindCube ayuda a optimizar el rendimiento financiero, aumentar la eficiencia y maximizar la producci\u00f3n de energ\u00eda, proporcionando los datos financiables necesarios para reducir incertidumbres de medici\u00f3n en el rendimiento energ\u00e9tico. Es para viento permanente, monitoreo o aplicaciones temporales como evaluaci\u00f3n del recurso e\u00f3lico con poca o ninguna huella ambiental y sin riesgos de seguridad. Respaldado por m\u00e1s de 20 a\u00f1os de experience en lidar e\u00f3lico y servicio global incomparable. WindCube ha sido validad por terceros en cientos de estudios independientes y en miles de implementaciones.","og_url":"https:\/\/sistecma.com.pe\/?product=perfilador-de-viento-wind-cube","og_site_name":"SISTECMA","article_modified_time":"2024-08-27T23:46:51+00:00","og_image":[{"width":650,"height":365,"url":"https:\/\/sistecma.com.pe\/wp-content\/uploads\/2024\/08\/WINDCUBE.jpg","type":"image\/jpeg"}],"twitter_card":"summary_large_image","twitter_misc":{"Est. reading time":"1 minuto"},"schema":{"@context":"https:\/\/schema.org","@graph":[{"@type":"WebPage","@id":"https:\/\/sistecma.com.pe\/?product=perfilador-de-viento-wind-cube","url":"https:\/\/sistecma.com.pe\/?product=perfilador-de-viento-wind-cube","name":"Perfilador de viento - Wind Cube - SISTECMA","isPartOf":{"@id":"https:\/\/sistecma.com.pe\/#website"},"primaryImageOfPage":{"@id":"https:\/\/sistecma.com.pe\/?product=perfilador-de-viento-wind-cube#primaryimage"},"image":{"@id":"https:\/\/sistecma.com.pe\/?product=perfilador-de-viento-wind-cube#primaryimage"},"thumbnailUrl":"https:\/\/sistecma.com.pe\/wp-content\/uploads\/2024\/08\/WINDCUBE.jpg","datePublished":"2024-08-17T04:13:28+00:00","dateModified":"2024-08-27T23:46:51+00:00","breadcrumb":{"@id":"https:\/\/sistecma.com.pe\/?product=perfilador-de-viento-wind-cube#breadcrumb"},"inLanguage":"es-PE","potentialAction":[{"@type":"ReadAction","target":["https:\/\/sistecma.com.pe\/?product=perfilador-de-viento-wind-cube"]}]},{"@type":"ImageObject","inLanguage":"es-PE","@id":"https:\/\/sistecma.com.pe\/?product=perfilador-de-viento-wind-cube#primaryimage","url":"https:\/\/sistecma.com.pe\/wp-content\/uploads\/2024\/08\/WINDCUBE.jpg","contentUrl":"https:\/\/sistecma.com.pe\/wp-content\/uploads\/2024\/08\/WINDCUBE.jpg","width":650,"height":365},{"@type":"BreadcrumbList","@id":"https:\/\/sistecma.com.pe\/?product=perfilador-de-viento-wind-cube#breadcrumb","itemListElement":[{"@type":"ListItem","position":1,"name":"Home","item":"https:\/\/sistecma.com.pe\/"},{"@type":"ListItem","position":2,"name":"Products","item":"https:\/\/sistecma.com.pe\/?post_type=product"},{"@type":"ListItem","position":3,"name":"Perfilador de viento &#8211; Wind Cube"}]},{"@type":"WebSite","@id":"https:\/\/sistecma.com.pe\/#website","url":"https:\/\/sistecma.com.pe\/","name":"SISTECMA","description":"","potentialAction":[{"@type":"SearchAction","target":{"@type":"EntryPoint","urlTemplate":"https:\/\/sistecma.com.pe\/?s={search_term_string}"},"query-input":{"@type":"PropertyValueSpecification","valueRequired":true,"valueName":"search_term_string"}}],"inLanguage":"es-PE"}]}},"_links":{"self":[{"href":"https:\/\/sistecma.com.pe\/index.php?rest_route=\/wp\/v2\/product\/455","targetHints":{"allow":["GET"]}}],"collection":[{"href":"https:\/\/sistecma.com.pe\/index.php?rest_route=\/wp\/v2\/product"}],"about":[{"href":"https:\/\/sistecma.com.pe\/index.php?rest_route=\/wp\/v2\/types\/product"}],"replies":[{"embeddable":true,"href":"https:\/\/sistecma.com.pe\/index.php?rest_route=%2Fwp%2Fv2%2Fcomments&post=455"}],"wp:featuredmedia":[{"embeddable":true,"href":"https:\/\/sistecma.com.pe\/index.php?rest_route=\/wp\/v2\/media\/527"}],"wp:attachment":[{"href":"https:\/\/sistecma.com.pe\/index.php?rest_route=%2Fwp%2Fv2%2Fmedia&parent=455"}],"wp:term":[{"taxonomy":"product_cat","embeddable":true,"href":"https:\/\/sistecma.com.pe\/index.php?rest_route=%2Fwp%2Fv2%2Fproduct_cat&post=455"},{"taxonomy":"product_tag","embeddable":true,"href":"https:\/\/sistecma.com.pe\/index.php?rest_route=%2Fwp%2Fv2%2Fproduct_tag&post=455"}],"curies":[{"name":"wp","href":"https:\/\/api.w.org\/{rel}","templated":true}]}}