{"id":454,"date":"2024-08-17T04:10:52","date_gmt":"2024-08-17T04:10:52","guid":{"rendered":"https:\/\/sistecma.com.pe\/?post_type=product&#038;p=454"},"modified":"2024-08-27T23:47:22","modified_gmt":"2024-08-27T23:47:22","slug":"sensores-de-nivel-pr-36xw","status":"publish","type":"product","link":"https:\/\/sistecma.com.pe\/?product=sensores-de-nivel-pr-36xw","title":{"rendered":"Sensores de nivel &#8211; PR-36XW"},"content":{"rendered":"<p>En el sensor de nivel de alta precisi\u00f3n, la dependencia de la temperatura y la no linealidad se compensan con precisi\u00f3n en el microcontrolador mediante un modelo matem\u00e1tico. Adem\u00e1s de la interfaz RS485, los resultados de medici\u00f3n tambi\u00e9n se pueden transmitir a trav\u00e9s del convertidor D\/A integrado como se\u00f1al anal\u00f3gica ajustable. La protecci\u00f3n contra rayos ampliada tambi\u00e9n est\u00e1 disponible como opci\u00f3n.<\/p>\n","protected":false},"excerpt":{"rendered":"<p>En el sensor de nivel de alta precisi\u00f3n, la dependencia de la temperatura y la no linealidad se compensan con precisi\u00f3n en el microcontrolador mediante un modelo matem\u00e1tico. Adem\u00e1s de la interfaz RS485, los resultados de medici\u00f3n tambi\u00e9n se pueden transmitir a trav\u00e9s del convertidor D\/A integrado como se\u00f1al anal\u00f3gica ajustable. La protecci\u00f3n contra rayos ampliada tambi\u00e9n est\u00e1 disponible como opci\u00f3n.<\/p>\n","protected":false},"featured_media":528,"comment_status":"open","ping_status":"closed","template":"","meta":{"_joinchat":[]},"product_cat":[34],"product_tag":[47],"class_list":{"0":"post-454","1":"product","2":"type-product","3":"status-publish","4":"has-post-thumbnail","6":"product_cat-hidrologia","7":"product_tag-hidrologia","9":"first","10":"instock","11":"shipping-taxable","12":"product-type-simple"},"yoast_head":"<!-- This site is optimized with the Yoast SEO plugin v23.7 - https:\/\/yoast.com\/wordpress\/plugins\/seo\/ -->\n<title>Sensores de nivel - PR-36XW - SISTECMA<\/title>\n<meta name=\"robots\" content=\"index, follow, max-snippet:-1, max-image-preview:large, max-video-preview:-1\" \/>\n<link rel=\"canonical\" href=\"https:\/\/sistecma.com.pe\/?product=sensores-de-nivel-pr-36xw\" \/>\n<meta property=\"og:locale\" content=\"es_ES\" \/>\n<meta property=\"og:type\" content=\"article\" \/>\n<meta property=\"og:title\" content=\"Sensores de nivel - PR-36XW - SISTECMA\" \/>\n<meta property=\"og:description\" content=\"En el sensor de nivel de alta precisi\u00f3n, la dependencia de la temperatura y la no linealidad se compensan con precisi\u00f3n en el microcontrolador mediante un modelo matem\u00e1tico. Adem\u00e1s de la interfaz RS485, los resultados de medici\u00f3n tambi\u00e9n se pueden transmitir a trav\u00e9s del convertidor D\/A integrado como se\u00f1al anal\u00f3gica ajustable. La protecci\u00f3n contra rayos ampliada tambi\u00e9n est\u00e1 disponible como opci\u00f3n.\" \/>\n<meta property=\"og:url\" content=\"https:\/\/sistecma.com.pe\/?product=sensores-de-nivel-pr-36xw\" \/>\n<meta property=\"og:site_name\" content=\"SISTECMA\" \/>\n<meta property=\"article:modified_time\" content=\"2024-08-27T23:47:22+00:00\" \/>\n<meta property=\"og:image\" content=\"https:\/\/sistecma.com.pe\/wp-content\/uploads\/2024\/08\/PR-36X.webp\" \/>\n\t<meta property=\"og:image:width\" content=\"720\" \/>\n\t<meta property=\"og:image:height\" content=\"480\" \/>\n\t<meta property=\"og:image:type\" content=\"image\/webp\" \/>\n<meta name=\"twitter:card\" content=\"summary_large_image\" \/>\n<meta name=\"twitter:label1\" content=\"Est. reading time\" \/>\n\t<meta name=\"twitter:data1\" content=\"1 minuto\" \/>\n<script type=\"application\/ld+json\" class=\"yoast-schema-graph\">{\"@context\":\"https:\/\/schema.org\",\"@graph\":[{\"@type\":\"WebPage\",\"@id\":\"https:\/\/sistecma.com.pe\/?product=sensores-de-nivel-pr-36xw\",\"url\":\"https:\/\/sistecma.com.pe\/?product=sensores-de-nivel-pr-36xw\",\"name\":\"Sensores de nivel - PR-36XW - SISTECMA\",\"isPartOf\":{\"@id\":\"https:\/\/sistecma.com.pe\/#website\"},\"primaryImageOfPage\":{\"@id\":\"https:\/\/sistecma.com.pe\/?product=sensores-de-nivel-pr-36xw#primaryimage\"},\"image\":{\"@id\":\"https:\/\/sistecma.com.pe\/?product=sensores-de-nivel-pr-36xw#primaryimage\"},\"thumbnailUrl\":\"https:\/\/sistecma.com.pe\/wp-content\/uploads\/2024\/08\/PR-36X.webp\",\"datePublished\":\"2024-08-17T04:10:52+00:00\",\"dateModified\":\"2024-08-27T23:47:22+00:00\",\"breadcrumb\":{\"@id\":\"https:\/\/sistecma.com.pe\/?product=sensores-de-nivel-pr-36xw#breadcrumb\"},\"inLanguage\":\"es-PE\",\"potentialAction\":[{\"@type\":\"ReadAction\",\"target\":[\"https:\/\/sistecma.com.pe\/?product=sensores-de-nivel-pr-36xw\"]}]},{\"@type\":\"ImageObject\",\"inLanguage\":\"es-PE\",\"@id\":\"https:\/\/sistecma.com.pe\/?product=sensores-de-nivel-pr-36xw#primaryimage\",\"url\":\"https:\/\/sistecma.com.pe\/wp-content\/uploads\/2024\/08\/PR-36X.webp\",\"contentUrl\":\"https:\/\/sistecma.com.pe\/wp-content\/uploads\/2024\/08\/PR-36X.webp\",\"width\":720,\"height\":480},{\"@type\":\"BreadcrumbList\",\"@id\":\"https:\/\/sistecma.com.pe\/?product=sensores-de-nivel-pr-36xw#breadcrumb\",\"itemListElement\":[{\"@type\":\"ListItem\",\"position\":1,\"name\":\"Home\",\"item\":\"https:\/\/sistecma.com.pe\/\"},{\"@type\":\"ListItem\",\"position\":2,\"name\":\"Products\",\"item\":\"https:\/\/sistecma.com.pe\/?post_type=product\"},{\"@type\":\"ListItem\",\"position\":3,\"name\":\"Sensores de nivel &#8211; PR-36XW\"}]},{\"@type\":\"WebSite\",\"@id\":\"https:\/\/sistecma.com.pe\/#website\",\"url\":\"https:\/\/sistecma.com.pe\/\",\"name\":\"SISTECMA\",\"description\":\"\",\"potentialAction\":[{\"@type\":\"SearchAction\",\"target\":{\"@type\":\"EntryPoint\",\"urlTemplate\":\"https:\/\/sistecma.com.pe\/?s={search_term_string}\"},\"query-input\":{\"@type\":\"PropertyValueSpecification\",\"valueRequired\":true,\"valueName\":\"search_term_string\"}}],\"inLanguage\":\"es-PE\"}]}<\/script>\n<!-- \/ Yoast SEO plugin. -->","yoast_head_json":{"title":"Sensores de nivel - PR-36XW - SISTECMA","robots":{"index":"index","follow":"follow","max-snippet":"max-snippet:-1","max-image-preview":"max-image-preview:large","max-video-preview":"max-video-preview:-1"},"canonical":"https:\/\/sistecma.com.pe\/?product=sensores-de-nivel-pr-36xw","og_locale":"es_ES","og_type":"article","og_title":"Sensores de nivel - PR-36XW - SISTECMA","og_description":"En el sensor de nivel de alta precisi\u00f3n, la dependencia de la temperatura y la no linealidad se compensan con precisi\u00f3n en el microcontrolador mediante un modelo matem\u00e1tico. Adem\u00e1s de la interfaz RS485, los resultados de medici\u00f3n tambi\u00e9n se pueden transmitir a trav\u00e9s del convertidor D\/A integrado como se\u00f1al anal\u00f3gica ajustable. La protecci\u00f3n contra rayos ampliada tambi\u00e9n est\u00e1 disponible como opci\u00f3n.","og_url":"https:\/\/sistecma.com.pe\/?product=sensores-de-nivel-pr-36xw","og_site_name":"SISTECMA","article_modified_time":"2024-08-27T23:47:22+00:00","og_image":[{"width":720,"height":480,"url":"https:\/\/sistecma.com.pe\/wp-content\/uploads\/2024\/08\/PR-36X.webp","type":"image\/webp"}],"twitter_card":"summary_large_image","twitter_misc":{"Est. reading time":"1 minuto"},"schema":{"@context":"https:\/\/schema.org","@graph":[{"@type":"WebPage","@id":"https:\/\/sistecma.com.pe\/?product=sensores-de-nivel-pr-36xw","url":"https:\/\/sistecma.com.pe\/?product=sensores-de-nivel-pr-36xw","name":"Sensores de nivel - PR-36XW - SISTECMA","isPartOf":{"@id":"https:\/\/sistecma.com.pe\/#website"},"primaryImageOfPage":{"@id":"https:\/\/sistecma.com.pe\/?product=sensores-de-nivel-pr-36xw#primaryimage"},"image":{"@id":"https:\/\/sistecma.com.pe\/?product=sensores-de-nivel-pr-36xw#primaryimage"},"thumbnailUrl":"https:\/\/sistecma.com.pe\/wp-content\/uploads\/2024\/08\/PR-36X.webp","datePublished":"2024-08-17T04:10:52+00:00","dateModified":"2024-08-27T23:47:22+00:00","breadcrumb":{"@id":"https:\/\/sistecma.com.pe\/?product=sensores-de-nivel-pr-36xw#breadcrumb"},"inLanguage":"es-PE","potentialAction":[{"@type":"ReadAction","target":["https:\/\/sistecma.com.pe\/?product=sensores-de-nivel-pr-36xw"]}]},{"@type":"ImageObject","inLanguage":"es-PE","@id":"https:\/\/sistecma.com.pe\/?product=sensores-de-nivel-pr-36xw#primaryimage","url":"https:\/\/sistecma.com.pe\/wp-content\/uploads\/2024\/08\/PR-36X.webp","contentUrl":"https:\/\/sistecma.com.pe\/wp-content\/uploads\/2024\/08\/PR-36X.webp","width":720,"height":480},{"@type":"BreadcrumbList","@id":"https:\/\/sistecma.com.pe\/?product=sensores-de-nivel-pr-36xw#breadcrumb","itemListElement":[{"@type":"ListItem","position":1,"name":"Home","item":"https:\/\/sistecma.com.pe\/"},{"@type":"ListItem","position":2,"name":"Products","item":"https:\/\/sistecma.com.pe\/?post_type=product"},{"@type":"ListItem","position":3,"name":"Sensores de nivel &#8211; PR-36XW"}]},{"@type":"WebSite","@id":"https:\/\/sistecma.com.pe\/#website","url":"https:\/\/sistecma.com.pe\/","name":"SISTECMA","description":"","potentialAction":[{"@type":"SearchAction","target":{"@type":"EntryPoint","urlTemplate":"https:\/\/sistecma.com.pe\/?s={search_term_string}"},"query-input":{"@type":"PropertyValueSpecification","valueRequired":true,"valueName":"search_term_string"}}],"inLanguage":"es-PE"}]}},"_links":{"self":[{"href":"https:\/\/sistecma.com.pe\/index.php?rest_route=\/wp\/v2\/product\/454","targetHints":{"allow":["GET"]}}],"collection":[{"href":"https:\/\/sistecma.com.pe\/index.php?rest_route=\/wp\/v2\/product"}],"about":[{"href":"https:\/\/sistecma.com.pe\/index.php?rest_route=\/wp\/v2\/types\/product"}],"replies":[{"embeddable":true,"href":"https:\/\/sistecma.com.pe\/index.php?rest_route=%2Fwp%2Fv2%2Fcomments&post=454"}],"wp:featuredmedia":[{"embeddable":true,"href":"https:\/\/sistecma.com.pe\/index.php?rest_route=\/wp\/v2\/media\/528"}],"wp:attachment":[{"href":"https:\/\/sistecma.com.pe\/index.php?rest_route=%2Fwp%2Fv2%2Fmedia&parent=454"}],"wp:term":[{"taxonomy":"product_cat","embeddable":true,"href":"https:\/\/sistecma.com.pe\/index.php?rest_route=%2Fwp%2Fv2%2Fproduct_cat&post=454"},{"taxonomy":"product_tag","embeddable":true,"href":"https:\/\/sistecma.com.pe\/index.php?rest_route=%2Fwp%2Fv2%2Fproduct_tag&post=454"}],"curies":[{"name":"wp","href":"https:\/\/api.w.org\/{rel}","templated":true}]}}