{"id":445,"date":"2024-08-17T03:57:42","date_gmt":"2024-08-17T03:57:42","guid":{"rendered":"https:\/\/sistecma.com.pe\/?post_type=product&#038;p=445"},"modified":"2024-08-27T23:56:24","modified_gmt":"2024-08-27T23:56:24","slug":"radiacion-solar-clase-2-sr15-hukseflux","status":"publish","type":"product","link":"https:\/\/sistecma.com.pe\/?product=radiacion-solar-clase-2-sr15-hukseflux","title":{"rendered":"Radiaci\u00f3n Solar Clase 2 SR15 Hukseflux"},"content":{"rendered":"<p>Sensor de radiaci\u00f3n aplicados en observaciones generales de alta precisi\u00f3n. Mide la radiaci\u00f3n solar recibida por una superficie plana desde un campo de 180\u00b0 de \u00e1ngulo de visi\u00f3n. El piran\u00f3metro puede ser empleado al aire libre bajo el sol, as\u00ed como en interiores con l\u00e1mparas solares simuladores. El sensor ofrece la mejor precisi\u00f3n de medici\u00f3n en clase 2, tiempo de respuesta mejorado. Incluye calentador integrado que mitiga el roc\u00edo y las heladas en su configuraci\u00f3n est\u00e1ndar.<\/p>\n","protected":false},"excerpt":{"rendered":"<p>Sensor de radiaci\u00f3n aplicados en observaciones generales de alta precisi\u00f3n. Mide la radiaci\u00f3n solar recibida por una superficie plana desde un campo de 180\u00b0 de \u00e1ngulo de visi\u00f3n. El piran\u00f3metro puede ser empleado al aire libre bajo el sol, as\u00ed como en interiores con l\u00e1mparas solares simuladores. El sensor ofrece la mejor precisi\u00f3n de medici\u00f3n en clase 2, tiempo de respuesta mejorado. Incluye calentador integrado que mitiga el roc\u00edo y las heladas en su configuraci\u00f3n est\u00e1ndar.<\/p>\n","protected":false},"featured_media":538,"comment_status":"open","ping_status":"closed","template":"","meta":{"_joinchat":[]},"product_cat":[33],"product_tag":[48],"class_list":{"0":"post-445","1":"product","2":"type-product","3":"status-publish","4":"has-post-thumbnail","6":"product_cat-meteorologia","7":"product_tag-meteorologia","9":"first","10":"instock","11":"shipping-taxable","12":"product-type-simple"},"yoast_head":"<!-- This site is optimized with the Yoast SEO plugin v23.7 - https:\/\/yoast.com\/wordpress\/plugins\/seo\/ -->\n<title>Radiaci\u00f3n Solar Clase 2 SR15 Hukseflux - SISTECMA<\/title>\n<meta name=\"robots\" content=\"index, follow, max-snippet:-1, max-image-preview:large, max-video-preview:-1\" \/>\n<link rel=\"canonical\" href=\"https:\/\/sistecma.com.pe\/?product=radiacion-solar-clase-2-sr15-hukseflux\" \/>\n<meta property=\"og:locale\" content=\"es_ES\" \/>\n<meta property=\"og:type\" content=\"article\" \/>\n<meta property=\"og:title\" content=\"Radiaci\u00f3n Solar Clase 2 SR15 Hukseflux - SISTECMA\" \/>\n<meta property=\"og:description\" content=\"Sensor de radiaci\u00f3n aplicados en observaciones generales de alta precisi\u00f3n. Mide la radiaci\u00f3n solar recibida por una superficie plana desde un campo de 180\u00b0 de \u00e1ngulo de visi\u00f3n. El piran\u00f3metro puede ser empleado al aire libre bajo el sol, as\u00ed como en interiores con l\u00e1mparas solares simuladores. El sensor ofrece la mejor precisi\u00f3n de medici\u00f3n en clase 2, tiempo de respuesta mejorado. Incluye calentador integrado que mitiga el roc\u00edo y las heladas en su configuraci\u00f3n est\u00e1ndar.\" \/>\n<meta property=\"og:url\" content=\"https:\/\/sistecma.com.pe\/?product=radiacion-solar-clase-2-sr15-hukseflux\" \/>\n<meta property=\"og:site_name\" content=\"SISTECMA\" \/>\n<meta property=\"article:modified_time\" content=\"2024-08-27T23:56:24+00:00\" \/>\n<meta property=\"og:image\" content=\"https:\/\/sistecma.com.pe\/wp-content\/uploads\/2024\/08\/SR15.jpg\" \/>\n\t<meta property=\"og:image:width\" content=\"648\" \/>\n\t<meta property=\"og:image:height\" content=\"648\" \/>\n\t<meta property=\"og:image:type\" content=\"image\/jpeg\" \/>\n<meta name=\"twitter:card\" content=\"summary_large_image\" \/>\n<meta name=\"twitter:label1\" content=\"Est. reading time\" \/>\n\t<meta name=\"twitter:data1\" content=\"1 minuto\" \/>\n<script type=\"application\/ld+json\" class=\"yoast-schema-graph\">{\"@context\":\"https:\/\/schema.org\",\"@graph\":[{\"@type\":\"WebPage\",\"@id\":\"https:\/\/sistecma.com.pe\/?product=radiacion-solar-clase-2-sr15-hukseflux\",\"url\":\"https:\/\/sistecma.com.pe\/?product=radiacion-solar-clase-2-sr15-hukseflux\",\"name\":\"Radiaci\u00f3n Solar Clase 2 SR15 Hukseflux - SISTECMA\",\"isPartOf\":{\"@id\":\"https:\/\/sistecma.com.pe\/#website\"},\"primaryImageOfPage\":{\"@id\":\"https:\/\/sistecma.com.pe\/?product=radiacion-solar-clase-2-sr15-hukseflux#primaryimage\"},\"image\":{\"@id\":\"https:\/\/sistecma.com.pe\/?product=radiacion-solar-clase-2-sr15-hukseflux#primaryimage\"},\"thumbnailUrl\":\"https:\/\/sistecma.com.pe\/wp-content\/uploads\/2024\/08\/SR15.jpg\",\"datePublished\":\"2024-08-17T03:57:42+00:00\",\"dateModified\":\"2024-08-27T23:56:24+00:00\",\"breadcrumb\":{\"@id\":\"https:\/\/sistecma.com.pe\/?product=radiacion-solar-clase-2-sr15-hukseflux#breadcrumb\"},\"inLanguage\":\"es-PE\",\"potentialAction\":[{\"@type\":\"ReadAction\",\"target\":[\"https:\/\/sistecma.com.pe\/?product=radiacion-solar-clase-2-sr15-hukseflux\"]}]},{\"@type\":\"ImageObject\",\"inLanguage\":\"es-PE\",\"@id\":\"https:\/\/sistecma.com.pe\/?product=radiacion-solar-clase-2-sr15-hukseflux#primaryimage\",\"url\":\"https:\/\/sistecma.com.pe\/wp-content\/uploads\/2024\/08\/SR15.jpg\",\"contentUrl\":\"https:\/\/sistecma.com.pe\/wp-content\/uploads\/2024\/08\/SR15.jpg\",\"width\":648,\"height\":648},{\"@type\":\"BreadcrumbList\",\"@id\":\"https:\/\/sistecma.com.pe\/?product=radiacion-solar-clase-2-sr15-hukseflux#breadcrumb\",\"itemListElement\":[{\"@type\":\"ListItem\",\"position\":1,\"name\":\"Home\",\"item\":\"https:\/\/sistecma.com.pe\/\"},{\"@type\":\"ListItem\",\"position\":2,\"name\":\"Products\",\"item\":\"https:\/\/sistecma.com.pe\/?post_type=product\"},{\"@type\":\"ListItem\",\"position\":3,\"name\":\"Radiaci\u00f3n Solar Clase 2 SR15 Hukseflux\"}]},{\"@type\":\"WebSite\",\"@id\":\"https:\/\/sistecma.com.pe\/#website\",\"url\":\"https:\/\/sistecma.com.pe\/\",\"name\":\"SISTECMA\",\"description\":\"\",\"potentialAction\":[{\"@type\":\"SearchAction\",\"target\":{\"@type\":\"EntryPoint\",\"urlTemplate\":\"https:\/\/sistecma.com.pe\/?s={search_term_string}\"},\"query-input\":{\"@type\":\"PropertyValueSpecification\",\"valueRequired\":true,\"valueName\":\"search_term_string\"}}],\"inLanguage\":\"es-PE\"}]}<\/script>\n<!-- \/ Yoast SEO plugin. -->","yoast_head_json":{"title":"Radiaci\u00f3n Solar Clase 2 SR15 Hukseflux - SISTECMA","robots":{"index":"index","follow":"follow","max-snippet":"max-snippet:-1","max-image-preview":"max-image-preview:large","max-video-preview":"max-video-preview:-1"},"canonical":"https:\/\/sistecma.com.pe\/?product=radiacion-solar-clase-2-sr15-hukseflux","og_locale":"es_ES","og_type":"article","og_title":"Radiaci\u00f3n Solar Clase 2 SR15 Hukseflux - SISTECMA","og_description":"Sensor de radiaci\u00f3n aplicados en observaciones generales de alta precisi\u00f3n. Mide la radiaci\u00f3n solar recibida por una superficie plana desde un campo de 180\u00b0 de \u00e1ngulo de visi\u00f3n. El piran\u00f3metro puede ser empleado al aire libre bajo el sol, as\u00ed como en interiores con l\u00e1mparas solares simuladores. El sensor ofrece la mejor precisi\u00f3n de medici\u00f3n en clase 2, tiempo de respuesta mejorado. Incluye calentador integrado que mitiga el roc\u00edo y las heladas en su configuraci\u00f3n est\u00e1ndar.","og_url":"https:\/\/sistecma.com.pe\/?product=radiacion-solar-clase-2-sr15-hukseflux","og_site_name":"SISTECMA","article_modified_time":"2024-08-27T23:56:24+00:00","og_image":[{"width":648,"height":648,"url":"https:\/\/sistecma.com.pe\/wp-content\/uploads\/2024\/08\/SR15.jpg","type":"image\/jpeg"}],"twitter_card":"summary_large_image","twitter_misc":{"Est. reading time":"1 minuto"},"schema":{"@context":"https:\/\/schema.org","@graph":[{"@type":"WebPage","@id":"https:\/\/sistecma.com.pe\/?product=radiacion-solar-clase-2-sr15-hukseflux","url":"https:\/\/sistecma.com.pe\/?product=radiacion-solar-clase-2-sr15-hukseflux","name":"Radiaci\u00f3n Solar Clase 2 SR15 Hukseflux - SISTECMA","isPartOf":{"@id":"https:\/\/sistecma.com.pe\/#website"},"primaryImageOfPage":{"@id":"https:\/\/sistecma.com.pe\/?product=radiacion-solar-clase-2-sr15-hukseflux#primaryimage"},"image":{"@id":"https:\/\/sistecma.com.pe\/?product=radiacion-solar-clase-2-sr15-hukseflux#primaryimage"},"thumbnailUrl":"https:\/\/sistecma.com.pe\/wp-content\/uploads\/2024\/08\/SR15.jpg","datePublished":"2024-08-17T03:57:42+00:00","dateModified":"2024-08-27T23:56:24+00:00","breadcrumb":{"@id":"https:\/\/sistecma.com.pe\/?product=radiacion-solar-clase-2-sr15-hukseflux#breadcrumb"},"inLanguage":"es-PE","potentialAction":[{"@type":"ReadAction","target":["https:\/\/sistecma.com.pe\/?product=radiacion-solar-clase-2-sr15-hukseflux"]}]},{"@type":"ImageObject","inLanguage":"es-PE","@id":"https:\/\/sistecma.com.pe\/?product=radiacion-solar-clase-2-sr15-hukseflux#primaryimage","url":"https:\/\/sistecma.com.pe\/wp-content\/uploads\/2024\/08\/SR15.jpg","contentUrl":"https:\/\/sistecma.com.pe\/wp-content\/uploads\/2024\/08\/SR15.jpg","width":648,"height":648},{"@type":"BreadcrumbList","@id":"https:\/\/sistecma.com.pe\/?product=radiacion-solar-clase-2-sr15-hukseflux#breadcrumb","itemListElement":[{"@type":"ListItem","position":1,"name":"Home","item":"https:\/\/sistecma.com.pe\/"},{"@type":"ListItem","position":2,"name":"Products","item":"https:\/\/sistecma.com.pe\/?post_type=product"},{"@type":"ListItem","position":3,"name":"Radiaci\u00f3n Solar Clase 2 SR15 Hukseflux"}]},{"@type":"WebSite","@id":"https:\/\/sistecma.com.pe\/#website","url":"https:\/\/sistecma.com.pe\/","name":"SISTECMA","description":"","potentialAction":[{"@type":"SearchAction","target":{"@type":"EntryPoint","urlTemplate":"https:\/\/sistecma.com.pe\/?s={search_term_string}"},"query-input":{"@type":"PropertyValueSpecification","valueRequired":true,"valueName":"search_term_string"}}],"inLanguage":"es-PE"}]}},"_links":{"self":[{"href":"https:\/\/sistecma.com.pe\/index.php?rest_route=\/wp\/v2\/product\/445","targetHints":{"allow":["GET"]}}],"collection":[{"href":"https:\/\/sistecma.com.pe\/index.php?rest_route=\/wp\/v2\/product"}],"about":[{"href":"https:\/\/sistecma.com.pe\/index.php?rest_route=\/wp\/v2\/types\/product"}],"replies":[{"embeddable":true,"href":"https:\/\/sistecma.com.pe\/index.php?rest_route=%2Fwp%2Fv2%2Fcomments&post=445"}],"wp:featuredmedia":[{"embeddable":true,"href":"https:\/\/sistecma.com.pe\/index.php?rest_route=\/wp\/v2\/media\/538"}],"wp:attachment":[{"href":"https:\/\/sistecma.com.pe\/index.php?rest_route=%2Fwp%2Fv2%2Fmedia&parent=445"}],"wp:term":[{"taxonomy":"product_cat","embeddable":true,"href":"https:\/\/sistecma.com.pe\/index.php?rest_route=%2Fwp%2Fv2%2Fproduct_cat&post=445"},{"taxonomy":"product_tag","embeddable":true,"href":"https:\/\/sistecma.com.pe\/index.php?rest_route=%2Fwp%2Fv2%2Fproduct_tag&post=445"}],"curies":[{"name":"wp","href":"https:\/\/api.w.org\/{rel}","templated":true}]}}