{"id":439,"date":"2024-08-17T03:51:22","date_gmt":"2024-08-17T03:51:22","guid":{"rendered":"https:\/\/sistecma.com.pe\/?post_type=product&#038;p=439"},"modified":"2024-08-28T00:00:45","modified_gmt":"2024-08-28T00:00:45","slug":"telemetria-goes-qst-102-3","status":"publish","type":"product","link":"https:\/\/sistecma.com.pe\/?product=telemetria-goes-qst-102-3","title":{"rendered":"Telemetr\u00eda &#8211; GOES QST 102-3"},"content":{"rendered":"<p>Avanzado plataforma de recopilaci\u00f3n de datos GOES transmisor compatible con las \u00faltimas NESDIS, implementando una mayor velocidad de datos est\u00e1ndares V2.0 para 300 y 1200 bpms operaci\u00f3n. El transmisor admite temporizadores y protocolos de informes aleatorios, las transmisiones cronometradas se env\u00edan en condiciones preestablecidas en un intervalo configurable por el usuario. Los informes aleatorios pueden ser configurados para hacer transmisiones frecuentes cuando los datos cambian r\u00e1pidamente o cuando las condiciones de alarma se cumplen.<\/p>\n","protected":false},"excerpt":{"rendered":"<p>Avanzado plataforma de recopilaci\u00f3n de datos GOES transmisor compatible con las \u00faltimas NESDIS, implementando una mayor velocidad de datos est\u00e1ndares V2.0 para 300 y 1200 bpms operaci\u00f3n. El transmisor admite temporizadores y protocolos de informes aleatorios, las transmisiones cronometradas se env\u00edan en condiciones preestablecidas en un intervalo configurable por el usuario. Los informes aleatorios pueden ser configurados para hacer transmisiones frecuentes cuando los datos cambian r\u00e1pidamente o cuando las condiciones de alarma se cumplen.<\/p>\n","protected":false},"featured_media":544,"comment_status":"open","ping_status":"closed","template":"","meta":{"_joinchat":[]},"product_cat":[33],"product_tag":[48],"class_list":{"0":"post-439","1":"product","2":"type-product","3":"status-publish","4":"has-post-thumbnail","6":"product_cat-meteorologia","7":"product_tag-meteorologia","9":"first","10":"instock","11":"shipping-taxable","12":"product-type-simple"},"yoast_head":"<!-- This site is optimized with the Yoast SEO plugin v23.7 - https:\/\/yoast.com\/wordpress\/plugins\/seo\/ -->\n<title>Telemetr\u00eda - GOES QST 102-3 - SISTECMA<\/title>\n<meta name=\"robots\" content=\"index, follow, max-snippet:-1, max-image-preview:large, max-video-preview:-1\" \/>\n<link rel=\"canonical\" href=\"https:\/\/sistecma.com.pe\/?product=telemetria-goes-qst-102-3\" \/>\n<meta property=\"og:locale\" content=\"es_ES\" \/>\n<meta property=\"og:type\" content=\"article\" \/>\n<meta property=\"og:title\" content=\"Telemetr\u00eda - GOES QST 102-3 - SISTECMA\" \/>\n<meta property=\"og:description\" content=\"Avanzado plataforma de recopilaci\u00f3n de datos GOES transmisor compatible con las \u00faltimas NESDIS, implementando una mayor velocidad de datos est\u00e1ndares V2.0 para 300 y 1200 bpms operaci\u00f3n. El transmisor admite temporizadores y protocolos de informes aleatorios, las transmisiones cronometradas se env\u00edan en condiciones preestablecidas en un intervalo configurable por el usuario. Los informes aleatorios pueden ser configurados para hacer transmisiones frecuentes cuando los datos cambian r\u00e1pidamente o cuando las condiciones de alarma se cumplen.\" \/>\n<meta property=\"og:url\" content=\"https:\/\/sistecma.com.pe\/?product=telemetria-goes-qst-102-3\" \/>\n<meta property=\"og:site_name\" content=\"SISTECMA\" \/>\n<meta property=\"article:modified_time\" content=\"2024-08-28T00:00:45+00:00\" \/>\n<meta property=\"og:image\" content=\"https:\/\/sistecma.com.pe\/wp-content\/uploads\/2024\/08\/GOES-QST-1024x724.png\" \/>\n\t<meta property=\"og:image:width\" content=\"1024\" \/>\n\t<meta property=\"og:image:height\" content=\"724\" \/>\n\t<meta property=\"og:image:type\" content=\"image\/png\" \/>\n<meta name=\"twitter:card\" content=\"summary_large_image\" \/>\n<meta name=\"twitter:label1\" content=\"Est. reading time\" \/>\n\t<meta name=\"twitter:data1\" content=\"1 minuto\" \/>\n<script type=\"application\/ld+json\" class=\"yoast-schema-graph\">{\"@context\":\"https:\/\/schema.org\",\"@graph\":[{\"@type\":\"WebPage\",\"@id\":\"https:\/\/sistecma.com.pe\/?product=telemetria-goes-qst-102-3\",\"url\":\"https:\/\/sistecma.com.pe\/?product=telemetria-goes-qst-102-3\",\"name\":\"Telemetr\u00eda - GOES QST 102-3 - SISTECMA\",\"isPartOf\":{\"@id\":\"https:\/\/sistecma.com.pe\/#website\"},\"primaryImageOfPage\":{\"@id\":\"https:\/\/sistecma.com.pe\/?product=telemetria-goes-qst-102-3#primaryimage\"},\"image\":{\"@id\":\"https:\/\/sistecma.com.pe\/?product=telemetria-goes-qst-102-3#primaryimage\"},\"thumbnailUrl\":\"https:\/\/sistecma.com.pe\/wp-content\/uploads\/2024\/08\/GOES-QST.png\",\"datePublished\":\"2024-08-17T03:51:22+00:00\",\"dateModified\":\"2024-08-28T00:00:45+00:00\",\"breadcrumb\":{\"@id\":\"https:\/\/sistecma.com.pe\/?product=telemetria-goes-qst-102-3#breadcrumb\"},\"inLanguage\":\"es-PE\",\"potentialAction\":[{\"@type\":\"ReadAction\",\"target\":[\"https:\/\/sistecma.com.pe\/?product=telemetria-goes-qst-102-3\"]}]},{\"@type\":\"ImageObject\",\"inLanguage\":\"es-PE\",\"@id\":\"https:\/\/sistecma.com.pe\/?product=telemetria-goes-qst-102-3#primaryimage\",\"url\":\"https:\/\/sistecma.com.pe\/wp-content\/uploads\/2024\/08\/GOES-QST.png\",\"contentUrl\":\"https:\/\/sistecma.com.pe\/wp-content\/uploads\/2024\/08\/GOES-QST.png\",\"width\":1775,\"height\":1255},{\"@type\":\"BreadcrumbList\",\"@id\":\"https:\/\/sistecma.com.pe\/?product=telemetria-goes-qst-102-3#breadcrumb\",\"itemListElement\":[{\"@type\":\"ListItem\",\"position\":1,\"name\":\"Home\",\"item\":\"https:\/\/sistecma.com.pe\/\"},{\"@type\":\"ListItem\",\"position\":2,\"name\":\"Products\",\"item\":\"https:\/\/sistecma.com.pe\/?post_type=product\"},{\"@type\":\"ListItem\",\"position\":3,\"name\":\"Telemetr\u00eda &#8211; GOES QST 102-3\"}]},{\"@type\":\"WebSite\",\"@id\":\"https:\/\/sistecma.com.pe\/#website\",\"url\":\"https:\/\/sistecma.com.pe\/\",\"name\":\"SISTECMA\",\"description\":\"\",\"potentialAction\":[{\"@type\":\"SearchAction\",\"target\":{\"@type\":\"EntryPoint\",\"urlTemplate\":\"https:\/\/sistecma.com.pe\/?s={search_term_string}\"},\"query-input\":{\"@type\":\"PropertyValueSpecification\",\"valueRequired\":true,\"valueName\":\"search_term_string\"}}],\"inLanguage\":\"es-PE\"}]}<\/script>\n<!-- \/ Yoast SEO plugin. -->","yoast_head_json":{"title":"Telemetr\u00eda - GOES QST 102-3 - SISTECMA","robots":{"index":"index","follow":"follow","max-snippet":"max-snippet:-1","max-image-preview":"max-image-preview:large","max-video-preview":"max-video-preview:-1"},"canonical":"https:\/\/sistecma.com.pe\/?product=telemetria-goes-qst-102-3","og_locale":"es_ES","og_type":"article","og_title":"Telemetr\u00eda - GOES QST 102-3 - SISTECMA","og_description":"Avanzado plataforma de recopilaci\u00f3n de datos GOES transmisor compatible con las \u00faltimas NESDIS, implementando una mayor velocidad de datos est\u00e1ndares V2.0 para 300 y 1200 bpms operaci\u00f3n. El transmisor admite temporizadores y protocolos de informes aleatorios, las transmisiones cronometradas se env\u00edan en condiciones preestablecidas en un intervalo configurable por el usuario. Los informes aleatorios pueden ser configurados para hacer transmisiones frecuentes cuando los datos cambian r\u00e1pidamente o cuando las condiciones de alarma se cumplen.","og_url":"https:\/\/sistecma.com.pe\/?product=telemetria-goes-qst-102-3","og_site_name":"SISTECMA","article_modified_time":"2024-08-28T00:00:45+00:00","og_image":[{"width":1024,"height":724,"url":"https:\/\/sistecma.com.pe\/wp-content\/uploads\/2024\/08\/GOES-QST-1024x724.png","type":"image\/png"}],"twitter_card":"summary_large_image","twitter_misc":{"Est. reading time":"1 minuto"},"schema":{"@context":"https:\/\/schema.org","@graph":[{"@type":"WebPage","@id":"https:\/\/sistecma.com.pe\/?product=telemetria-goes-qst-102-3","url":"https:\/\/sistecma.com.pe\/?product=telemetria-goes-qst-102-3","name":"Telemetr\u00eda - GOES QST 102-3 - SISTECMA","isPartOf":{"@id":"https:\/\/sistecma.com.pe\/#website"},"primaryImageOfPage":{"@id":"https:\/\/sistecma.com.pe\/?product=telemetria-goes-qst-102-3#primaryimage"},"image":{"@id":"https:\/\/sistecma.com.pe\/?product=telemetria-goes-qst-102-3#primaryimage"},"thumbnailUrl":"https:\/\/sistecma.com.pe\/wp-content\/uploads\/2024\/08\/GOES-QST.png","datePublished":"2024-08-17T03:51:22+00:00","dateModified":"2024-08-28T00:00:45+00:00","breadcrumb":{"@id":"https:\/\/sistecma.com.pe\/?product=telemetria-goes-qst-102-3#breadcrumb"},"inLanguage":"es-PE","potentialAction":[{"@type":"ReadAction","target":["https:\/\/sistecma.com.pe\/?product=telemetria-goes-qst-102-3"]}]},{"@type":"ImageObject","inLanguage":"es-PE","@id":"https:\/\/sistecma.com.pe\/?product=telemetria-goes-qst-102-3#primaryimage","url":"https:\/\/sistecma.com.pe\/wp-content\/uploads\/2024\/08\/GOES-QST.png","contentUrl":"https:\/\/sistecma.com.pe\/wp-content\/uploads\/2024\/08\/GOES-QST.png","width":1775,"height":1255},{"@type":"BreadcrumbList","@id":"https:\/\/sistecma.com.pe\/?product=telemetria-goes-qst-102-3#breadcrumb","itemListElement":[{"@type":"ListItem","position":1,"name":"Home","item":"https:\/\/sistecma.com.pe\/"},{"@type":"ListItem","position":2,"name":"Products","item":"https:\/\/sistecma.com.pe\/?post_type=product"},{"@type":"ListItem","position":3,"name":"Telemetr\u00eda &#8211; GOES QST 102-3"}]},{"@type":"WebSite","@id":"https:\/\/sistecma.com.pe\/#website","url":"https:\/\/sistecma.com.pe\/","name":"SISTECMA","description":"","potentialAction":[{"@type":"SearchAction","target":{"@type":"EntryPoint","urlTemplate":"https:\/\/sistecma.com.pe\/?s={search_term_string}"},"query-input":{"@type":"PropertyValueSpecification","valueRequired":true,"valueName":"search_term_string"}}],"inLanguage":"es-PE"}]}},"_links":{"self":[{"href":"https:\/\/sistecma.com.pe\/index.php?rest_route=\/wp\/v2\/product\/439","targetHints":{"allow":["GET"]}}],"collection":[{"href":"https:\/\/sistecma.com.pe\/index.php?rest_route=\/wp\/v2\/product"}],"about":[{"href":"https:\/\/sistecma.com.pe\/index.php?rest_route=\/wp\/v2\/types\/product"}],"replies":[{"embeddable":true,"href":"https:\/\/sistecma.com.pe\/index.php?rest_route=%2Fwp%2Fv2%2Fcomments&post=439"}],"wp:featuredmedia":[{"embeddable":true,"href":"https:\/\/sistecma.com.pe\/index.php?rest_route=\/wp\/v2\/media\/544"}],"wp:attachment":[{"href":"https:\/\/sistecma.com.pe\/index.php?rest_route=%2Fwp%2Fv2%2Fmedia&parent=439"}],"wp:term":[{"taxonomy":"product_cat","embeddable":true,"href":"https:\/\/sistecma.com.pe\/index.php?rest_route=%2Fwp%2Fv2%2Fproduct_cat&post=439"},{"taxonomy":"product_tag","embeddable":true,"href":"https:\/\/sistecma.com.pe\/index.php?rest_route=%2Fwp%2Fv2%2Fproduct_tag&post=439"}],"curies":[{"name":"wp","href":"https:\/\/api.w.org\/{rel}","templated":true}]}}