{"id":438,"date":"2024-08-17T03:47:43","date_gmt":"2024-08-17T03:47:43","guid":{"rendered":"https:\/\/sistecma.com.pe\/?post_type=product&#038;p=438"},"modified":"2024-08-28T00:01:20","modified_gmt":"2024-08-28T00:01:20","slug":"pantalla-de-panel-meteorologico-wid513","status":"publish","type":"product","link":"https:\/\/sistecma.com.pe\/?product=pantalla-de-panel-meteorologico-wid513","title":{"rendered":"Pantalla de panel meteorol\u00f3gico &#8211; WID513"},"content":{"rendered":"<p>La unidad de visualizaci\u00f3n independiente puede recopilar datos de sensores de viento, temperatura, humedad y presi\u00f3n. Es adecuado para entornos operativos relacionados con la aviaci\u00f3n, como torres de control de tr\u00e1fico a\u00e9reo, donde se requiere una excelente legibilidad tanto en condiciones de luz brillante como tenue. Es f\u00e1cil de usar y compatible con los est\u00e1ndares de la OACI, posee un dise\u00f1o el\u00e9ctrico y mec\u00e1nico robusto. Adem\u00e1s, ofrece opciones de montaje en escritorio, panel y pared con tiempos de instalaci\u00f3n cortos.<\/p>\n","protected":false},"excerpt":{"rendered":"<p>La unidad de visualizaci\u00f3n independiente puede recopilar datos de sensores de viento, temperatura, humedad y presi\u00f3n. Es adecuado para entornos operativos relacionados con la aviaci\u00f3n, como torres de control de tr\u00e1fico a\u00e9reo, donde se requiere una excelente legibilidad tanto en condiciones de luz brillante como tenue. Es f\u00e1cil de usar y compatible con los est\u00e1ndares de la OACI, posee un dise\u00f1o el\u00e9ctrico y mec\u00e1nico robusto. Adem\u00e1s, ofrece opciones de montaje en escritorio, panel y pared con tiempos de instalaci\u00f3n cortos.<\/p>\n","protected":false},"featured_media":548,"comment_status":"open","ping_status":"closed","template":"","meta":{"_joinchat":[]},"product_cat":[32],"product_tag":[49],"class_list":{"0":"post-438","1":"product","2":"type-product","3":"status-publish","4":"has-post-thumbnail","6":"product_cat-sistemas-de-monitoreo-de-aeropuertos","7":"product_tag-sistemas-de-monitoreo-de-aeropuertos","9":"first","10":"instock","11":"shipping-taxable","12":"product-type-simple"},"yoast_head":"<!-- This site is optimized with the Yoast SEO plugin v23.7 - https:\/\/yoast.com\/wordpress\/plugins\/seo\/ -->\n<title>Pantalla de panel meteorol\u00f3gico - WID513 - SISTECMA<\/title>\n<meta name=\"robots\" content=\"index, follow, max-snippet:-1, max-image-preview:large, max-video-preview:-1\" \/>\n<link rel=\"canonical\" href=\"https:\/\/sistecma.com.pe\/?product=pantalla-de-panel-meteorologico-wid513\" \/>\n<meta property=\"og:locale\" content=\"es_ES\" \/>\n<meta property=\"og:type\" content=\"article\" \/>\n<meta property=\"og:title\" content=\"Pantalla de panel meteorol\u00f3gico - WID513 - SISTECMA\" \/>\n<meta property=\"og:description\" content=\"La unidad de visualizaci\u00f3n independiente puede recopilar datos de sensores de viento, temperatura, humedad y presi\u00f3n. Es adecuado para entornos operativos relacionados con la aviaci\u00f3n, como torres de control de tr\u00e1fico a\u00e9reo, donde se requiere una excelente legibilidad tanto en condiciones de luz brillante como tenue. Es f\u00e1cil de usar y compatible con los est\u00e1ndares de la OACI, posee un dise\u00f1o el\u00e9ctrico y mec\u00e1nico robusto. Adem\u00e1s, ofrece opciones de montaje en escritorio, panel y pared con tiempos de instalaci\u00f3n cortos.\" \/>\n<meta property=\"og:url\" content=\"https:\/\/sistecma.com.pe\/?product=pantalla-de-panel-meteorologico-wid513\" \/>\n<meta property=\"og:site_name\" content=\"SISTECMA\" \/>\n<meta property=\"article:modified_time\" content=\"2024-08-28T00:01:20+00:00\" \/>\n<meta property=\"og:image\" content=\"https:\/\/sistecma.com.pe\/wp-content\/uploads\/2024\/08\/WID513.jpg\" \/>\n\t<meta property=\"og:image:width\" content=\"1280\" \/>\n\t<meta property=\"og:image:height\" content=\"960\" \/>\n\t<meta property=\"og:image:type\" content=\"image\/jpeg\" \/>\n<meta name=\"twitter:card\" content=\"summary_large_image\" \/>\n<meta name=\"twitter:label1\" content=\"Est. reading time\" \/>\n\t<meta name=\"twitter:data1\" content=\"1 minuto\" \/>\n<script type=\"application\/ld+json\" class=\"yoast-schema-graph\">{\"@context\":\"https:\/\/schema.org\",\"@graph\":[{\"@type\":\"WebPage\",\"@id\":\"https:\/\/sistecma.com.pe\/?product=pantalla-de-panel-meteorologico-wid513\",\"url\":\"https:\/\/sistecma.com.pe\/?product=pantalla-de-panel-meteorologico-wid513\",\"name\":\"Pantalla de panel meteorol\u00f3gico - WID513 - SISTECMA\",\"isPartOf\":{\"@id\":\"https:\/\/sistecma.com.pe\/#website\"},\"primaryImageOfPage\":{\"@id\":\"https:\/\/sistecma.com.pe\/?product=pantalla-de-panel-meteorologico-wid513#primaryimage\"},\"image\":{\"@id\":\"https:\/\/sistecma.com.pe\/?product=pantalla-de-panel-meteorologico-wid513#primaryimage\"},\"thumbnailUrl\":\"https:\/\/sistecma.com.pe\/wp-content\/uploads\/2024\/08\/WID513.jpg\",\"datePublished\":\"2024-08-17T03:47:43+00:00\",\"dateModified\":\"2024-08-28T00:01:20+00:00\",\"breadcrumb\":{\"@id\":\"https:\/\/sistecma.com.pe\/?product=pantalla-de-panel-meteorologico-wid513#breadcrumb\"},\"inLanguage\":\"es-PE\",\"potentialAction\":[{\"@type\":\"ReadAction\",\"target\":[\"https:\/\/sistecma.com.pe\/?product=pantalla-de-panel-meteorologico-wid513\"]}]},{\"@type\":\"ImageObject\",\"inLanguage\":\"es-PE\",\"@id\":\"https:\/\/sistecma.com.pe\/?product=pantalla-de-panel-meteorologico-wid513#primaryimage\",\"url\":\"https:\/\/sistecma.com.pe\/wp-content\/uploads\/2024\/08\/WID513.jpg\",\"contentUrl\":\"https:\/\/sistecma.com.pe\/wp-content\/uploads\/2024\/08\/WID513.jpg\",\"width\":1280,\"height\":960},{\"@type\":\"BreadcrumbList\",\"@id\":\"https:\/\/sistecma.com.pe\/?product=pantalla-de-panel-meteorologico-wid513#breadcrumb\",\"itemListElement\":[{\"@type\":\"ListItem\",\"position\":1,\"name\":\"Home\",\"item\":\"https:\/\/sistecma.com.pe\/\"},{\"@type\":\"ListItem\",\"position\":2,\"name\":\"Products\",\"item\":\"https:\/\/sistecma.com.pe\/?post_type=product\"},{\"@type\":\"ListItem\",\"position\":3,\"name\":\"Pantalla de panel meteorol\u00f3gico &#8211; WID513\"}]},{\"@type\":\"WebSite\",\"@id\":\"https:\/\/sistecma.com.pe\/#website\",\"url\":\"https:\/\/sistecma.com.pe\/\",\"name\":\"SISTECMA\",\"description\":\"\",\"potentialAction\":[{\"@type\":\"SearchAction\",\"target\":{\"@type\":\"EntryPoint\",\"urlTemplate\":\"https:\/\/sistecma.com.pe\/?s={search_term_string}\"},\"query-input\":{\"@type\":\"PropertyValueSpecification\",\"valueRequired\":true,\"valueName\":\"search_term_string\"}}],\"inLanguage\":\"es-PE\"}]}<\/script>\n<!-- \/ Yoast SEO plugin. -->","yoast_head_json":{"title":"Pantalla de panel meteorol\u00f3gico - WID513 - SISTECMA","robots":{"index":"index","follow":"follow","max-snippet":"max-snippet:-1","max-image-preview":"max-image-preview:large","max-video-preview":"max-video-preview:-1"},"canonical":"https:\/\/sistecma.com.pe\/?product=pantalla-de-panel-meteorologico-wid513","og_locale":"es_ES","og_type":"article","og_title":"Pantalla de panel meteorol\u00f3gico - WID513 - SISTECMA","og_description":"La unidad de visualizaci\u00f3n independiente puede recopilar datos de sensores de viento, temperatura, humedad y presi\u00f3n. Es adecuado para entornos operativos relacionados con la aviaci\u00f3n, como torres de control de tr\u00e1fico a\u00e9reo, donde se requiere una excelente legibilidad tanto en condiciones de luz brillante como tenue. Es f\u00e1cil de usar y compatible con los est\u00e1ndares de la OACI, posee un dise\u00f1o el\u00e9ctrico y mec\u00e1nico robusto. Adem\u00e1s, ofrece opciones de montaje en escritorio, panel y pared con tiempos de instalaci\u00f3n cortos.","og_url":"https:\/\/sistecma.com.pe\/?product=pantalla-de-panel-meteorologico-wid513","og_site_name":"SISTECMA","article_modified_time":"2024-08-28T00:01:20+00:00","og_image":[{"width":1280,"height":960,"url":"https:\/\/sistecma.com.pe\/wp-content\/uploads\/2024\/08\/WID513.jpg","type":"image\/jpeg"}],"twitter_card":"summary_large_image","twitter_misc":{"Est. reading time":"1 minuto"},"schema":{"@context":"https:\/\/schema.org","@graph":[{"@type":"WebPage","@id":"https:\/\/sistecma.com.pe\/?product=pantalla-de-panel-meteorologico-wid513","url":"https:\/\/sistecma.com.pe\/?product=pantalla-de-panel-meteorologico-wid513","name":"Pantalla de panel meteorol\u00f3gico - WID513 - SISTECMA","isPartOf":{"@id":"https:\/\/sistecma.com.pe\/#website"},"primaryImageOfPage":{"@id":"https:\/\/sistecma.com.pe\/?product=pantalla-de-panel-meteorologico-wid513#primaryimage"},"image":{"@id":"https:\/\/sistecma.com.pe\/?product=pantalla-de-panel-meteorologico-wid513#primaryimage"},"thumbnailUrl":"https:\/\/sistecma.com.pe\/wp-content\/uploads\/2024\/08\/WID513.jpg","datePublished":"2024-08-17T03:47:43+00:00","dateModified":"2024-08-28T00:01:20+00:00","breadcrumb":{"@id":"https:\/\/sistecma.com.pe\/?product=pantalla-de-panel-meteorologico-wid513#breadcrumb"},"inLanguage":"es-PE","potentialAction":[{"@type":"ReadAction","target":["https:\/\/sistecma.com.pe\/?product=pantalla-de-panel-meteorologico-wid513"]}]},{"@type":"ImageObject","inLanguage":"es-PE","@id":"https:\/\/sistecma.com.pe\/?product=pantalla-de-panel-meteorologico-wid513#primaryimage","url":"https:\/\/sistecma.com.pe\/wp-content\/uploads\/2024\/08\/WID513.jpg","contentUrl":"https:\/\/sistecma.com.pe\/wp-content\/uploads\/2024\/08\/WID513.jpg","width":1280,"height":960},{"@type":"BreadcrumbList","@id":"https:\/\/sistecma.com.pe\/?product=pantalla-de-panel-meteorologico-wid513#breadcrumb","itemListElement":[{"@type":"ListItem","position":1,"name":"Home","item":"https:\/\/sistecma.com.pe\/"},{"@type":"ListItem","position":2,"name":"Products","item":"https:\/\/sistecma.com.pe\/?post_type=product"},{"@type":"ListItem","position":3,"name":"Pantalla de panel meteorol\u00f3gico &#8211; WID513"}]},{"@type":"WebSite","@id":"https:\/\/sistecma.com.pe\/#website","url":"https:\/\/sistecma.com.pe\/","name":"SISTECMA","description":"","potentialAction":[{"@type":"SearchAction","target":{"@type":"EntryPoint","urlTemplate":"https:\/\/sistecma.com.pe\/?s={search_term_string}"},"query-input":{"@type":"PropertyValueSpecification","valueRequired":true,"valueName":"search_term_string"}}],"inLanguage":"es-PE"}]}},"_links":{"self":[{"href":"https:\/\/sistecma.com.pe\/index.php?rest_route=\/wp\/v2\/product\/438","targetHints":{"allow":["GET"]}}],"collection":[{"href":"https:\/\/sistecma.com.pe\/index.php?rest_route=\/wp\/v2\/product"}],"about":[{"href":"https:\/\/sistecma.com.pe\/index.php?rest_route=\/wp\/v2\/types\/product"}],"replies":[{"embeddable":true,"href":"https:\/\/sistecma.com.pe\/index.php?rest_route=%2Fwp%2Fv2%2Fcomments&post=438"}],"wp:featuredmedia":[{"embeddable":true,"href":"https:\/\/sistecma.com.pe\/index.php?rest_route=\/wp\/v2\/media\/548"}],"wp:attachment":[{"href":"https:\/\/sistecma.com.pe\/index.php?rest_route=%2Fwp%2Fv2%2Fmedia&parent=438"}],"wp:term":[{"taxonomy":"product_cat","embeddable":true,"href":"https:\/\/sistecma.com.pe\/index.php?rest_route=%2Fwp%2Fv2%2Fproduct_cat&post=438"},{"taxonomy":"product_tag","embeddable":true,"href":"https:\/\/sistecma.com.pe\/index.php?rest_route=%2Fwp%2Fv2%2Fproduct_tag&post=438"}],"curies":[{"name":"wp","href":"https:\/\/api.w.org\/{rel}","templated":true}]}}