{"id":430,"date":"2024-08-17T03:34:31","date_gmt":"2024-08-17T03:34:31","guid":{"rendered":"https:\/\/sistecma.com.pe\/?post_type=product&#038;p=430"},"modified":"2024-08-25T21:32:34","modified_gmt":"2024-08-25T21:32:34","slug":"registrador-de-datos-dmu801","status":"publish","type":"product","link":"https:\/\/sistecma.com.pe\/?product=registrador-de-datos-dmu801","title":{"rendered":"Registrador de Datos &#8211; DMU801"},"content":{"rendered":"<p>La unidad de gesti\u00f3n de datos facilita la creaci\u00f3n y gesti\u00f3n de redes de observaci\u00f3n. El registrador de datos facilita la integraci\u00f3n de sensores suplementarios y de calidad de referencia en redes h\u00edbridas eficientes. La soluci\u00f3n ofrece un punto de acceso altamente seguro para crear estaciones meteorol\u00f3gicas, estaciones hidrol\u00f3gicas y otros sistemas totalmente integrados que recopilan datos ambientales. A trav\u00e9s de su arquitectura abierta, se puede configurar para enviar datos y observaci\u00f3n para su an\u00e1lisis y visualizaci\u00f3n, dando flexibilidad en c\u00f3mo construir su red de observaci\u00f3n.<\/p>\n","protected":false},"excerpt":{"rendered":"<p>La unidad de gesti\u00f3n de datos facilita la creaci\u00f3n y gesti\u00f3n de redes de observaci\u00f3n. El registrador de datos facilita la integraci\u00f3n de sensores suplementarios y de calidad de referencia en rede h\u00edbridas eficientes. La soluci\u00f3n ofrece un punto de acceso altamente seguro para crear estaciones meteorol\u00f3gicas, estaciones hidrol\u00f3gicas y otros sistemas totalmente integrados que recopilan datos ambientales. A trav\u00e9s de su arquitectura abierta, se puede configurar para enviar datos y observaci\u00f3n para su an\u00e1lisis y visualizaci\u00f3n, dando flexibilidad en c\u00f3mo construir su red de observaci\u00f3n.<\/p>\n","protected":false},"featured_media":555,"comment_status":"open","ping_status":"closed","template":"","meta":{"_joinchat":[]},"product_cat":[32],"product_tag":[49],"class_list":{"0":"post-430","1":"product","2":"type-product","3":"status-publish","4":"has-post-thumbnail","6":"product_cat-sistemas-de-monitoreo-de-aeropuertos","7":"product_tag-sistemas-de-monitoreo-de-aeropuertos","9":"first","10":"instock","11":"shipping-taxable","12":"product-type-simple"},"yoast_head":"<!-- This site is optimized with the Yoast SEO plugin v23.7 - https:\/\/yoast.com\/wordpress\/plugins\/seo\/ -->\n<title>Registrador de Datos - DMU801 - SISTECMA<\/title>\n<meta name=\"robots\" content=\"index, follow, max-snippet:-1, max-image-preview:large, max-video-preview:-1\" \/>\n<link rel=\"canonical\" href=\"https:\/\/sistecma.com.pe\/?product=registrador-de-datos-dmu801\" \/>\n<meta property=\"og:locale\" content=\"es_ES\" \/>\n<meta property=\"og:type\" content=\"article\" \/>\n<meta property=\"og:title\" content=\"Registrador de Datos - DMU801 - SISTECMA\" \/>\n<meta property=\"og:description\" content=\"La unidad de gesti\u00f3n de datos facilita la creaci\u00f3n y gesti\u00f3n de redes de observaci\u00f3n. El registrador de datos facilita la integraci\u00f3n de sensores suplementarios y de calidad de referencia en rede h\u00edbridas eficientes. La soluci\u00f3n ofrece un punto de acceso altamente seguro para crear estaciones meteorol\u00f3gicas, estaciones hidrol\u00f3gicas y otros sistemas totalmente integrados que recopilan datos ambientales. A trav\u00e9s de su arquitectura abierta, se puede configurar para enviar datos y observaci\u00f3n para su an\u00e1lisis y visualizaci\u00f3n, dando flexibilidad en c\u00f3mo construir su red de observaci\u00f3n.\" \/>\n<meta property=\"og:url\" content=\"https:\/\/sistecma.com.pe\/?product=registrador-de-datos-dmu801\" \/>\n<meta property=\"og:site_name\" content=\"SISTECMA\" \/>\n<meta property=\"article:modified_time\" content=\"2024-08-25T21:32:34+00:00\" \/>\n<meta property=\"og:image\" content=\"https:\/\/sistecma.com.pe\/wp-content\/uploads\/2024\/08\/DMU801.jpg\" \/>\n\t<meta property=\"og:image:width\" content=\"800\" \/>\n\t<meta property=\"og:image:height\" content=\"400\" \/>\n\t<meta property=\"og:image:type\" content=\"image\/jpeg\" \/>\n<meta name=\"twitter:card\" content=\"summary_large_image\" \/>\n<meta name=\"twitter:label1\" content=\"Est. reading time\" \/>\n\t<meta name=\"twitter:data1\" content=\"1 minuto\" \/>\n<script type=\"application\/ld+json\" class=\"yoast-schema-graph\">{\"@context\":\"https:\/\/schema.org\",\"@graph\":[{\"@type\":\"WebPage\",\"@id\":\"https:\/\/sistecma.com.pe\/?product=registrador-de-datos-dmu801\",\"url\":\"https:\/\/sistecma.com.pe\/?product=registrador-de-datos-dmu801\",\"name\":\"Registrador de Datos - DMU801 - SISTECMA\",\"isPartOf\":{\"@id\":\"https:\/\/sistecma.com.pe\/#website\"},\"primaryImageOfPage\":{\"@id\":\"https:\/\/sistecma.com.pe\/?product=registrador-de-datos-dmu801#primaryimage\"},\"image\":{\"@id\":\"https:\/\/sistecma.com.pe\/?product=registrador-de-datos-dmu801#primaryimage\"},\"thumbnailUrl\":\"https:\/\/sistecma.com.pe\/wp-content\/uploads\/2024\/08\/DMU801.jpg\",\"datePublished\":\"2024-08-17T03:34:31+00:00\",\"dateModified\":\"2024-08-25T21:32:34+00:00\",\"breadcrumb\":{\"@id\":\"https:\/\/sistecma.com.pe\/?product=registrador-de-datos-dmu801#breadcrumb\"},\"inLanguage\":\"es-PE\",\"potentialAction\":[{\"@type\":\"ReadAction\",\"target\":[\"https:\/\/sistecma.com.pe\/?product=registrador-de-datos-dmu801\"]}]},{\"@type\":\"ImageObject\",\"inLanguage\":\"es-PE\",\"@id\":\"https:\/\/sistecma.com.pe\/?product=registrador-de-datos-dmu801#primaryimage\",\"url\":\"https:\/\/sistecma.com.pe\/wp-content\/uploads\/2024\/08\/DMU801.jpg\",\"contentUrl\":\"https:\/\/sistecma.com.pe\/wp-content\/uploads\/2024\/08\/DMU801.jpg\",\"width\":800,\"height\":400},{\"@type\":\"BreadcrumbList\",\"@id\":\"https:\/\/sistecma.com.pe\/?product=registrador-de-datos-dmu801#breadcrumb\",\"itemListElement\":[{\"@type\":\"ListItem\",\"position\":1,\"name\":\"Home\",\"item\":\"https:\/\/sistecma.com.pe\/\"},{\"@type\":\"ListItem\",\"position\":2,\"name\":\"Products\",\"item\":\"https:\/\/sistecma.com.pe\/?post_type=product\"},{\"@type\":\"ListItem\",\"position\":3,\"name\":\"Registrador de Datos &#8211; DMU801\"}]},{\"@type\":\"WebSite\",\"@id\":\"https:\/\/sistecma.com.pe\/#website\",\"url\":\"https:\/\/sistecma.com.pe\/\",\"name\":\"SISTECMA\",\"description\":\"\",\"potentialAction\":[{\"@type\":\"SearchAction\",\"target\":{\"@type\":\"EntryPoint\",\"urlTemplate\":\"https:\/\/sistecma.com.pe\/?s={search_term_string}\"},\"query-input\":{\"@type\":\"PropertyValueSpecification\",\"valueRequired\":true,\"valueName\":\"search_term_string\"}}],\"inLanguage\":\"es-PE\"}]}<\/script>\n<!-- \/ Yoast SEO plugin. -->","yoast_head_json":{"title":"Registrador de Datos - DMU801 - SISTECMA","robots":{"index":"index","follow":"follow","max-snippet":"max-snippet:-1","max-image-preview":"max-image-preview:large","max-video-preview":"max-video-preview:-1"},"canonical":"https:\/\/sistecma.com.pe\/?product=registrador-de-datos-dmu801","og_locale":"es_ES","og_type":"article","og_title":"Registrador de Datos - DMU801 - SISTECMA","og_description":"La unidad de gesti\u00f3n de datos facilita la creaci\u00f3n y gesti\u00f3n de redes de observaci\u00f3n. El registrador de datos facilita la integraci\u00f3n de sensores suplementarios y de calidad de referencia en rede h\u00edbridas eficientes. La soluci\u00f3n ofrece un punto de acceso altamente seguro para crear estaciones meteorol\u00f3gicas, estaciones hidrol\u00f3gicas y otros sistemas totalmente integrados que recopilan datos ambientales. A trav\u00e9s de su arquitectura abierta, se puede configurar para enviar datos y observaci\u00f3n para su an\u00e1lisis y visualizaci\u00f3n, dando flexibilidad en c\u00f3mo construir su red de observaci\u00f3n.","og_url":"https:\/\/sistecma.com.pe\/?product=registrador-de-datos-dmu801","og_site_name":"SISTECMA","article_modified_time":"2024-08-25T21:32:34+00:00","og_image":[{"width":800,"height":400,"url":"https:\/\/sistecma.com.pe\/wp-content\/uploads\/2024\/08\/DMU801.jpg","type":"image\/jpeg"}],"twitter_card":"summary_large_image","twitter_misc":{"Est. reading time":"1 minuto"},"schema":{"@context":"https:\/\/schema.org","@graph":[{"@type":"WebPage","@id":"https:\/\/sistecma.com.pe\/?product=registrador-de-datos-dmu801","url":"https:\/\/sistecma.com.pe\/?product=registrador-de-datos-dmu801","name":"Registrador de Datos - DMU801 - SISTECMA","isPartOf":{"@id":"https:\/\/sistecma.com.pe\/#website"},"primaryImageOfPage":{"@id":"https:\/\/sistecma.com.pe\/?product=registrador-de-datos-dmu801#primaryimage"},"image":{"@id":"https:\/\/sistecma.com.pe\/?product=registrador-de-datos-dmu801#primaryimage"},"thumbnailUrl":"https:\/\/sistecma.com.pe\/wp-content\/uploads\/2024\/08\/DMU801.jpg","datePublished":"2024-08-17T03:34:31+00:00","dateModified":"2024-08-25T21:32:34+00:00","breadcrumb":{"@id":"https:\/\/sistecma.com.pe\/?product=registrador-de-datos-dmu801#breadcrumb"},"inLanguage":"es-PE","potentialAction":[{"@type":"ReadAction","target":["https:\/\/sistecma.com.pe\/?product=registrador-de-datos-dmu801"]}]},{"@type":"ImageObject","inLanguage":"es-PE","@id":"https:\/\/sistecma.com.pe\/?product=registrador-de-datos-dmu801#primaryimage","url":"https:\/\/sistecma.com.pe\/wp-content\/uploads\/2024\/08\/DMU801.jpg","contentUrl":"https:\/\/sistecma.com.pe\/wp-content\/uploads\/2024\/08\/DMU801.jpg","width":800,"height":400},{"@type":"BreadcrumbList","@id":"https:\/\/sistecma.com.pe\/?product=registrador-de-datos-dmu801#breadcrumb","itemListElement":[{"@type":"ListItem","position":1,"name":"Home","item":"https:\/\/sistecma.com.pe\/"},{"@type":"ListItem","position":2,"name":"Products","item":"https:\/\/sistecma.com.pe\/?post_type=product"},{"@type":"ListItem","position":3,"name":"Registrador de Datos &#8211; DMU801"}]},{"@type":"WebSite","@id":"https:\/\/sistecma.com.pe\/#website","url":"https:\/\/sistecma.com.pe\/","name":"SISTECMA","description":"","potentialAction":[{"@type":"SearchAction","target":{"@type":"EntryPoint","urlTemplate":"https:\/\/sistecma.com.pe\/?s={search_term_string}"},"query-input":{"@type":"PropertyValueSpecification","valueRequired":true,"valueName":"search_term_string"}}],"inLanguage":"es-PE"}]}},"_links":{"self":[{"href":"https:\/\/sistecma.com.pe\/index.php?rest_route=\/wp\/v2\/product\/430","targetHints":{"allow":["GET"]}}],"collection":[{"href":"https:\/\/sistecma.com.pe\/index.php?rest_route=\/wp\/v2\/product"}],"about":[{"href":"https:\/\/sistecma.com.pe\/index.php?rest_route=\/wp\/v2\/types\/product"}],"replies":[{"embeddable":true,"href":"https:\/\/sistecma.com.pe\/index.php?rest_route=%2Fwp%2Fv2%2Fcomments&post=430"}],"wp:featuredmedia":[{"embeddable":true,"href":"https:\/\/sistecma.com.pe\/index.php?rest_route=\/wp\/v2\/media\/555"}],"wp:attachment":[{"href":"https:\/\/sistecma.com.pe\/index.php?rest_route=%2Fwp%2Fv2%2Fmedia&parent=430"}],"wp:term":[{"taxonomy":"product_cat","embeddable":true,"href":"https:\/\/sistecma.com.pe\/index.php?rest_route=%2Fwp%2Fv2%2Fproduct_cat&post=430"},{"taxonomy":"product_tag","embeddable":true,"href":"https:\/\/sistecma.com.pe\/index.php?rest_route=%2Fwp%2Fv2%2Fproduct_tag&post=430"}],"curies":[{"name":"wp","href":"https:\/\/api.w.org\/{rel}","templated":true}]}}