{"id":429,"date":"2024-08-17T03:33:00","date_gmt":"2024-08-17T03:33:00","guid":{"rendered":"https:\/\/sistecma.com.pe\/?post_type=product&#038;p=429"},"modified":"2024-08-28T00:06:27","modified_gmt":"2024-08-28T00:06:27","slug":"registrador-de-datos-qml201c","status":"publish","type":"product","link":"https:\/\/sistecma.com.pe\/?product=registrador-de-datos-qml201c","title":{"rendered":"Registrador de Datos &#8211; QML201C"},"content":{"rendered":"<p>El registrador de datos incluye una unidad central de procesamiento (CPU) de 32 bits, conversi\u00f3n A\/D de 24 bits, calibraci\u00f3n autom\u00e1tica del ADC y la electr\u00f3nica de medici\u00f3n. Junto con una calidad de datos avanzada, el software de control y validaci\u00f3n garantiza la precisi\u00f3n de la medici\u00f3n de los datos. El dise\u00f1o es compacto y permite que se pueda actualizar f\u00e1cilmente con nuevos sensores, c\u00e1lculos, formatos de salida y horarios de registro en cualquier tiempo para adaptarse a los cambios requerimientos de los usuarios<\/p>\n","protected":false},"excerpt":{"rendered":"<p>El registrador de datos incluye una unidad central de procesamiento (CPU) de 32 bits, conversi\u00f3n A\/D de 24 bits, calibraci\u00f3n autom\u00e1tica del ADC y la electr\u00f3nica de medici\u00f3n. Junto con una calidad de datos avanzada, el software de control y validaci\u00f3n garantiza la precisi\u00f3n de la medici\u00f3n de los datos. El dise\u00f1o es compacto y permite que se pueda actualizar f\u00e1cilmente con nuevos sensores, c\u00e1lculos, formatos de salida y horarios de registro en cualquier tiempo para adaptarse a los cambios requerimientos de los usuarios<\/p>\n","protected":false},"featured_media":556,"comment_status":"open","ping_status":"closed","template":"","meta":{"_joinchat":[]},"product_cat":[32],"product_tag":[49],"class_list":{"0":"post-429","1":"product","2":"type-product","3":"status-publish","4":"has-post-thumbnail","6":"product_cat-sistemas-de-monitoreo-de-aeropuertos","7":"product_tag-sistemas-de-monitoreo-de-aeropuertos","9":"first","10":"instock","11":"downloadable","12":"shipping-taxable","13":"product-type-simple"},"yoast_head":"<!-- This site is optimized with the Yoast SEO plugin v23.7 - https:\/\/yoast.com\/wordpress\/plugins\/seo\/ -->\n<title>Registrador de Datos - QML201C - SISTECMA<\/title>\n<meta name=\"robots\" content=\"index, follow, max-snippet:-1, max-image-preview:large, max-video-preview:-1\" \/>\n<link rel=\"canonical\" href=\"https:\/\/sistecma.com.pe\/?product=registrador-de-datos-qml201c\" \/>\n<meta property=\"og:locale\" content=\"es_ES\" \/>\n<meta property=\"og:type\" content=\"article\" \/>\n<meta property=\"og:title\" content=\"Registrador de Datos - QML201C - SISTECMA\" \/>\n<meta property=\"og:description\" content=\"El registrador de datos incluye una unidad central de procesamiento (CPU) de 32 bits, conversi\u00f3n A\/D de 24 bits, calibraci\u00f3n autom\u00e1tica del ADC y la electr\u00f3nica de medici\u00f3n. Junto con una calidad de datos avanzada, el software de control y validaci\u00f3n garantiza la precisi\u00f3n de la medici\u00f3n de los datos. El dise\u00f1o es compacto y permite que se pueda actualizar f\u00e1cilmente con nuevos sensores, c\u00e1lculos, formatos de salida y horarios de registro en cualquier tiempo para adaptarse a los cambios requerimientos de los usuarios\" \/>\n<meta property=\"og:url\" content=\"https:\/\/sistecma.com.pe\/?product=registrador-de-datos-qml201c\" \/>\n<meta property=\"og:site_name\" content=\"SISTECMA\" \/>\n<meta property=\"article:modified_time\" content=\"2024-08-28T00:06:27+00:00\" \/>\n<meta property=\"og:image\" content=\"https:\/\/sistecma.com.pe\/wp-content\/uploads\/2024\/08\/QML201C.png\" \/>\n\t<meta property=\"og:image:width\" content=\"1540\" \/>\n\t<meta property=\"og:image:height\" content=\"1063\" \/>\n\t<meta property=\"og:image:type\" content=\"image\/png\" \/>\n<meta name=\"twitter:card\" content=\"summary_large_image\" \/>\n<meta name=\"twitter:label1\" content=\"Est. reading time\" \/>\n\t<meta name=\"twitter:data1\" content=\"1 minuto\" \/>\n<script type=\"application\/ld+json\" class=\"yoast-schema-graph\">{\"@context\":\"https:\/\/schema.org\",\"@graph\":[{\"@type\":\"WebPage\",\"@id\":\"https:\/\/sistecma.com.pe\/?product=registrador-de-datos-qml201c\",\"url\":\"https:\/\/sistecma.com.pe\/?product=registrador-de-datos-qml201c\",\"name\":\"Registrador de Datos - QML201C - SISTECMA\",\"isPartOf\":{\"@id\":\"https:\/\/sistecma.com.pe\/#website\"},\"primaryImageOfPage\":{\"@id\":\"https:\/\/sistecma.com.pe\/?product=registrador-de-datos-qml201c#primaryimage\"},\"image\":{\"@id\":\"https:\/\/sistecma.com.pe\/?product=registrador-de-datos-qml201c#primaryimage\"},\"thumbnailUrl\":\"https:\/\/sistecma.com.pe\/wp-content\/uploads\/2024\/08\/QML201C.png\",\"datePublished\":\"2024-08-17T03:33:00+00:00\",\"dateModified\":\"2024-08-28T00:06:27+00:00\",\"breadcrumb\":{\"@id\":\"https:\/\/sistecma.com.pe\/?product=registrador-de-datos-qml201c#breadcrumb\"},\"inLanguage\":\"es-PE\",\"potentialAction\":[{\"@type\":\"ReadAction\",\"target\":[\"https:\/\/sistecma.com.pe\/?product=registrador-de-datos-qml201c\"]}]},{\"@type\":\"ImageObject\",\"inLanguage\":\"es-PE\",\"@id\":\"https:\/\/sistecma.com.pe\/?product=registrador-de-datos-qml201c#primaryimage\",\"url\":\"https:\/\/sistecma.com.pe\/wp-content\/uploads\/2024\/08\/QML201C.png\",\"contentUrl\":\"https:\/\/sistecma.com.pe\/wp-content\/uploads\/2024\/08\/QML201C.png\",\"width\":1540,\"height\":1063},{\"@type\":\"BreadcrumbList\",\"@id\":\"https:\/\/sistecma.com.pe\/?product=registrador-de-datos-qml201c#breadcrumb\",\"itemListElement\":[{\"@type\":\"ListItem\",\"position\":1,\"name\":\"Home\",\"item\":\"https:\/\/sistecma.com.pe\/\"},{\"@type\":\"ListItem\",\"position\":2,\"name\":\"Products\",\"item\":\"https:\/\/sistecma.com.pe\/?post_type=product\"},{\"@type\":\"ListItem\",\"position\":3,\"name\":\"Registrador de Datos &#8211; QML201C\"}]},{\"@type\":\"WebSite\",\"@id\":\"https:\/\/sistecma.com.pe\/#website\",\"url\":\"https:\/\/sistecma.com.pe\/\",\"name\":\"SISTECMA\",\"description\":\"\",\"potentialAction\":[{\"@type\":\"SearchAction\",\"target\":{\"@type\":\"EntryPoint\",\"urlTemplate\":\"https:\/\/sistecma.com.pe\/?s={search_term_string}\"},\"query-input\":{\"@type\":\"PropertyValueSpecification\",\"valueRequired\":true,\"valueName\":\"search_term_string\"}}],\"inLanguage\":\"es-PE\"}]}<\/script>\n<!-- \/ Yoast SEO plugin. -->","yoast_head_json":{"title":"Registrador de Datos - QML201C - SISTECMA","robots":{"index":"index","follow":"follow","max-snippet":"max-snippet:-1","max-image-preview":"max-image-preview:large","max-video-preview":"max-video-preview:-1"},"canonical":"https:\/\/sistecma.com.pe\/?product=registrador-de-datos-qml201c","og_locale":"es_ES","og_type":"article","og_title":"Registrador de Datos - QML201C - SISTECMA","og_description":"El registrador de datos incluye una unidad central de procesamiento (CPU) de 32 bits, conversi\u00f3n A\/D de 24 bits, calibraci\u00f3n autom\u00e1tica del ADC y la electr\u00f3nica de medici\u00f3n. Junto con una calidad de datos avanzada, el software de control y validaci\u00f3n garantiza la precisi\u00f3n de la medici\u00f3n de los datos. El dise\u00f1o es compacto y permite que se pueda actualizar f\u00e1cilmente con nuevos sensores, c\u00e1lculos, formatos de salida y horarios de registro en cualquier tiempo para adaptarse a los cambios requerimientos de los usuarios","og_url":"https:\/\/sistecma.com.pe\/?product=registrador-de-datos-qml201c","og_site_name":"SISTECMA","article_modified_time":"2024-08-28T00:06:27+00:00","og_image":[{"width":1540,"height":1063,"url":"https:\/\/sistecma.com.pe\/wp-content\/uploads\/2024\/08\/QML201C.png","type":"image\/png"}],"twitter_card":"summary_large_image","twitter_misc":{"Est. reading time":"1 minuto"},"schema":{"@context":"https:\/\/schema.org","@graph":[{"@type":"WebPage","@id":"https:\/\/sistecma.com.pe\/?product=registrador-de-datos-qml201c","url":"https:\/\/sistecma.com.pe\/?product=registrador-de-datos-qml201c","name":"Registrador de Datos - QML201C - SISTECMA","isPartOf":{"@id":"https:\/\/sistecma.com.pe\/#website"},"primaryImageOfPage":{"@id":"https:\/\/sistecma.com.pe\/?product=registrador-de-datos-qml201c#primaryimage"},"image":{"@id":"https:\/\/sistecma.com.pe\/?product=registrador-de-datos-qml201c#primaryimage"},"thumbnailUrl":"https:\/\/sistecma.com.pe\/wp-content\/uploads\/2024\/08\/QML201C.png","datePublished":"2024-08-17T03:33:00+00:00","dateModified":"2024-08-28T00:06:27+00:00","breadcrumb":{"@id":"https:\/\/sistecma.com.pe\/?product=registrador-de-datos-qml201c#breadcrumb"},"inLanguage":"es-PE","potentialAction":[{"@type":"ReadAction","target":["https:\/\/sistecma.com.pe\/?product=registrador-de-datos-qml201c"]}]},{"@type":"ImageObject","inLanguage":"es-PE","@id":"https:\/\/sistecma.com.pe\/?product=registrador-de-datos-qml201c#primaryimage","url":"https:\/\/sistecma.com.pe\/wp-content\/uploads\/2024\/08\/QML201C.png","contentUrl":"https:\/\/sistecma.com.pe\/wp-content\/uploads\/2024\/08\/QML201C.png","width":1540,"height":1063},{"@type":"BreadcrumbList","@id":"https:\/\/sistecma.com.pe\/?product=registrador-de-datos-qml201c#breadcrumb","itemListElement":[{"@type":"ListItem","position":1,"name":"Home","item":"https:\/\/sistecma.com.pe\/"},{"@type":"ListItem","position":2,"name":"Products","item":"https:\/\/sistecma.com.pe\/?post_type=product"},{"@type":"ListItem","position":3,"name":"Registrador de Datos &#8211; QML201C"}]},{"@type":"WebSite","@id":"https:\/\/sistecma.com.pe\/#website","url":"https:\/\/sistecma.com.pe\/","name":"SISTECMA","description":"","potentialAction":[{"@type":"SearchAction","target":{"@type":"EntryPoint","urlTemplate":"https:\/\/sistecma.com.pe\/?s={search_term_string}"},"query-input":{"@type":"PropertyValueSpecification","valueRequired":true,"valueName":"search_term_string"}}],"inLanguage":"es-PE"}]}},"_links":{"self":[{"href":"https:\/\/sistecma.com.pe\/index.php?rest_route=\/wp\/v2\/product\/429","targetHints":{"allow":["GET"]}}],"collection":[{"href":"https:\/\/sistecma.com.pe\/index.php?rest_route=\/wp\/v2\/product"}],"about":[{"href":"https:\/\/sistecma.com.pe\/index.php?rest_route=\/wp\/v2\/types\/product"}],"replies":[{"embeddable":true,"href":"https:\/\/sistecma.com.pe\/index.php?rest_route=%2Fwp%2Fv2%2Fcomments&post=429"}],"wp:featuredmedia":[{"embeddable":true,"href":"https:\/\/sistecma.com.pe\/index.php?rest_route=\/wp\/v2\/media\/556"}],"wp:attachment":[{"href":"https:\/\/sistecma.com.pe\/index.php?rest_route=%2Fwp%2Fv2%2Fmedia&parent=429"}],"wp:term":[{"taxonomy":"product_cat","embeddable":true,"href":"https:\/\/sistecma.com.pe\/index.php?rest_route=%2Fwp%2Fv2%2Fproduct_cat&post=429"},{"taxonomy":"product_tag","embeddable":true,"href":"https:\/\/sistecma.com.pe\/index.php?rest_route=%2Fwp%2Fv2%2Fproduct_tag&post=429"}],"curies":[{"name":"wp","href":"https:\/\/api.w.org\/{rel}","templated":true}]}}