{"id":386,"date":"2024-08-16T22:56:24","date_gmt":"2024-08-16T22:56:24","guid":{"rendered":"https:\/\/sistecma.com.pe\/?post_type=product&#038;p=386"},"modified":"2024-08-28T21:26:49","modified_gmt":"2024-08-28T21:26:49","slug":"sensor-de-presion-barometrica-ptb330","status":"publish","type":"product","link":"https:\/\/sistecma.com.pe\/?product=sensor-de-presion-barometrica-ptb330","title":{"rendered":"Sensor de Presi\u00f3n Barometrica &#8211; PTB330"},"content":{"rendered":"<p>El bar\u00f3metro digital aprovecha la tecnolog\u00eda de sensor BAROCAP\u00ae que combina la medici\u00f3n de presi\u00f3n absoluta y precisi\u00f3n excepcional con baja hist\u00e9resis y estabilidad a largo plazo. Ya sea que se rastree el movimiento de frentes meteorol\u00f3gicos locales y regionales, se generen modelos hist\u00f3ricos de sistemas de alta y baja presi\u00f3n, o se monitoree el desarrollo de clima para un sistema de alerta temprana; el sensor entregar\u00e1 lecturas precisas de la presi\u00f3n barom\u00e9trica en las condiciones m\u00e1s duras, incluso en el espacio<\/p>\n","protected":false},"excerpt":{"rendered":"<p>El bar\u00f3metro digital aprovecha la tecnolog\u00eda de sensor BAROCAP\u00ae que combina la medici\u00f3n de presi\u00f3n absoluta y precisi\u00f3n excepcional con baja hist\u00e9resis y estabilidad a largo plazo. Ya sea que se rastree el movimiento de frentes meteorol\u00f3gicos locales y regionales, se generen modelos hist\u00f3ricos de sistemas de alta y baja presi\u00f3n, o se monitoree el desarrollo de clima para un sistema de alerta temprana; el sensor entregar\u00e1 lecturas precisas de la presi\u00f3n barom\u00e9trica en las condiciones m\u00e1s duras, incluso en el espacio<\/p>\n","protected":false},"featured_media":559,"comment_status":"open","ping_status":"closed","template":"","meta":{"_joinchat":[]},"product_cat":[33,32],"product_tag":[48,49],"class_list":{"0":"post-386","1":"product","2":"type-product","3":"status-publish","4":"has-post-thumbnail","6":"product_cat-meteorologia","7":"product_cat-sistemas-de-monitoreo-de-aeropuertos","8":"product_tag-meteorologia","9":"product_tag-sistemas-de-monitoreo-de-aeropuertos","11":"first","12":"instock","13":"downloadable","14":"shipping-taxable","15":"product-type-simple"},"yoast_head":"<!-- This site is optimized with the Yoast SEO plugin v23.7 - https:\/\/yoast.com\/wordpress\/plugins\/seo\/ -->\n<title>Sensor de Presi\u00f3n Barometrica - PTB330 - SISTECMA<\/title>\n<meta name=\"robots\" content=\"index, follow, max-snippet:-1, max-image-preview:large, max-video-preview:-1\" \/>\n<link rel=\"canonical\" href=\"https:\/\/sistecma.com.pe\/?product=sensor-de-presion-barometrica-ptb330\" \/>\n<meta property=\"og:locale\" content=\"es_ES\" \/>\n<meta property=\"og:type\" content=\"article\" \/>\n<meta property=\"og:title\" content=\"Sensor de Presi\u00f3n Barometrica - PTB330 - SISTECMA\" \/>\n<meta property=\"og:description\" content=\"El bar\u00f3metro digital aprovecha la tecnolog\u00eda de sensor BAROCAP\u00ae que combina la medici\u00f3n de presi\u00f3n absoluta y precisi\u00f3n excepcional con baja hist\u00e9resis y estabilidad a largo plazo. Ya sea que se rastree el movimiento de frentes meteorol\u00f3gicos locales y regionales, se generen modelos hist\u00f3ricos de sistemas de alta y baja presi\u00f3n, o se monitoree el desarrollo de clima para un sistema de alerta temprana; el sensor entregar\u00e1 lecturas precisas de la presi\u00f3n barom\u00e9trica en las condiciones m\u00e1s duras, incluso en el espacio\" \/>\n<meta property=\"og:url\" content=\"https:\/\/sistecma.com.pe\/?product=sensor-de-presion-barometrica-ptb330\" \/>\n<meta property=\"og:site_name\" content=\"SISTECMA\" \/>\n<meta property=\"article:modified_time\" content=\"2024-08-28T21:26:49+00:00\" \/>\n<meta property=\"og:image\" content=\"https:\/\/sistecma.com.pe\/wp-content\/uploads\/2024\/08\/PTB330.jpg\" \/>\n\t<meta property=\"og:image:width\" content=\"650\" \/>\n\t<meta property=\"og:image:height\" content=\"365\" \/>\n\t<meta property=\"og:image:type\" content=\"image\/jpeg\" \/>\n<meta name=\"twitter:card\" content=\"summary_large_image\" \/>\n<meta name=\"twitter:label1\" content=\"Est. reading time\" \/>\n\t<meta name=\"twitter:data1\" content=\"1 minuto\" \/>\n<script type=\"application\/ld+json\" class=\"yoast-schema-graph\">{\"@context\":\"https:\/\/schema.org\",\"@graph\":[{\"@type\":\"WebPage\",\"@id\":\"https:\/\/sistecma.com.pe\/?product=sensor-de-presion-barometrica-ptb330\",\"url\":\"https:\/\/sistecma.com.pe\/?product=sensor-de-presion-barometrica-ptb330\",\"name\":\"Sensor de Presi\u00f3n Barometrica - PTB330 - SISTECMA\",\"isPartOf\":{\"@id\":\"https:\/\/sistecma.com.pe\/#website\"},\"primaryImageOfPage\":{\"@id\":\"https:\/\/sistecma.com.pe\/?product=sensor-de-presion-barometrica-ptb330#primaryimage\"},\"image\":{\"@id\":\"https:\/\/sistecma.com.pe\/?product=sensor-de-presion-barometrica-ptb330#primaryimage\"},\"thumbnailUrl\":\"https:\/\/sistecma.com.pe\/wp-content\/uploads\/2024\/08\/PTB330.jpg\",\"datePublished\":\"2024-08-16T22:56:24+00:00\",\"dateModified\":\"2024-08-28T21:26:49+00:00\",\"breadcrumb\":{\"@id\":\"https:\/\/sistecma.com.pe\/?product=sensor-de-presion-barometrica-ptb330#breadcrumb\"},\"inLanguage\":\"es-PE\",\"potentialAction\":[{\"@type\":\"ReadAction\",\"target\":[\"https:\/\/sistecma.com.pe\/?product=sensor-de-presion-barometrica-ptb330\"]}]},{\"@type\":\"ImageObject\",\"inLanguage\":\"es-PE\",\"@id\":\"https:\/\/sistecma.com.pe\/?product=sensor-de-presion-barometrica-ptb330#primaryimage\",\"url\":\"https:\/\/sistecma.com.pe\/wp-content\/uploads\/2024\/08\/PTB330.jpg\",\"contentUrl\":\"https:\/\/sistecma.com.pe\/wp-content\/uploads\/2024\/08\/PTB330.jpg\",\"width\":650,\"height\":365},{\"@type\":\"BreadcrumbList\",\"@id\":\"https:\/\/sistecma.com.pe\/?product=sensor-de-presion-barometrica-ptb330#breadcrumb\",\"itemListElement\":[{\"@type\":\"ListItem\",\"position\":1,\"name\":\"Home\",\"item\":\"https:\/\/sistecma.com.pe\/\"},{\"@type\":\"ListItem\",\"position\":2,\"name\":\"Products\",\"item\":\"https:\/\/sistecma.com.pe\/?post_type=product\"},{\"@type\":\"ListItem\",\"position\":3,\"name\":\"Sensor de Presi\u00f3n Barometrica &#8211; PTB330\"}]},{\"@type\":\"WebSite\",\"@id\":\"https:\/\/sistecma.com.pe\/#website\",\"url\":\"https:\/\/sistecma.com.pe\/\",\"name\":\"SISTECMA\",\"description\":\"\",\"potentialAction\":[{\"@type\":\"SearchAction\",\"target\":{\"@type\":\"EntryPoint\",\"urlTemplate\":\"https:\/\/sistecma.com.pe\/?s={search_term_string}\"},\"query-input\":{\"@type\":\"PropertyValueSpecification\",\"valueRequired\":true,\"valueName\":\"search_term_string\"}}],\"inLanguage\":\"es-PE\"}]}<\/script>\n<!-- \/ Yoast SEO plugin. -->","yoast_head_json":{"title":"Sensor de Presi\u00f3n Barometrica - PTB330 - SISTECMA","robots":{"index":"index","follow":"follow","max-snippet":"max-snippet:-1","max-image-preview":"max-image-preview:large","max-video-preview":"max-video-preview:-1"},"canonical":"https:\/\/sistecma.com.pe\/?product=sensor-de-presion-barometrica-ptb330","og_locale":"es_ES","og_type":"article","og_title":"Sensor de Presi\u00f3n Barometrica - PTB330 - SISTECMA","og_description":"El bar\u00f3metro digital aprovecha la tecnolog\u00eda de sensor BAROCAP\u00ae que combina la medici\u00f3n de presi\u00f3n absoluta y precisi\u00f3n excepcional con baja hist\u00e9resis y estabilidad a largo plazo. Ya sea que se rastree el movimiento de frentes meteorol\u00f3gicos locales y regionales, se generen modelos hist\u00f3ricos de sistemas de alta y baja presi\u00f3n, o se monitoree el desarrollo de clima para un sistema de alerta temprana; el sensor entregar\u00e1 lecturas precisas de la presi\u00f3n barom\u00e9trica en las condiciones m\u00e1s duras, incluso en el espacio","og_url":"https:\/\/sistecma.com.pe\/?product=sensor-de-presion-barometrica-ptb330","og_site_name":"SISTECMA","article_modified_time":"2024-08-28T21:26:49+00:00","og_image":[{"width":650,"height":365,"url":"https:\/\/sistecma.com.pe\/wp-content\/uploads\/2024\/08\/PTB330.jpg","type":"image\/jpeg"}],"twitter_card":"summary_large_image","twitter_misc":{"Est. reading time":"1 minuto"},"schema":{"@context":"https:\/\/schema.org","@graph":[{"@type":"WebPage","@id":"https:\/\/sistecma.com.pe\/?product=sensor-de-presion-barometrica-ptb330","url":"https:\/\/sistecma.com.pe\/?product=sensor-de-presion-barometrica-ptb330","name":"Sensor de Presi\u00f3n Barometrica - PTB330 - SISTECMA","isPartOf":{"@id":"https:\/\/sistecma.com.pe\/#website"},"primaryImageOfPage":{"@id":"https:\/\/sistecma.com.pe\/?product=sensor-de-presion-barometrica-ptb330#primaryimage"},"image":{"@id":"https:\/\/sistecma.com.pe\/?product=sensor-de-presion-barometrica-ptb330#primaryimage"},"thumbnailUrl":"https:\/\/sistecma.com.pe\/wp-content\/uploads\/2024\/08\/PTB330.jpg","datePublished":"2024-08-16T22:56:24+00:00","dateModified":"2024-08-28T21:26:49+00:00","breadcrumb":{"@id":"https:\/\/sistecma.com.pe\/?product=sensor-de-presion-barometrica-ptb330#breadcrumb"},"inLanguage":"es-PE","potentialAction":[{"@type":"ReadAction","target":["https:\/\/sistecma.com.pe\/?product=sensor-de-presion-barometrica-ptb330"]}]},{"@type":"ImageObject","inLanguage":"es-PE","@id":"https:\/\/sistecma.com.pe\/?product=sensor-de-presion-barometrica-ptb330#primaryimage","url":"https:\/\/sistecma.com.pe\/wp-content\/uploads\/2024\/08\/PTB330.jpg","contentUrl":"https:\/\/sistecma.com.pe\/wp-content\/uploads\/2024\/08\/PTB330.jpg","width":650,"height":365},{"@type":"BreadcrumbList","@id":"https:\/\/sistecma.com.pe\/?product=sensor-de-presion-barometrica-ptb330#breadcrumb","itemListElement":[{"@type":"ListItem","position":1,"name":"Home","item":"https:\/\/sistecma.com.pe\/"},{"@type":"ListItem","position":2,"name":"Products","item":"https:\/\/sistecma.com.pe\/?post_type=product"},{"@type":"ListItem","position":3,"name":"Sensor de Presi\u00f3n Barometrica &#8211; PTB330"}]},{"@type":"WebSite","@id":"https:\/\/sistecma.com.pe\/#website","url":"https:\/\/sistecma.com.pe\/","name":"SISTECMA","description":"","potentialAction":[{"@type":"SearchAction","target":{"@type":"EntryPoint","urlTemplate":"https:\/\/sistecma.com.pe\/?s={search_term_string}"},"query-input":{"@type":"PropertyValueSpecification","valueRequired":true,"valueName":"search_term_string"}}],"inLanguage":"es-PE"}]}},"_links":{"self":[{"href":"https:\/\/sistecma.com.pe\/index.php?rest_route=\/wp\/v2\/product\/386","targetHints":{"allow":["GET"]}}],"collection":[{"href":"https:\/\/sistecma.com.pe\/index.php?rest_route=\/wp\/v2\/product"}],"about":[{"href":"https:\/\/sistecma.com.pe\/index.php?rest_route=\/wp\/v2\/types\/product"}],"replies":[{"embeddable":true,"href":"https:\/\/sistecma.com.pe\/index.php?rest_route=%2Fwp%2Fv2%2Fcomments&post=386"}],"wp:featuredmedia":[{"embeddable":true,"href":"https:\/\/sistecma.com.pe\/index.php?rest_route=\/wp\/v2\/media\/559"}],"wp:attachment":[{"href":"https:\/\/sistecma.com.pe\/index.php?rest_route=%2Fwp%2Fv2%2Fmedia&parent=386"}],"wp:term":[{"taxonomy":"product_cat","embeddable":true,"href":"https:\/\/sistecma.com.pe\/index.php?rest_route=%2Fwp%2Fv2%2Fproduct_cat&post=386"},{"taxonomy":"product_tag","embeddable":true,"href":"https:\/\/sistecma.com.pe\/index.php?rest_route=%2Fwp%2Fv2%2Fproduct_tag&post=386"}],"curies":[{"name":"wp","href":"https:\/\/api.w.org\/{rel}","templated":true}]}}