{"id":383,"date":"2024-08-16T22:40:21","date_gmt":"2024-08-16T22:40:21","guid":{"rendered":"https:\/\/sistecma.com.pe\/?post_type=product&#038;p=383"},"modified":"2024-08-25T21:47:10","modified_gmt":"2024-08-25T21:47:10","slug":"hmp155","status":"publish","type":"product","link":"https:\/\/sistecma.com.pe\/?product=hmp155","title":{"rendered":"Sensor de Temperatura y Humedad &#8211; HMP155"},"content":{"rendered":"<p>El sensor proporciona mediciones de humedad r\u00e1pidas y precisas en una variedad de condiciones, incluyendo tropicales, ambientes costeros y marinos. El sensor ofrece una excelente estabilidad a largo plazo en los ambientes m\u00e1s hostiles, especialmente donde las mediciones pueden verse alteradas por productos qu\u00edmicos, niebla, neblina, lluvia y roc\u00edo intenso. El sensor permite una recopilaci\u00f3n continua de condiciones clim\u00e1ticas para pron\u00f3sticos a corto y largo plazo, an\u00e1lisis meteorol\u00f3gicos y estudios clim\u00e1ticos.<\/p>\n","protected":false},"excerpt":{"rendered":"<p>El sensor proporciona mediciones de humedad r\u00e1pidas y precisas en una variedad de condiciones, incluyendo tropicales, ambientes costeros y marinos. El sensor ofrece una excelente estabilidad a largo plazo en los ambientes m\u00e1s hostiles, especialmente donde las mediciones pueden verse alteradas por productos qu\u00edmicos, niebla, neblina, lluvia y roc\u00edo intenso. El sensor permite una recopilaci\u00f3n continua de condiciones clim\u00e1ticas para pron\u00f3sticos a corto y largo plazo, an\u00e1lisis meteorol\u00f3gicos y estudios clim\u00e1ticos.<\/p>\n","protected":false},"featured_media":560,"comment_status":"open","ping_status":"closed","template":"","meta":{"_joinchat":[]},"product_cat":[32],"product_tag":[49],"class_list":{"0":"post-383","1":"product","2":"type-product","3":"status-publish","4":"has-post-thumbnail","6":"product_cat-sistemas-de-monitoreo-de-aeropuertos","7":"product_tag-sistemas-de-monitoreo-de-aeropuertos","9":"first","10":"instock","11":"downloadable","12":"shipping-taxable","13":"product-type-simple"},"yoast_head":"<!-- This site is optimized with the Yoast SEO plugin v23.7 - https:\/\/yoast.com\/wordpress\/plugins\/seo\/ -->\n<title>Sensor de Temperatura y Humedad - HMP155 - SISTECMA<\/title>\n<meta name=\"description\" content=\"El sensor permite una recopilaci\u00f3n continua de condiciones clim\u00e1ticas para pron\u00f3sticos a corto y largo plazo, an\u00e1lisis meteorol\u00f3gicos y estudios clim\u00e1ticos.\" \/>\n<meta name=\"robots\" content=\"index, follow, max-snippet:-1, max-image-preview:large, max-video-preview:-1\" \/>\n<link rel=\"canonical\" href=\"https:\/\/sistecma.com.pe\/?product=hmp155\" \/>\n<meta property=\"og:locale\" content=\"es_ES\" \/>\n<meta property=\"og:type\" content=\"article\" \/>\n<meta property=\"og:title\" content=\"Sensor de Temperatura y Humedad - HMP155 - SISTECMA\" \/>\n<meta property=\"og:description\" content=\"El sensor permite una recopilaci\u00f3n continua de condiciones clim\u00e1ticas para pron\u00f3sticos a corto y largo plazo, an\u00e1lisis meteorol\u00f3gicos y estudios clim\u00e1ticos.\" \/>\n<meta property=\"og:url\" content=\"https:\/\/sistecma.com.pe\/?product=hmp155\" \/>\n<meta property=\"og:site_name\" content=\"SISTECMA\" \/>\n<meta property=\"article:modified_time\" content=\"2024-08-25T21:47:10+00:00\" \/>\n<meta property=\"og:image\" content=\"https:\/\/sistecma.com.pe\/wp-content\/uploads\/2024\/08\/HMP155.jpg\" \/>\n\t<meta property=\"og:image:width\" content=\"650\" \/>\n\t<meta property=\"og:image:height\" content=\"365\" \/>\n\t<meta property=\"og:image:type\" content=\"image\/jpeg\" \/>\n<meta name=\"twitter:card\" content=\"summary_large_image\" \/>\n<meta name=\"twitter:label1\" content=\"Est. reading time\" \/>\n\t<meta name=\"twitter:data1\" content=\"1 minuto\" \/>\n<script type=\"application\/ld+json\" class=\"yoast-schema-graph\">{\"@context\":\"https:\/\/schema.org\",\"@graph\":[{\"@type\":\"WebPage\",\"@id\":\"https:\/\/sistecma.com.pe\/?product=hmp155\",\"url\":\"https:\/\/sistecma.com.pe\/?product=hmp155\",\"name\":\"Sensor de Temperatura y Humedad - HMP155 - SISTECMA\",\"isPartOf\":{\"@id\":\"https:\/\/sistecma.com.pe\/#website\"},\"primaryImageOfPage\":{\"@id\":\"https:\/\/sistecma.com.pe\/?product=hmp155#primaryimage\"},\"image\":{\"@id\":\"https:\/\/sistecma.com.pe\/?product=hmp155#primaryimage\"},\"thumbnailUrl\":\"https:\/\/sistecma.com.pe\/wp-content\/uploads\/2024\/08\/HMP155.jpg\",\"datePublished\":\"2024-08-16T22:40:21+00:00\",\"dateModified\":\"2024-08-25T21:47:10+00:00\",\"description\":\"El sensor permite una recopilaci\u00f3n continua de condiciones clim\u00e1ticas para pron\u00f3sticos a corto y largo plazo, an\u00e1lisis meteorol\u00f3gicos y estudios clim\u00e1ticos.\",\"breadcrumb\":{\"@id\":\"https:\/\/sistecma.com.pe\/?product=hmp155#breadcrumb\"},\"inLanguage\":\"es-PE\",\"potentialAction\":[{\"@type\":\"ReadAction\",\"target\":[\"https:\/\/sistecma.com.pe\/?product=hmp155\"]}]},{\"@type\":\"ImageObject\",\"inLanguage\":\"es-PE\",\"@id\":\"https:\/\/sistecma.com.pe\/?product=hmp155#primaryimage\",\"url\":\"https:\/\/sistecma.com.pe\/wp-content\/uploads\/2024\/08\/HMP155.jpg\",\"contentUrl\":\"https:\/\/sistecma.com.pe\/wp-content\/uploads\/2024\/08\/HMP155.jpg\",\"width\":650,\"height\":365},{\"@type\":\"BreadcrumbList\",\"@id\":\"https:\/\/sistecma.com.pe\/?product=hmp155#breadcrumb\",\"itemListElement\":[{\"@type\":\"ListItem\",\"position\":1,\"name\":\"Home\",\"item\":\"https:\/\/sistecma.com.pe\/\"},{\"@type\":\"ListItem\",\"position\":2,\"name\":\"Products\",\"item\":\"https:\/\/sistecma.com.pe\/?post_type=product\"},{\"@type\":\"ListItem\",\"position\":3,\"name\":\"Sensor de Temperatura y Humedad &#8211; HMP155\"}]},{\"@type\":\"WebSite\",\"@id\":\"https:\/\/sistecma.com.pe\/#website\",\"url\":\"https:\/\/sistecma.com.pe\/\",\"name\":\"SISTECMA\",\"description\":\"\",\"potentialAction\":[{\"@type\":\"SearchAction\",\"target\":{\"@type\":\"EntryPoint\",\"urlTemplate\":\"https:\/\/sistecma.com.pe\/?s={search_term_string}\"},\"query-input\":{\"@type\":\"PropertyValueSpecification\",\"valueRequired\":true,\"valueName\":\"search_term_string\"}}],\"inLanguage\":\"es-PE\"}]}<\/script>\n<!-- \/ Yoast SEO plugin. -->","yoast_head_json":{"title":"Sensor de Temperatura y Humedad - HMP155 - SISTECMA","description":"El sensor permite una recopilaci\u00f3n continua de condiciones clim\u00e1ticas para pron\u00f3sticos a corto y largo plazo, an\u00e1lisis meteorol\u00f3gicos y estudios clim\u00e1ticos.","robots":{"index":"index","follow":"follow","max-snippet":"max-snippet:-1","max-image-preview":"max-image-preview:large","max-video-preview":"max-video-preview:-1"},"canonical":"https:\/\/sistecma.com.pe\/?product=hmp155","og_locale":"es_ES","og_type":"article","og_title":"Sensor de Temperatura y Humedad - HMP155 - SISTECMA","og_description":"El sensor permite una recopilaci\u00f3n continua de condiciones clim\u00e1ticas para pron\u00f3sticos a corto y largo plazo, an\u00e1lisis meteorol\u00f3gicos y estudios clim\u00e1ticos.","og_url":"https:\/\/sistecma.com.pe\/?product=hmp155","og_site_name":"SISTECMA","article_modified_time":"2024-08-25T21:47:10+00:00","og_image":[{"width":650,"height":365,"url":"https:\/\/sistecma.com.pe\/wp-content\/uploads\/2024\/08\/HMP155.jpg","type":"image\/jpeg"}],"twitter_card":"summary_large_image","twitter_misc":{"Est. reading time":"1 minuto"},"schema":{"@context":"https:\/\/schema.org","@graph":[{"@type":"WebPage","@id":"https:\/\/sistecma.com.pe\/?product=hmp155","url":"https:\/\/sistecma.com.pe\/?product=hmp155","name":"Sensor de Temperatura y Humedad - HMP155 - SISTECMA","isPartOf":{"@id":"https:\/\/sistecma.com.pe\/#website"},"primaryImageOfPage":{"@id":"https:\/\/sistecma.com.pe\/?product=hmp155#primaryimage"},"image":{"@id":"https:\/\/sistecma.com.pe\/?product=hmp155#primaryimage"},"thumbnailUrl":"https:\/\/sistecma.com.pe\/wp-content\/uploads\/2024\/08\/HMP155.jpg","datePublished":"2024-08-16T22:40:21+00:00","dateModified":"2024-08-25T21:47:10+00:00","description":"El sensor permite una recopilaci\u00f3n continua de condiciones clim\u00e1ticas para pron\u00f3sticos a corto y largo plazo, an\u00e1lisis meteorol\u00f3gicos y estudios clim\u00e1ticos.","breadcrumb":{"@id":"https:\/\/sistecma.com.pe\/?product=hmp155#breadcrumb"},"inLanguage":"es-PE","potentialAction":[{"@type":"ReadAction","target":["https:\/\/sistecma.com.pe\/?product=hmp155"]}]},{"@type":"ImageObject","inLanguage":"es-PE","@id":"https:\/\/sistecma.com.pe\/?product=hmp155#primaryimage","url":"https:\/\/sistecma.com.pe\/wp-content\/uploads\/2024\/08\/HMP155.jpg","contentUrl":"https:\/\/sistecma.com.pe\/wp-content\/uploads\/2024\/08\/HMP155.jpg","width":650,"height":365},{"@type":"BreadcrumbList","@id":"https:\/\/sistecma.com.pe\/?product=hmp155#breadcrumb","itemListElement":[{"@type":"ListItem","position":1,"name":"Home","item":"https:\/\/sistecma.com.pe\/"},{"@type":"ListItem","position":2,"name":"Products","item":"https:\/\/sistecma.com.pe\/?post_type=product"},{"@type":"ListItem","position":3,"name":"Sensor de Temperatura y Humedad &#8211; HMP155"}]},{"@type":"WebSite","@id":"https:\/\/sistecma.com.pe\/#website","url":"https:\/\/sistecma.com.pe\/","name":"SISTECMA","description":"","potentialAction":[{"@type":"SearchAction","target":{"@type":"EntryPoint","urlTemplate":"https:\/\/sistecma.com.pe\/?s={search_term_string}"},"query-input":{"@type":"PropertyValueSpecification","valueRequired":true,"valueName":"search_term_string"}}],"inLanguage":"es-PE"}]}},"_links":{"self":[{"href":"https:\/\/sistecma.com.pe\/index.php?rest_route=\/wp\/v2\/product\/383","targetHints":{"allow":["GET"]}}],"collection":[{"href":"https:\/\/sistecma.com.pe\/index.php?rest_route=\/wp\/v2\/product"}],"about":[{"href":"https:\/\/sistecma.com.pe\/index.php?rest_route=\/wp\/v2\/types\/product"}],"replies":[{"embeddable":true,"href":"https:\/\/sistecma.com.pe\/index.php?rest_route=%2Fwp%2Fv2%2Fcomments&post=383"}],"wp:featuredmedia":[{"embeddable":true,"href":"https:\/\/sistecma.com.pe\/index.php?rest_route=\/wp\/v2\/media\/560"}],"wp:attachment":[{"href":"https:\/\/sistecma.com.pe\/index.php?rest_route=%2Fwp%2Fv2%2Fmedia&parent=383"}],"wp:term":[{"taxonomy":"product_cat","embeddable":true,"href":"https:\/\/sistecma.com.pe\/index.php?rest_route=%2Fwp%2Fv2%2Fproduct_cat&post=383"},{"taxonomy":"product_tag","embeddable":true,"href":"https:\/\/sistecma.com.pe\/index.php?rest_route=%2Fwp%2Fv2%2Fproduct_tag&post=383"}],"curies":[{"name":"wp","href":"https:\/\/api.w.org\/{rel}","templated":true}]}}